{"id":764,"date":"2024-02-15T09:21:58","date_gmt":"2024-02-15T07:21:58","guid":{"rendered":"https:\/\/davinci.ee\/illy-ja-dammann\/?page_id=764"},"modified":"2024-04-23T13:18:21","modified_gmt":"2024-04-23T10:18:21","slug":"kasutusjuhendid","status":"publish","type":"page","link":"https:\/\/davinci.ee\/illy-ja-dammann\/kasutusjuhendid\/","title":{"rendered":"Kasutusjuhendid"},"content":{"rendered":"\n<div class=\"illy-wrapper even bottom-sections\" style=\"background-color: #F4F4F4\">\n    <div class=\"left-side block\">\n        <img decoding=\"async\" src=\"https:\/\/davinci.ee\/illy-ja-dammann\/wp-content\/uploads\/sites\/4\/2024\/02\/la-spaziale-s40-suprema-3-group.jpg\" alt=\"\">\n    <\/div>\n    <div class=\"right-side \">\n        <div class=\"content-wrap\" style='max-width: 635px'>\n            <h2 style='color: #313131' class=\"title block background-changed\">Kasutusjuhendid<\/h2>\n            <div style='color: #313131' class=\"text block background-changed\"><p>Siit leiad juhendid k\u00f5ikide espressomasinate jaoks, isegi nende jaoks, mida me enam ei m\u00fc\u00fc. Vajuta nupule ja lae alla!<\/p>\n<p>Kui sul tekib k\u00fcsimusi v\u00f5i erisoove, v\u00f5id meile kirjutada aadressil <a href=\"mailto:sales@davincifood.ee\">sales@davincifood.ee<\/a><\/p>\n<\/div>\n                    <\/div>\n    <\/div>\n<\/div>\n\n<div class=\"block block-accordion gutters\" role=\"document\" itemscope=\"\" itemtype=\"https:\/\/schema.org\/FAQPage\"><div class=\"container\"><div class=\"accordion-wrap\"><div class=\"toggler\" itemscope=\"\" itemprop=\"mainEntity\" itemtype=\"https:\/\/schema.org\/Question\"><div class=\"trigger\" itemprop=\"name\">La Spaziale espressomasinate kasutusjuhendid<span><\/span><\/div><div class=\"answer\" style=\"display: none;\" itemscope=\"\" itemprop=\"acceptedAnswer\" itemtype=\"https:\/\/schema.org\/Answer\"><div itemprop=\"text\"><p><a href=\"https:\/\/davinci.ee\/illy-ja-dammann\/wp-content\/uploads\/sites\/4\/2024\/02\/la-spaziale-s5-ek_compact-manuaal.pdf\">La Spaziale S5EK\/Compact Manuaal (PDF)<\/a><\/p>\n<p><a href=\"https:\/\/davinci.ee\/illy-ja-dammann\/wp-content\/uploads\/sites\/4\/2024\/02\/s21-spazio-manuaal.pdf\">La Spaziale S21 Manuaal (PDF)<\/a><\/p>\n<p><a href=\"https:\/\/davinci.ee\/illy-ja-dammann\/wp-content\/uploads\/sites\/4\/2024\/02\/la-spaziale-s40-manuaal.pdf\">La Spaziale S40\/Take away manuaal (PDF)<\/a><\/p>\n<\/div><\/div><\/div><div class=\"toggler\" itemscope=\"\" itemprop=\"mainEntity\" itemtype=\"https:\/\/schema.org\/Question\"><div class=\"trigger\" itemprop=\"name\">illy kohvimasinate kasutusjuhendid<span><\/span><\/div><div class=\"answer\" style=\"display: none;\" itemscope=\"\" itemprop=\"acceptedAnswer\" itemtype=\"https:\/\/schema.org\/Answer\"><div itemprop=\"text\"><p><a href=\"https:\/\/davinci.ee\/illy-ja-dammann\/wp-content\/uploads\/sites\/4\/2024\/02\/x2.2_manuaal.pdf\">illy X2.2 Manuaal\/<\/a><a href=\"https:\/\/davinci.ee\/illy-ja-dammann\/wp-content\/uploads\/sites\/4\/2024\/02\/x2.2_probleemid-lahendused.pdf\">Probleemid ja lahendused (PDF)<\/a><\/p>\n<p><a href=\"https:\/\/davinci.ee\/illy-ja-dammann\/wp-content\/uploads\/sites\/4\/2024\/02\/y3.3_manuaal.pdf\">illy Y3.3 Manuaal\/<\/a><a href=\"https:\/\/davinci.ee\/illy-ja-dammann\/wp-content\/uploads\/sites\/4\/2024\/02\/y3.3_probleemid-lahendused_est.pdf\">Probleemid ja lahendused (PDF)<\/a><\/p>\n<p><a href=\"https:\/\/davinci.ee\/illy-ja-dammann\/wp-content\/uploads\/sites\/4\/2024\/02\/x7.1_manuaal.pdf\">illy X7.1 Manuaal\/<\/a><a href=\"https:\/\/davinci.ee\/illy-ja-dammann\/wp-content\/uploads\/sites\/4\/2024\/02\/x7.1_probleemid-lahendused_est.pdf\">Probleemid ja lahendused (PDF)<\/a><\/p>\n<\/div><\/div><\/div><div class=\"toggler\" itemscope=\"\" itemprop=\"mainEntity\" itemtype=\"https:\/\/schema.org\/Question\"><div class=\"trigger\" itemprop=\"name\">Kalerm automaatmasinate kasutusjuhendid<span><\/span><\/div><div class=\"answer\" style=\"display: none;\" itemscope=\"\" itemprop=\"acceptedAnswer\" itemtype=\"https:\/\/schema.org\/Answer\"><div itemprop=\"text\"><p><a href=\"https:\/\/davinci.ee\/illy-ja-dammann\/wp-content\/uploads\/sites\/4\/2024\/02\/kalerm-k2601_manuaal.pdf\">Kalerm K2601 Manuaal (PDF)<\/a><\/p>\n<p><a href=\"https:\/\/davinci.ee\/illy-ja-dammann\/wp-content\/uploads\/sites\/4\/2024\/02\/kalerm-k95l_manuaal.pdf\">Kalerm K95L Manuaal (PDF)<\/a><\/p>\n<\/div><\/div><\/div><div class=\"toggler\" itemscope=\"\" itemprop=\"mainEntity\" itemtype=\"https:\/\/schema.org\/Question\"><div class=\"trigger\" itemprop=\"name\">Puhastusvideod<span><\/span><\/div><div class=\"answer\" style=\"display: none;\" itemscope=\"\" itemprop=\"acceptedAnswer\" itemtype=\"https:\/\/schema.org\/Answer\"><div itemprop=\"text\"><p><a href=\"\/wp-content\/uploads\/video\/X2.2_puhastamine.mp4\" target=\"_blank\" rel=\"noopener\">illy X2.2\u00a0puhastusvideo<\/a><\/p>\n<p><a href=\"\/wp-content\/uploads\/video\/Y3.3_puhastamine.mp4\" target=\"_blank\" rel=\"noopener\">illy Y3.3 puhastusvideo<\/a><\/p>\n<p><a href=\"\/wp-content\/uploads\/video\/X7.1_masina puhastus.mp4\" target=\"_blank\" rel=\"noopener\">illy X7.1 puhastusvideo<\/a><\/p>\n<\/div><\/div><\/div><\/div><\/div><\/div>","protected":false},"excerpt":{"rendered":"","protected":false},"author":2,"featured_media":0,"parent":0,"menu_order":0,"comment_status":"closed","ping_status":"closed","template":"page-templates\/white.php","meta":{"_acf_changed":false,"footnotes":""},"class_list":["post-764","page","type-page","status-publish","hentry"],"acf":[],"yoast_head":"<!-- This site is optimized with the Yoast SEO plugin v27.4 - https:\/\/yoast.com\/product\/yoast-seo-wordpress\/ -->\n<title>Kasutusjuhendid - Illy ja Dammann<\/title>\n<meta name=\"robots\" content=\"index, follow, max-snippet:-1, max-image-preview:large, max-video-preview:-1\" \/>\n<link rel=\"canonical\" href=\"https:\/\/davinci.ee\/illy-ja-dammann\/kasutusjuhendid\/\" \/>\n<meta property=\"og:locale\" content=\"en_US\" \/>\n<meta property=\"og:type\" content=\"article\" \/>\n<meta property=\"og:title\" content=\"Kasutusjuhendid - Illy ja Dammann\" \/>\n<meta property=\"og:url\" content=\"https:\/\/davinci.ee\/illy-ja-dammann\/kasutusjuhendid\/\" \/>\n<meta property=\"og:site_name\" content=\"Illy ja Dammann\" \/>\n<meta property=\"article:modified_time\" content=\"2024-04-23T10:18:21+00:00\" \/>\n<meta name=\"twitter:card\" content=\"summary_large_image\" \/>\n<script type=\"application\/ld+json\" class=\"yoast-schema-graph\">{\"@context\":\"https:\\\/\\\/schema.org\",\"@graph\":[{\"@type\":\"WebPage\",\"@id\":\"https:\\\/\\\/davinci.ee\\\/illy-ja-dammann\\\/kasutusjuhendid\\\/\",\"url\":\"https:\\\/\\\/davinci.ee\\\/illy-ja-dammann\\\/kasutusjuhendid\\\/\",\"name\":\"Kasutusjuhendid - Illy ja Dammann\",\"isPartOf\":{\"@id\":\"https:\\\/\\\/davinci.ee\\\/illy-ja-dammann\\\/#website\"},\"datePublished\":\"2024-02-15T07:21:58+00:00\",\"dateModified\":\"2024-04-23T10:18:21+00:00\",\"breadcrumb\":{\"@id\":\"https:\\\/\\\/davinci.ee\\\/illy-ja-dammann\\\/kasutusjuhendid\\\/#breadcrumb\"},\"inLanguage\":\"en-US\",\"potentialAction\":[{\"@type\":\"ReadAction\",\"target\":[\"https:\\\/\\\/davinci.ee\\\/illy-ja-dammann\\\/kasutusjuhendid\\\/\"]}]},{\"@type\":\"BreadcrumbList\",\"@id\":\"https:\\\/\\\/davinci.ee\\\/illy-ja-dammann\\\/kasutusjuhendid\\\/#breadcrumb\",\"itemListElement\":[{\"@type\":\"ListItem\",\"position\":1,\"name\":\"Home\",\"item\":\"https:\\\/\\\/davinci.ee\\\/illy-ja-dammann\\\/\"},{\"@type\":\"ListItem\",\"position\":2,\"name\":\"Kasutusjuhendid\"}]},{\"@type\":\"WebSite\",\"@id\":\"https:\\\/\\\/davinci.ee\\\/illy-ja-dammann\\\/#website\",\"url\":\"https:\\\/\\\/davinci.ee\\\/illy-ja-dammann\\\/\",\"name\":\"Illy ja Dammann\",\"description\":\"\",\"potentialAction\":[{\"@type\":\"SearchAction\",\"target\":{\"@type\":\"EntryPoint\",\"urlTemplate\":\"https:\\\/\\\/davinci.ee\\\/illy-ja-dammann\\\/?s={search_term_string}\"},\"query-input\":{\"@type\":\"PropertyValueSpecification\",\"valueRequired\":true,\"valueName\":\"search_term_string\"}}],\"inLanguage\":\"en-US\"}]}<\/script>\n<!-- \/ Yoast SEO plugin. -->","yoast_head_json":{"title":"Kasutusjuhendid - Illy ja Dammann","robots":{"index":"index","follow":"follow","max-snippet":"max-snippet:-1","max-image-preview":"max-image-preview:large","max-video-preview":"max-video-preview:-1"},"canonical":"https:\/\/davinci.ee\/illy-ja-dammann\/kasutusjuhendid\/","og_locale":"en_US","og_type":"article","og_title":"Kasutusjuhendid - Illy ja Dammann","og_url":"https:\/\/davinci.ee\/illy-ja-dammann\/kasutusjuhendid\/","og_site_name":"Illy ja Dammann","article_modified_time":"2024-04-23T10:18:21+00:00","twitter_card":"summary_large_image","schema":{"@context":"https:\/\/schema.org","@graph":[{"@type":"WebPage","@id":"https:\/\/davinci.ee\/illy-ja-dammann\/kasutusjuhendid\/","url":"https:\/\/davinci.ee\/illy-ja-dammann\/kasutusjuhendid\/","name":"Kasutusjuhendid - Illy ja Dammann","isPartOf":{"@id":"https:\/\/davinci.ee\/illy-ja-dammann\/#website"},"datePublished":"2024-02-15T07:21:58+00:00","dateModified":"2024-04-23T10:18:21+00:00","breadcrumb":{"@id":"https:\/\/davinci.ee\/illy-ja-dammann\/kasutusjuhendid\/#breadcrumb"},"inLanguage":"en-US","potentialAction":[{"@type":"ReadAction","target":["https:\/\/davinci.ee\/illy-ja-dammann\/kasutusjuhendid\/"]}]},{"@type":"BreadcrumbList","@id":"https:\/\/davinci.ee\/illy-ja-dammann\/kasutusjuhendid\/#breadcrumb","itemListElement":[{"@type":"ListItem","position":1,"name":"Home","item":"https:\/\/davinci.ee\/illy-ja-dammann\/"},{"@type":"ListItem","position":2,"name":"Kasutusjuhendid"}]},{"@type":"WebSite","@id":"https:\/\/davinci.ee\/illy-ja-dammann\/#website","url":"https:\/\/davinci.ee\/illy-ja-dammann\/","name":"Illy ja Dammann","description":"","potentialAction":[{"@type":"SearchAction","target":{"@type":"EntryPoint","urlTemplate":"https:\/\/davinci.ee\/illy-ja-dammann\/?s={search_term_string}"},"query-input":{"@type":"PropertyValueSpecification","valueRequired":true,"valueName":"search_term_string"}}],"inLanguage":"en-US"}]}},"_links":{"self":[{"href":"https:\/\/davinci.ee\/illy-ja-dammann\/wp-json\/wp\/v2\/pages\/764","targetHints":{"allow":["GET"]}}],"collection":[{"href":"https:\/\/davinci.ee\/illy-ja-dammann\/wp-json\/wp\/v2\/pages"}],"about":[{"href":"https:\/\/davinci.ee\/illy-ja-dammann\/wp-json\/wp\/v2\/types\/page"}],"author":[{"embeddable":true,"href":"https:\/\/davinci.ee\/illy-ja-dammann\/wp-json\/wp\/v2\/users\/2"}],"replies":[{"embeddable":true,"href":"https:\/\/davinci.ee\/illy-ja-dammann\/wp-json\/wp\/v2\/comments?post=764"}],"version-history":[{"count":10,"href":"https:\/\/davinci.ee\/illy-ja-dammann\/wp-json\/wp\/v2\/pages\/764\/revisions"}],"predecessor-version":[{"id":820,"href":"https:\/\/davinci.ee\/illy-ja-dammann\/wp-json\/wp\/v2\/pages\/764\/revisions\/820"}],"wp:attachment":[{"href":"https:\/\/davinci.ee\/illy-ja-dammann\/wp-json\/wp\/v2\/media?parent=764"}],"curies":[{"name":"wp","href":"https:\/\/api.w.org\/{rel}","templated":true}]}}