{"id":730,"date":"2024-02-12T15:46:37","date_gmt":"2024-02-12T13:46:37","guid":{"rendered":"https:\/\/davinci.ee\/illy-ja-dammann\/?page_id=730"},"modified":"2024-02-13T09:30:57","modified_gmt":"2024-02-13T07:30:57","slug":"illy-crema","status":"publish","type":"page","link":"https:\/\/davinci.ee\/illy-ja-dammann\/illy-crema\/","title":{"rendered":"Illy Crema"},"content":{"rendered":"\n<div class=\"illy-wrapper even bottom-sections\" style=\"background-color: #F4F4F4\">\n    <div class=\"left-side block\">\n        <img decoding=\"async\" src=\"https:\/\/davinci.ee\/illy-ja-dammann\/wp-content\/uploads\/sites\/4\/2024\/02\/crema.png\" alt=\"\">\n    <\/div>\n    <div class=\"right-side \">\n        <div class=\"content-wrap\" style='max-width: 630px'>\n            <h2 style='color: #313131' class=\"title block background-changed\">Illy Crema \u2013 Ideaalne<br>Kohvijook Suveks!<\/h2>\n            <div style='color: #313131' class=\"text block background-changed\"><p>Tutvustame meie v\u00e4rskendavat kohvijooki &#8211; Illy Crema, suve t\u00e4iuslik kaaslane! Kui p\u00e4ikese kiired hakkavad kuumaks muutuma, pakume midagi erilist, jahutavat ja maitsvat.<\/p>\n<\/div>\n                    <\/div>\n    <\/div>\n<\/div>\n\n\n<div style=\"height:73px\" aria-hidden=\"true\" class=\"wp-block-spacer\"><\/div>\n\n\n\n<div class=\"wp-block-columns is-layout-flex wp-container-core-columns-is-layout-9d6595d7 wp-block-columns-is-layout-flex\">\n<div class=\"wp-block-column is-layout-flow wp-block-column-is-layout-flow\" style=\"flex-basis:720px\"><div class=\"block block-heading gutters\">\n<h3 class=\"wp-block-heading\">Miks Illy Crema?<\/h3>\n<\/div>\n\n<div class=\"block block-paragraph gutters\">\n<p>Illy Crema on k\u00f5ike, mida soovid suvekohvilt: kreemjas, rikkaliku maitsega ja v\u00e4rske. See unikaalne jook koosneb Illy Crema valmissegust ja piimast, serveeritakse meie eksklusiivses Illy Crema klaasis. Tegemist on k\u00f5rgekvaliteedilise joogiga, mis ei sisalda h\u00fcdrogeenitud rasvu, v\u00e4rvaineid ega s\u00e4ilitusaineid. Illy Crema on 100% Arabica &#8211; parimast parim!<\/p>\n<\/div>\n\n<div class=\"block block-heading gutters\">\n<h3 class=\"wp-block-heading\">Valmistamine<\/h3>\n<\/div>\n\n<div class=\"block block-paragraph gutters\">\n<p>Illy Crema valmistamine on imelihtne spetsiaalses Granita masinas:<\/p>\n<\/div>\n\n<div class=\"block block-list gutters\">\n<ol class=\"wp-block-list\">\n<li>Sega omavahel 1 liiter piima ja Illy Crema valmissegust (330 gr).<\/li>\n\n\n\n<li>Vala segu masinasse.<\/li>\n\n\n\n<li>50 minutit hiljem on Illy Crema valmis.<\/li>\n\n\n\n<li>Vala jook masinast otse Illy Crema klaasi ning serveeri kliendile (1 kogus on piisav 25 tassi jaoks).<\/li>\n\n\n\n<li>Serveeri jook 3 p\u00e4eva jooksul v\u00f5i j\u00e4lgige piima s\u00e4ilivusaega ja serveerige kuni piima s\u00e4ilivusaja l\u00f5puni.<\/li>\n<\/ol>\n<\/div>\n\n<div class=\"block block-paragraph gutters\">\n<p><strong>Huvikorral v\u00f5tke meiega \u00fchendust!<br>+372 6 81 00 00<br>K\u00f5nedele vastame E-R 9.00-17.00, L-P oleme suletud<br><a href=\"mailto:sales@davincifood.ee\">sales@davincifood.ee<\/a><\/strong><\/p>\n<\/div><\/div>\n\n\n\n<div class=\"wp-block-column is-layout-flow wp-block-column-is-layout-flow\" style=\"flex-basis:573px\"><div class=\"wp-block-image is-style-default\">\n<figure class=\"aligncenter size-full\"><img loading=\"lazy\" decoding=\"async\" width=\"493\" height=\"749\" src=\"https:\/\/davinci.ee\/illy-ja-dammann\/wp-content\/uploads\/sites\/4\/2024\/02\/crema2.png\" alt=\"\" class=\"wp-image-739\" srcset=\"https:\/\/davinci.ee\/illy-ja-dammann\/wp-content\/uploads\/sites\/4\/2024\/02\/crema2.png 493w, https:\/\/davinci.ee\/illy-ja-dammann\/wp-content\/uploads\/sites\/4\/2024\/02\/crema2-197x300.png 197w, https:\/\/davinci.ee\/illy-ja-dammann\/wp-content\/uploads\/sites\/4\/2024\/02\/crema2-144x219.png 144w\" sizes=\"auto, (max-width: 493px) 100vw, 493px\" \/><\/figure><\/div><\/div>\n<\/div>\n\n\n\n<div style=\"height:150px\" aria-hidden=\"true\" class=\"wp-block-spacer\"><\/div>\n","protected":false},"excerpt":{"rendered":"<p>Miks Illy Crema? Illy Crema on k\u00f5ike, mida soovid suvekohvilt: kreemjas, rikkaliku maitsega ja v\u00e4rske. See unikaalne jook koosneb Illy Crema valmissegust ja piimast, serveeritakse meie eksklusiivses Illy Crema klaasis. Tegemist on k\u00f5rgekvaliteedilise joogiga, mis ei sisalda h\u00fcdrogeenitud rasvu, v\u00e4rvaineid ega s\u00e4ilitusaineid. Illy Crema on 100% Arabica &#8211; parimast parim! Valmistamine Illy Crema valmistamine on [&hellip;]<\/p>\n","protected":false},"author":2,"featured_media":0,"parent":0,"menu_order":0,"comment_status":"closed","ping_status":"closed","template":"page-templates\/white.php","meta":{"_acf_changed":false,"footnotes":""},"class_list":["post-730","page","type-page","status-publish","hentry"],"acf":[],"yoast_head":"<!-- This site is optimized with the Yoast SEO plugin v27.4 - https:\/\/yoast.com\/product\/yoast-seo-wordpress\/ -->\n<title>Illy Crema - Illy ja Dammann<\/title>\n<meta name=\"robots\" content=\"index, follow, max-snippet:-1, max-image-preview:large, max-video-preview:-1\" \/>\n<link rel=\"canonical\" href=\"https:\/\/davinci.ee\/illy-ja-dammann\/illy-crema\/\" \/>\n<meta property=\"og:locale\" content=\"en_US\" \/>\n<meta property=\"og:type\" content=\"article\" \/>\n<meta property=\"og:title\" content=\"Illy Crema - Illy ja Dammann\" \/>\n<meta property=\"og:description\" content=\"Miks Illy Crema? Illy Crema on k\u00f5ike, mida soovid suvekohvilt: kreemjas, rikkaliku maitsega ja v\u00e4rske. See unikaalne jook koosneb Illy Crema valmissegust ja piimast, serveeritakse meie eksklusiivses Illy Crema klaasis. Tegemist on k\u00f5rgekvaliteedilise joogiga, mis ei sisalda h\u00fcdrogeenitud rasvu, v\u00e4rvaineid ega s\u00e4ilitusaineid. Illy Crema on 100% Arabica &#8211; parimast parim! Valmistamine Illy Crema valmistamine on [&hellip;]\" \/>\n<meta property=\"og:url\" content=\"https:\/\/davinci.ee\/illy-ja-dammann\/illy-crema\/\" \/>\n<meta property=\"og:site_name\" content=\"Illy ja Dammann\" \/>\n<meta property=\"article:modified_time\" content=\"2024-02-13T07:30:57+00:00\" \/>\n<meta property=\"og:image\" content=\"https:\/\/davinci.ee\/illy-ja-dammann\/wp-content\/uploads\/sites\/4\/2024\/02\/crema2.png\" \/>\n<meta name=\"twitter:card\" content=\"summary_large_image\" \/>\n<meta name=\"twitter:label1\" content=\"Est. reading time\" \/>\n\t<meta name=\"twitter:data1\" content=\"1 minute\" \/>\n<script type=\"application\/ld+json\" class=\"yoast-schema-graph\">{\"@context\":\"https:\\\/\\\/schema.org\",\"@graph\":[{\"@type\":\"WebPage\",\"@id\":\"https:\\\/\\\/davinci.ee\\\/illy-ja-dammann\\\/illy-crema\\\/\",\"url\":\"https:\\\/\\\/davinci.ee\\\/illy-ja-dammann\\\/illy-crema\\\/\",\"name\":\"Illy Crema - Illy ja Dammann\",\"isPartOf\":{\"@id\":\"https:\\\/\\\/davinci.ee\\\/illy-ja-dammann\\\/#website\"},\"primaryImageOfPage\":{\"@id\":\"https:\\\/\\\/davinci.ee\\\/illy-ja-dammann\\\/illy-crema\\\/#primaryimage\"},\"image\":{\"@id\":\"https:\\\/\\\/davinci.ee\\\/illy-ja-dammann\\\/illy-crema\\\/#primaryimage\"},\"thumbnailUrl\":\"https:\\\/\\\/davinci.ee\\\/illy-ja-dammann\\\/wp-content\\\/uploads\\\/sites\\\/4\\\/2024\\\/02\\\/crema2.png\",\"datePublished\":\"2024-02-12T13:46:37+00:00\",\"dateModified\":\"2024-02-13T07:30:57+00:00\",\"breadcrumb\":{\"@id\":\"https:\\\/\\\/davinci.ee\\\/illy-ja-dammann\\\/illy-crema\\\/#breadcrumb\"},\"inLanguage\":\"en-US\",\"potentialAction\":[{\"@type\":\"ReadAction\",\"target\":[\"https:\\\/\\\/davinci.ee\\\/illy-ja-dammann\\\/illy-crema\\\/\"]}]},{\"@type\":\"ImageObject\",\"inLanguage\":\"en-US\",\"@id\":\"https:\\\/\\\/davinci.ee\\\/illy-ja-dammann\\\/illy-crema\\\/#primaryimage\",\"url\":\"https:\\\/\\\/davinci.ee\\\/illy-ja-dammann\\\/wp-content\\\/uploads\\\/sites\\\/4\\\/2024\\\/02\\\/crema2.png\",\"contentUrl\":\"https:\\\/\\\/davinci.ee\\\/illy-ja-dammann\\\/wp-content\\\/uploads\\\/sites\\\/4\\\/2024\\\/02\\\/crema2.png\",\"width\":493,\"height\":749},{\"@type\":\"BreadcrumbList\",\"@id\":\"https:\\\/\\\/davinci.ee\\\/illy-ja-dammann\\\/illy-crema\\\/#breadcrumb\",\"itemListElement\":[{\"@type\":\"ListItem\",\"position\":1,\"name\":\"Home\",\"item\":\"https:\\\/\\\/davinci.ee\\\/illy-ja-dammann\\\/\"},{\"@type\":\"ListItem\",\"position\":2,\"name\":\"Illy Crema\"}]},{\"@type\":\"WebSite\",\"@id\":\"https:\\\/\\\/davinci.ee\\\/illy-ja-dammann\\\/#website\",\"url\":\"https:\\\/\\\/davinci.ee\\\/illy-ja-dammann\\\/\",\"name\":\"Illy ja Dammann\",\"description\":\"\",\"potentialAction\":[{\"@type\":\"SearchAction\",\"target\":{\"@type\":\"EntryPoint\",\"urlTemplate\":\"https:\\\/\\\/davinci.ee\\\/illy-ja-dammann\\\/?s={search_term_string}\"},\"query-input\":{\"@type\":\"PropertyValueSpecification\",\"valueRequired\":true,\"valueName\":\"search_term_string\"}}],\"inLanguage\":\"en-US\"}]}<\/script>\n<!-- \/ Yoast SEO plugin. -->","yoast_head_json":{"title":"Illy Crema - Illy ja Dammann","robots":{"index":"index","follow":"follow","max-snippet":"max-snippet:-1","max-image-preview":"max-image-preview:large","max-video-preview":"max-video-preview:-1"},"canonical":"https:\/\/davinci.ee\/illy-ja-dammann\/illy-crema\/","og_locale":"en_US","og_type":"article","og_title":"Illy Crema - Illy ja Dammann","og_description":"Miks Illy Crema? Illy Crema on k\u00f5ike, mida soovid suvekohvilt: kreemjas, rikkaliku maitsega ja v\u00e4rske. See unikaalne jook koosneb Illy Crema valmissegust ja piimast, serveeritakse meie eksklusiivses Illy Crema klaasis. Tegemist on k\u00f5rgekvaliteedilise joogiga, mis ei sisalda h\u00fcdrogeenitud rasvu, v\u00e4rvaineid ega s\u00e4ilitusaineid. Illy Crema on 100% Arabica &#8211; parimast parim! Valmistamine Illy Crema valmistamine on [&hellip;]","og_url":"https:\/\/davinci.ee\/illy-ja-dammann\/illy-crema\/","og_site_name":"Illy ja Dammann","article_modified_time":"2024-02-13T07:30:57+00:00","og_image":[{"url":"https:\/\/davinci.ee\/illy-ja-dammann\/wp-content\/uploads\/sites\/4\/2024\/02\/crema2.png","type":"","width":"","height":""}],"twitter_card":"summary_large_image","twitter_misc":{"Est. reading time":"1 minute"},"schema":{"@context":"https:\/\/schema.org","@graph":[{"@type":"WebPage","@id":"https:\/\/davinci.ee\/illy-ja-dammann\/illy-crema\/","url":"https:\/\/davinci.ee\/illy-ja-dammann\/illy-crema\/","name":"Illy Crema - Illy ja Dammann","isPartOf":{"@id":"https:\/\/davinci.ee\/illy-ja-dammann\/#website"},"primaryImageOfPage":{"@id":"https:\/\/davinci.ee\/illy-ja-dammann\/illy-crema\/#primaryimage"},"image":{"@id":"https:\/\/davinci.ee\/illy-ja-dammann\/illy-crema\/#primaryimage"},"thumbnailUrl":"https:\/\/davinci.ee\/illy-ja-dammann\/wp-content\/uploads\/sites\/4\/2024\/02\/crema2.png","datePublished":"2024-02-12T13:46:37+00:00","dateModified":"2024-02-13T07:30:57+00:00","breadcrumb":{"@id":"https:\/\/davinci.ee\/illy-ja-dammann\/illy-crema\/#breadcrumb"},"inLanguage":"en-US","potentialAction":[{"@type":"ReadAction","target":["https:\/\/davinci.ee\/illy-ja-dammann\/illy-crema\/"]}]},{"@type":"ImageObject","inLanguage":"en-US","@id":"https:\/\/davinci.ee\/illy-ja-dammann\/illy-crema\/#primaryimage","url":"https:\/\/davinci.ee\/illy-ja-dammann\/wp-content\/uploads\/sites\/4\/2024\/02\/crema2.png","contentUrl":"https:\/\/davinci.ee\/illy-ja-dammann\/wp-content\/uploads\/sites\/4\/2024\/02\/crema2.png","width":493,"height":749},{"@type":"BreadcrumbList","@id":"https:\/\/davinci.ee\/illy-ja-dammann\/illy-crema\/#breadcrumb","itemListElement":[{"@type":"ListItem","position":1,"name":"Home","item":"https:\/\/davinci.ee\/illy-ja-dammann\/"},{"@type":"ListItem","position":2,"name":"Illy Crema"}]},{"@type":"WebSite","@id":"https:\/\/davinci.ee\/illy-ja-dammann\/#website","url":"https:\/\/davinci.ee\/illy-ja-dammann\/","name":"Illy ja Dammann","description":"","potentialAction":[{"@type":"SearchAction","target":{"@type":"EntryPoint","urlTemplate":"https:\/\/davinci.ee\/illy-ja-dammann\/?s={search_term_string}"},"query-input":{"@type":"PropertyValueSpecification","valueRequired":true,"valueName":"search_term_string"}}],"inLanguage":"en-US"}]}},"_links":{"self":[{"href":"https:\/\/davinci.ee\/illy-ja-dammann\/wp-json\/wp\/v2\/pages\/730","targetHints":{"allow":["GET"]}}],"collection":[{"href":"https:\/\/davinci.ee\/illy-ja-dammann\/wp-json\/wp\/v2\/pages"}],"about":[{"href":"https:\/\/davinci.ee\/illy-ja-dammann\/wp-json\/wp\/v2\/types\/page"}],"author":[{"embeddable":true,"href":"https:\/\/davinci.ee\/illy-ja-dammann\/wp-json\/wp\/v2\/users\/2"}],"replies":[{"embeddable":true,"href":"https:\/\/davinci.ee\/illy-ja-dammann\/wp-json\/wp\/v2\/comments?post=730"}],"version-history":[{"count":17,"href":"https:\/\/davinci.ee\/illy-ja-dammann\/wp-json\/wp\/v2\/pages\/730\/revisions"}],"predecessor-version":[{"id":757,"href":"https:\/\/davinci.ee\/illy-ja-dammann\/wp-json\/wp\/v2\/pages\/730\/revisions\/757"}],"wp:attachment":[{"href":"https:\/\/davinci.ee\/illy-ja-dammann\/wp-json\/wp\/v2\/media?parent=730"}],"curies":[{"name":"wp","href":"https:\/\/api.w.org\/{rel}","templated":true}]}}