{"id":697,"date":"2024-02-12T09:30:37","date_gmt":"2024-02-12T07:30:37","guid":{"rendered":"https:\/\/davinci.ee\/illy-ja-dammann\/?page_id=697"},"modified":"2024-02-12T11:24:31","modified_gmt":"2024-02-12T09:24:31","slug":"teelahendused","status":"publish","type":"page","link":"https:\/\/davinci.ee\/illy-ja-dammann\/teelahendused\/","title":{"rendered":"Teelahendused"},"content":{"rendered":"\n<div class=\"illy-wrapper even bottom-sections\" style=\"background-color: #F4F4F4\">\n    <div class=\"left-side block\">\n        <img decoding=\"async\" src=\"https:\/\/davinci.ee\/illy-ja-dammann\/wp-content\/uploads\/sites\/4\/2024\/02\/latta-dammann_720x360-2.jpg\" alt=\"\">\n    <\/div>\n    <div class=\"right-side \">\n        <div class=\"content-wrap\" style='max-width: 614px'>\n            <h2 style='color: #313131' class=\"title block background-changed\">Teelahendused<\/h2>\n            <div style='color: #313131' class=\"text block background-changed\"><p>Kas teadsite, et erinevate teesortide jaoks on oluline kasutada spetsiifilisi veetemperatuure? Iga tee omab oma ainulaadset maitsebuketti ja parimaid valmistamispraktikaid. N\u00e4iteks, tavap\u00e4rase musta tee valmistamisel ei ole soovitatav kasutada keeva vett, kuna see v\u00f5ib kahjustada tee maitseomadusi. \u00d5ige teevalmistamine n\u00f5uab t\u00e4helepanu detailidele ja siin on m\u00f5ned n\u00e4pun\u00e4ited, kuidas luua endale v\u00f5i teistele unustamatu teeelamus.<\/p>\n<p>&nbsp;<\/p>\n<\/div>\n                    <\/div>\n    <\/div>\n<\/div>\n\n<section class=\"tabs\">\n\t<ul class=\"tabs\"><li class=\"tab active\">\n\t<a href=\"#tab_69dace8695965_0\">Lahtise tee valmistamine<\/a>\n<\/li>\n\t\t\t<li class=\"tab \">\n\t<a href=\"#tab_69dace8695965_1\">Pakiteede valmistamine<\/a>\n<\/li>\n\t\t\t<\/ul>\n\t<div class=\"tabs\"><div class=\"tab products active\" id=\"tab_69dace8695965_0\">\n\t<div class=\"tab-column\">\n\t\t<div class=\"text\">\n\t\t\t\t\t\t\t<h4>Lahtise tee valmistamine:<\/h4>\n<ol>\n<li>Kuumutage vesi \u00f5igele temperatuurile, et k\u00f5ik maitsed saaksid v\u00e4lja t\u00f5mmatud, kuid samal ajal ei kaotaks tee liiga kuuma vee t\u00f5ttu oma maitset.<\/li>\n<li>Asetage teelehed s\u00f5ela sisse.<\/li>\n<li>Asetage tees\u00f5el tassi ning valage sellele \u00f5rnalt peale kuuma vett.<\/li>\n<li>Laske teel t\u00f5mmata vajalik aeg.<\/li>\n<li>Eemaldage tees\u00f5el ja nautige oma rahustavat tassi teed!<\/li>\n<\/ol>\n\t\t<\/div>\n\t\t<div class=\"image\">\n\t\t\t\t\t<\/div>\n\t\t\t<\/div>\n\t\t\t\t<div class=\"tab-column\">\n\t\t<ul class=\"products\">\n\t\t\t\t\t\t\t\t<li>\n\t\t\t\t\t\t<img loading=\"lazy\" decoding=\"async\" width=\"150\" height=\"150\" src=\"https:\/\/davinci.ee\/illy-ja-dammann\/wp-content\/uploads\/sites\/4\/2024\/02\/dam9-e1707726390257-150x150.jpg\" class=\"attachment-thumbnail size-thumbnail\" alt=\"\" srcset=\"https:\/\/davinci.ee\/illy-ja-dammann\/wp-content\/uploads\/sites\/4\/2024\/02\/dam9-e1707726390257-150x150.jpg 150w, https:\/\/davinci.ee\/illy-ja-dammann\/wp-content\/uploads\/sites\/4\/2024\/02\/dam9-e1707726390257-300x300.jpg 300w, https:\/\/davinci.ee\/illy-ja-dammann\/wp-content\/uploads\/sites\/4\/2024\/02\/dam9-e1707726390257-230x230.jpg 230w, https:\/\/davinci.ee\/illy-ja-dammann\/wp-content\/uploads\/sites\/4\/2024\/02\/dam9-e1707726390257-219x219.jpg 219w, https:\/\/davinci.ee\/illy-ja-dammann\/wp-content\/uploads\/sites\/4\/2024\/02\/dam9-e1707726390257.jpg 599w\" sizes=\"auto, (max-width: 150px) 100vw, 150px\" \/>\t\t\t\t<div>\n\t\t\t\t\t\t\t\t\t\t\t<h3>Must Tee<\/h3>\n\t\t\t\t\t\t\t\t\t\t\t<a href=\"https:\/\/davincifood.ee\/mustad-teed\/\">https:\/\/davincifood.ee\/mustad-teed\/<\/a>\n\t\t\t\t\t\t<p>Temperatuur: 90\u00b0C<br \/>\nT\u00f5mbamisaeg: 3-5 minutit<\/p>\n\t\t\t<\/li>\n\t\t\t\t\t\t\t\t\t<li>\n\t\t\t\t\t\t<img loading=\"lazy\" decoding=\"async\" width=\"150\" height=\"150\" src=\"https:\/\/davinci.ee\/illy-ja-dammann\/wp-content\/uploads\/sites\/4\/2024\/02\/dam8222-e1707726644728-150x150.jpg\" class=\"attachment-thumbnail size-thumbnail\" alt=\"\" srcset=\"https:\/\/davinci.ee\/illy-ja-dammann\/wp-content\/uploads\/sites\/4\/2024\/02\/dam8222-e1707726644728-150x150.jpg 150w, https:\/\/davinci.ee\/illy-ja-dammann\/wp-content\/uploads\/sites\/4\/2024\/02\/dam8222-e1707726644728-300x300.jpg 300w, https:\/\/davinci.ee\/illy-ja-dammann\/wp-content\/uploads\/sites\/4\/2024\/02\/dam8222-e1707726644728-230x230.jpg 230w, https:\/\/davinci.ee\/illy-ja-dammann\/wp-content\/uploads\/sites\/4\/2024\/02\/dam8222-e1707726644728-219x219.jpg 219w, https:\/\/davinci.ee\/illy-ja-dammann\/wp-content\/uploads\/sites\/4\/2024\/02\/dam8222-e1707726644728.jpg 629w\" sizes=\"auto, (max-width: 150px) 100vw, 150px\" \/>\t\t\t\t<div>\n\t\t\t\t\t\t\t\t\t\t\t<h3>Roheline Tee<\/h3>\n\t\t\t\t\t\t\t\t\t\t\t<a href=\"https:\/\/davincifood.ee\/rohelised-teed\/\">https:\/\/davincifood.ee\/rohelised-teed\/<\/a>\n\t\t\t\t\t\t<p>Temperatuur: 70-80\u00b0C<br \/>\nT\u00f5mbamisaeg: 2-3 minutit<\/p>\n\t\t\t<\/li>\n\t\t\t\t\t\t\t\t\t<li>\n\t\t\t\t\t\t<img loading=\"lazy\" decoding=\"async\" width=\"150\" height=\"150\" src=\"https:\/\/davinci.ee\/illy-ja-dammann\/wp-content\/uploads\/sites\/4\/2024\/02\/dam3455-150x150.jpg\" class=\"attachment-thumbnail size-thumbnail\" alt=\"\" srcset=\"https:\/\/davinci.ee\/illy-ja-dammann\/wp-content\/uploads\/sites\/4\/2024\/02\/dam3455-150x150.jpg 150w, https:\/\/davinci.ee\/illy-ja-dammann\/wp-content\/uploads\/sites\/4\/2024\/02\/dam3455-300x300.jpg 300w, https:\/\/davinci.ee\/illy-ja-dammann\/wp-content\/uploads\/sites\/4\/2024\/02\/dam3455-768x768.jpg 768w, https:\/\/davinci.ee\/illy-ja-dammann\/wp-content\/uploads\/sites\/4\/2024\/02\/dam3455-230x230.jpg 230w, https:\/\/davinci.ee\/illy-ja-dammann\/wp-content\/uploads\/sites\/4\/2024\/02\/dam3455-219x219.jpg 219w, https:\/\/davinci.ee\/illy-ja-dammann\/wp-content\/uploads\/sites\/4\/2024\/02\/dam3455.jpg 1024w\" sizes=\"auto, (max-width: 150px) 100vw, 150px\" \/>\t\t\t\t<div>\n\t\t\t\t\t\t\t\t\t\t\t<h3>Valge Tee<\/h3>\n\t\t\t\t\t\t\t\t\t\t\t<a href=\"https:\/\/davincifood.ee\/valged-teed\/\">https:\/\/davincifood.ee\/valged-teed\/<\/a>\n\t\t\t\t\t\t<p>Temperatuur: 80\u00b0C<br \/>\nT\u00f5mbamisaeg: 4-5 minutit<\/p>\n\t\t\t<\/li>\n\t\t\t\t\t\t\t\t\t<li>\n\t\t\t\t\t\t<img loading=\"lazy\" decoding=\"async\" width=\"150\" height=\"150\" src=\"https:\/\/davinci.ee\/illy-ja-dammann\/wp-content\/uploads\/sites\/4\/2024\/02\/dam483-150x150.jpg\" class=\"attachment-thumbnail size-thumbnail\" alt=\"\" srcset=\"https:\/\/davinci.ee\/illy-ja-dammann\/wp-content\/uploads\/sites\/4\/2024\/02\/dam483-150x150.jpg 150w, https:\/\/davinci.ee\/illy-ja-dammann\/wp-content\/uploads\/sites\/4\/2024\/02\/dam483-300x300.jpg 300w, https:\/\/davinci.ee\/illy-ja-dammann\/wp-content\/uploads\/sites\/4\/2024\/02\/dam483-768x768.jpg 768w, https:\/\/davinci.ee\/illy-ja-dammann\/wp-content\/uploads\/sites\/4\/2024\/02\/dam483-230x230.jpg 230w, https:\/\/davinci.ee\/illy-ja-dammann\/wp-content\/uploads\/sites\/4\/2024\/02\/dam483-219x219.jpg 219w, https:\/\/davinci.ee\/illy-ja-dammann\/wp-content\/uploads\/sites\/4\/2024\/02\/dam483.jpg 1024w\" sizes=\"auto, (max-width: 150px) 100vw, 150px\" \/>\t\t\t\t<div>\n\t\t\t\t\t\t\t\t\t\t\t<h3>Taimsed teed<\/h3>\n\t\t\t\t\t\t\t\t\t\t\t<a href=\"https:\/\/davincifood.ee\/taimsed-teed\/\">https:\/\/davincifood.ee\/taimsed-teed\/<\/a>\n\t\t\t\t\t\t<p>Temperatuur: 100\u00b0C<br \/>\nT\u00f5mbamisaeg: 5-6 minutit<\/p>\n\t\t\t<\/li>\n\t\t\t\t\t\t\t\t\t<li>\n\t\t\t\t\t\t<img loading=\"lazy\" decoding=\"async\" width=\"150\" height=\"150\" src=\"https:\/\/davinci.ee\/illy-ja-dammann\/wp-content\/uploads\/sites\/4\/2024\/02\/dam1955-e1707726935358-150x150.jpg\" class=\"attachment-thumbnail size-thumbnail\" alt=\"\" srcset=\"https:\/\/davinci.ee\/illy-ja-dammann\/wp-content\/uploads\/sites\/4\/2024\/02\/dam1955-e1707726935358-150x150.jpg 150w, https:\/\/davinci.ee\/illy-ja-dammann\/wp-content\/uploads\/sites\/4\/2024\/02\/dam1955-e1707726935358-300x300.jpg 300w, https:\/\/davinci.ee\/illy-ja-dammann\/wp-content\/uploads\/sites\/4\/2024\/02\/dam1955-e1707726935358-230x230.jpg 230w, https:\/\/davinci.ee\/illy-ja-dammann\/wp-content\/uploads\/sites\/4\/2024\/02\/dam1955-e1707726935358-219x219.jpg 219w, https:\/\/davinci.ee\/illy-ja-dammann\/wp-content\/uploads\/sites\/4\/2024\/02\/dam1955-e1707726935358.jpg 600w\" sizes=\"auto, (max-width: 150px) 100vw, 150px\" \/>\t\t\t\t<div>\n\t\t\t\t\t\t\t\t\t\t\t<h3>Punased teed<\/h3>\n\t\t\t\t\t\t\t\t\t\t\t<a href=\"https:\/\/davincifood.ee\/punased-teed\/\">https:\/\/davincifood.ee\/punased-teed\/<\/a>\n\t\t\t\t\t\t<p>Temperatuur: 100\u00b0C<br \/>\nT\u00f5mbamisaeg: 5-6 minutit<\/p>\n\t\t\t<\/li>\n\t\t\t\t\t\t\t\t\t<li>\n\t\t\t\t\t\t<img loading=\"lazy\" decoding=\"async\" width=\"150\" height=\"150\" src=\"https:\/\/davinci.ee\/illy-ja-dammann\/wp-content\/uploads\/sites\/4\/2024\/02\/dam3454-e1707727102386-150x150.jpg\" class=\"attachment-thumbnail size-thumbnail\" alt=\"\" srcset=\"https:\/\/davinci.ee\/illy-ja-dammann\/wp-content\/uploads\/sites\/4\/2024\/02\/dam3454-e1707727102386-150x150.jpg 150w, https:\/\/davinci.ee\/illy-ja-dammann\/wp-content\/uploads\/sites\/4\/2024\/02\/dam3454-e1707727102386-300x300.jpg 300w, https:\/\/davinci.ee\/illy-ja-dammann\/wp-content\/uploads\/sites\/4\/2024\/02\/dam3454-e1707727102386-230x230.jpg 230w, https:\/\/davinci.ee\/illy-ja-dammann\/wp-content\/uploads\/sites\/4\/2024\/02\/dam3454-e1707727102386-219x219.jpg 219w, https:\/\/davinci.ee\/illy-ja-dammann\/wp-content\/uploads\/sites\/4\/2024\/02\/dam3454-e1707727102386.jpg 629w\" sizes=\"auto, (max-width: 150px) 100vw, 150px\" \/>\t\t\t\t<div>\n\t\t\t\t\t\t\t\t\t\t\t<h3>Rooibos<\/h3>\n\t\t\t\t\t\t\t\t\t\t\t<a href=\"https:\/\/davincifood.ee\/rooibose-teed\/\">https:\/\/davincifood.ee\/rooibose-teed\/<\/a>\n\t\t\t\t\t\t<p>Temperatuur: 90-95\u00b0C<br \/>\nT\u00f5mbamisaeg: 5-10 minutit<\/p>\n\t\t\t<\/li>\n\t\t\t\t\t\t\t\t<\/ul>\n\t<\/div>\n\t\t\t\t\t<\/div>\n\t\t\t<div class=\"tab products \" id=\"tab_69dace8695965_1\">\n\t<div class=\"tab-column\">\n\t\t<div class=\"text\">\n\t\t\t\t\t\t\t\t\t<\/div>\n\t\t<div class=\"image\">\n\t\t\t\t\t<\/div>\n\t\t\t<\/div>\n\t\t\t\t<div class=\"tab-column\">\n\t\t<ul class=\"products\">\n\t\t\t\t\t\t\t\t<li>\n\t\t\t\t\t\t<img loading=\"lazy\" decoding=\"async\" width=\"150\" height=\"150\" src=\"https:\/\/davinci.ee\/illy-ja-dammann\/wp-content\/uploads\/sites\/4\/2024\/02\/dam4972-150x150.jpg\" class=\"attachment-thumbnail size-thumbnail\" alt=\"\" srcset=\"https:\/\/davinci.ee\/illy-ja-dammann\/wp-content\/uploads\/sites\/4\/2024\/02\/dam4972-150x150.jpg 150w, https:\/\/davinci.ee\/illy-ja-dammann\/wp-content\/uploads\/sites\/4\/2024\/02\/dam4972-300x300.jpg 300w, https:\/\/davinci.ee\/illy-ja-dammann\/wp-content\/uploads\/sites\/4\/2024\/02\/dam4972-768x768.jpg 768w, https:\/\/davinci.ee\/illy-ja-dammann\/wp-content\/uploads\/sites\/4\/2024\/02\/dam4972-230x230.jpg 230w, https:\/\/davinci.ee\/illy-ja-dammann\/wp-content\/uploads\/sites\/4\/2024\/02\/dam4972-219x219.jpg 219w, https:\/\/davinci.ee\/illy-ja-dammann\/wp-content\/uploads\/sites\/4\/2024\/02\/dam4972.jpg 1024w\" sizes=\"auto, (max-width: 150px) 100vw, 150px\" \/>\t\t\t\t<div>\n\t\t\t\t\t\t\t\t\t\t\t<h3>Must Tee<\/h3>\n\t\t\t\t\t\t\t\t\t\t\t<a href=\"https:\/\/davincifood.ee\/mustad-teed-pakiteed\/\">https:\/\/davincifood.ee\/mustad-teed-pakiteed\/<\/a>\n\t\t\t\t\t\t<p>Temperatuur: 90\u00b0C<br \/>\nT\u00f5mbamisaeg: 4-5 minutit<\/p>\n\t\t\t<\/li>\n\t\t\t\t\t\t\t\t\t<li>\n\t\t\t\t\t\t<img loading=\"lazy\" decoding=\"async\" width=\"150\" height=\"150\" src=\"https:\/\/davinci.ee\/illy-ja-dammann\/wp-content\/uploads\/sites\/4\/2024\/02\/dam4944-150x150.png\" class=\"attachment-thumbnail size-thumbnail\" alt=\"\" srcset=\"https:\/\/davinci.ee\/illy-ja-dammann\/wp-content\/uploads\/sites\/4\/2024\/02\/dam4944-150x150.png 150w, https:\/\/davinci.ee\/illy-ja-dammann\/wp-content\/uploads\/sites\/4\/2024\/02\/dam4944-300x300.png 300w, https:\/\/davinci.ee\/illy-ja-dammann\/wp-content\/uploads\/sites\/4\/2024\/02\/dam4944-768x768.png 768w, https:\/\/davinci.ee\/illy-ja-dammann\/wp-content\/uploads\/sites\/4\/2024\/02\/dam4944-230x230.png 230w, https:\/\/davinci.ee\/illy-ja-dammann\/wp-content\/uploads\/sites\/4\/2024\/02\/dam4944-219x219.png 219w, https:\/\/davinci.ee\/illy-ja-dammann\/wp-content\/uploads\/sites\/4\/2024\/02\/dam4944.png 800w\" sizes=\"auto, (max-width: 150px) 100vw, 150px\" \/>\t\t\t\t<div>\n\t\t\t\t\t\t\t\t\t\t\t<h3>Roheline Tee<\/h3>\n\t\t\t\t\t\t\t\t\t\t\t<a href=\"https:\/\/davincifood.ee\/rohelised-teed-pakiteed\/\">https:\/\/davincifood.ee\/rohelised-teed-pakiteed\/<\/a>\n\t\t\t\t\t\t<p>Temperatuur: 70-80\u00b0C<br \/>\nT\u00f5mbamisaeg: 2-3 minutit<\/p>\n\t\t\t<\/li>\n\t\t\t\t\t\t\t\t\t<li>\n\t\t\t\t\t\t<img loading=\"lazy\" decoding=\"async\" width=\"150\" height=\"150\" src=\"https:\/\/davinci.ee\/illy-ja-dammann\/wp-content\/uploads\/sites\/4\/2024\/02\/dam4944-150x150.jpg\" class=\"attachment-thumbnail size-thumbnail\" alt=\"\" srcset=\"https:\/\/davinci.ee\/illy-ja-dammann\/wp-content\/uploads\/sites\/4\/2024\/02\/dam4944-150x150.jpg 150w, https:\/\/davinci.ee\/illy-ja-dammann\/wp-content\/uploads\/sites\/4\/2024\/02\/dam4944-300x300.jpg 300w, https:\/\/davinci.ee\/illy-ja-dammann\/wp-content\/uploads\/sites\/4\/2024\/02\/dam4944-768x768.jpg 768w, https:\/\/davinci.ee\/illy-ja-dammann\/wp-content\/uploads\/sites\/4\/2024\/02\/dam4944-230x230.jpg 230w, https:\/\/davinci.ee\/illy-ja-dammann\/wp-content\/uploads\/sites\/4\/2024\/02\/dam4944-219x219.jpg 219w, https:\/\/davinci.ee\/illy-ja-dammann\/wp-content\/uploads\/sites\/4\/2024\/02\/dam4944.jpg 1024w\" sizes=\"auto, (max-width: 150px) 100vw, 150px\" \/>\t\t\t\t<div>\n\t\t\t\t\t\t\t\t\t\t\t<h3>Valge Tee<\/h3>\n\t\t\t\t\t\t\t\t\t\t\t<a href=\"https:\/\/davincifood.ee\/valged-teed-pakiteed\/\">https:\/\/davincifood.ee\/valged-teed-pakiteed\/<\/a>\n\t\t\t\t\t\t<p>Temperatuur: 80\u00b0C<br \/>\nT\u00f5mbamisaeg: 4-5 minutit<\/p>\n\t\t\t<\/li>\n\t\t\t\t\t\t\t\t\t<li>\n\t\t\t\t\t\t<img loading=\"lazy\" decoding=\"async\" width=\"150\" height=\"150\" src=\"https:\/\/davinci.ee\/illy-ja-dammann\/wp-content\/uploads\/sites\/4\/2024\/02\/dam6473-150x150.jpg\" class=\"attachment-thumbnail size-thumbnail\" alt=\"\" srcset=\"https:\/\/davinci.ee\/illy-ja-dammann\/wp-content\/uploads\/sites\/4\/2024\/02\/dam6473-150x150.jpg 150w, https:\/\/davinci.ee\/illy-ja-dammann\/wp-content\/uploads\/sites\/4\/2024\/02\/dam6473-300x300.jpg 300w, https:\/\/davinci.ee\/illy-ja-dammann\/wp-content\/uploads\/sites\/4\/2024\/02\/dam6473-768x768.jpg 768w, https:\/\/davinci.ee\/illy-ja-dammann\/wp-content\/uploads\/sites\/4\/2024\/02\/dam6473-230x230.jpg 230w, https:\/\/davinci.ee\/illy-ja-dammann\/wp-content\/uploads\/sites\/4\/2024\/02\/dam6473-219x219.jpg 219w, https:\/\/davinci.ee\/illy-ja-dammann\/wp-content\/uploads\/sites\/4\/2024\/02\/dam6473.jpg 800w\" sizes=\"auto, (max-width: 150px) 100vw, 150px\" \/>\t\t\t\t<div>\n\t\t\t\t\t\t\t\t\t\t\t<h3>Taimsed teed<\/h3>\n\t\t\t\t\t\t\t\t\t\t\t<a href=\"https:\/\/davincifood.ee\/punased-teed-pakiteed\/\">https:\/\/davincifood.ee\/punased-teed-pakiteed\/<\/a>\n\t\t\t\t\t\t<p>Temperatuur: 100\u00b0C<br \/>\nT\u00f5mbamisaeg: 5-6 minutit<\/p>\n\t\t\t<\/li>\n\t\t\t\t\t\t\t\t\t<li>\n\t\t\t\t\t\t<img loading=\"lazy\" decoding=\"async\" width=\"150\" height=\"150\" src=\"https:\/\/davinci.ee\/illy-ja-dammann\/wp-content\/uploads\/sites\/4\/2024\/02\/dam1955-e1707726935358-150x150.jpg\" class=\"attachment-thumbnail size-thumbnail\" alt=\"\" srcset=\"https:\/\/davinci.ee\/illy-ja-dammann\/wp-content\/uploads\/sites\/4\/2024\/02\/dam1955-e1707726935358-150x150.jpg 150w, https:\/\/davinci.ee\/illy-ja-dammann\/wp-content\/uploads\/sites\/4\/2024\/02\/dam1955-e1707726935358-300x300.jpg 300w, https:\/\/davinci.ee\/illy-ja-dammann\/wp-content\/uploads\/sites\/4\/2024\/02\/dam1955-e1707726935358-230x230.jpg 230w, https:\/\/davinci.ee\/illy-ja-dammann\/wp-content\/uploads\/sites\/4\/2024\/02\/dam1955-e1707726935358-219x219.jpg 219w, https:\/\/davinci.ee\/illy-ja-dammann\/wp-content\/uploads\/sites\/4\/2024\/02\/dam1955-e1707726935358.jpg 600w\" sizes=\"auto, (max-width: 150px) 100vw, 150px\" \/>\t\t\t\t<div>\n\t\t\t\t\t\t\t\t\t\t\t<h3>Punased teed<\/h3>\n\t\t\t\t\t\t\t\t\t\t\t<a href=\"https:\/\/davincifood.ee\/punased-teed\/\">https:\/\/davincifood.ee\/punased-teed\/<\/a>\n\t\t\t\t\t\t<p>Temperatuur: 100\u00b0C<br \/>\nT\u00f5mbamisaeg: 5-6 minutit<\/p>\n\t\t\t<\/li>\n\t\t\t\t\t\t\t\t\t<li>\n\t\t\t\t\t\t<img loading=\"lazy\" decoding=\"async\" width=\"150\" height=\"150\" src=\"https:\/\/davinci.ee\/illy-ja-dammann\/wp-content\/uploads\/sites\/4\/2024\/02\/dam8202-150x150.png\" class=\"attachment-thumbnail size-thumbnail\" alt=\"\" srcset=\"https:\/\/davinci.ee\/illy-ja-dammann\/wp-content\/uploads\/sites\/4\/2024\/02\/dam8202-150x150.png 150w, https:\/\/davinci.ee\/illy-ja-dammann\/wp-content\/uploads\/sites\/4\/2024\/02\/dam8202-230x230.png 230w\" sizes=\"auto, (max-width: 150px) 100vw, 150px\" \/>\t\t\t\t<div>\n\t\t\t\t\t\t\t\t\t\t\t<h3>Rooibos<\/h3>\n\t\t\t\t\t\t\t\t\t\t\t<a href=\"https:\/\/davincifood.ee\/rooibos-teed-pakiteed\/\">https:\/\/davincifood.ee\/rooibos-teed-pakiteed\/<\/a>\n\t\t\t\t\t\t<p>Temperatuur: 90-95\u00b0C<br \/>\nT\u00f5mbamisaeg: 4-5 minutit<\/p>\n\t\t\t<\/li>\n\t\t\t\t\t\t\t\t<\/ul>\n\t<\/div>\n\t\t\t\t\t<\/div>\n\t\t\t<\/div>\n<\/section>\n\n\n<div class=\"block block-heading gutters\">\n<h3 class=\"wp-block-heading\">Tarvikud<\/h3>\n<\/div>\n\n<div class=\"block block-paragraph gutters\">\n<p>Soovitame kasutada tees\u00f5ela lahtise tee valmistamisel, et tagada selge ja nauditav jook. Tees\u00f5el aitab eemaldada teelehtede j\u00e4\u00e4gid, tagades puhta maitse. \u00c4rge unustage ka liivakella, mis aitab silma peal hoida, millal on \u00f5ige aeg teed nautida.<br><a href=\"https:\/\/davincifood.ee\/teetarvikud\/\">https:\/\/davincifood.ee\/teetarvikud\/<\/a><\/p>\n<\/div>\n\n<div class=\"block block-heading gutters\">\n<h3 class=\"wp-block-heading\">Miks on oluline kasutada erinevaid temperatuure ja imbumisaegu?<\/h3>\n<\/div>\n\n<div class=\"block block-paragraph gutters\">\n<p>Erinevad teesordid n\u00f5uavad individuaalset l\u00e4henemist, et t\u00e4iel m\u00e4\u00e4ral nautida nende ainulaadseid maitseid. \u00d5ige veetemperatuur, imbumisaeg ja tee kogus on olulised tegurid tee t\u00e4iusliku tasakaalu saavutamisel. Tee valmistamine on kunst,<br>kus kontrollitud aroomi, tanniinide, antioks\u00fcdantide, kofeiini ja teepuru vabanemine v\u00f5imaldab avastada tee mitmekesisust ning luua unustamatuid maitseelamusi. \u00d5ige teevalmistamise tehnikaga saate t\u00e4ielikult nautida iga teesordi omadusi ja kogeda tee maailma mitmekesisust.<\/p>\n<\/div>\n\n\n<div style=\"height:100px\" aria-hidden=\"true\" class=\"wp-block-spacer\"><\/div>\n","protected":false},"excerpt":{"rendered":"<p>Tarvikud Soovitame kasutada tees\u00f5ela lahtise tee valmistamisel, et tagada selge ja nauditav jook. Tees\u00f5el aitab eemaldada teelehtede j\u00e4\u00e4gid, tagades puhta maitse. \u00c4rge unustage ka liivakella, mis aitab silma peal hoida, millal on \u00f5ige aeg teed nautida.https:\/\/davincifood.ee\/teetarvikud\/ Miks on oluline kasutada erinevaid temperatuure ja imbumisaegu? Erinevad teesordid n\u00f5uavad individuaalset l\u00e4henemist, et t\u00e4iel m\u00e4\u00e4ral nautida nende ainulaadseid [&hellip;]<\/p>\n","protected":false},"author":2,"featured_media":0,"parent":0,"menu_order":0,"comment_status":"closed","ping_status":"closed","template":"page-templates\/white.php","meta":{"_acf_changed":false,"footnotes":""},"class_list":["post-697","page","type-page","status-publish","hentry"],"acf":[],"yoast_head":"<!-- This site is optimized with the Yoast SEO plugin v27.3 - https:\/\/yoast.com\/product\/yoast-seo-wordpress\/ -->\n<title>Teelahendused - Illy ja Dammann<\/title>\n<meta name=\"robots\" content=\"index, follow, max-snippet:-1, max-image-preview:large, max-video-preview:-1\" \/>\n<link rel=\"canonical\" href=\"https:\/\/davinci.ee\/illy-ja-dammann\/teelahendused\/\" \/>\n<meta property=\"og:locale\" content=\"en_US\" \/>\n<meta property=\"og:type\" content=\"article\" \/>\n<meta property=\"og:title\" content=\"Teelahendused - Illy ja Dammann\" \/>\n<meta property=\"og:description\" content=\"Tarvikud Soovitame kasutada tees\u00f5ela lahtise tee valmistamisel, et tagada selge ja nauditav jook. Tees\u00f5el aitab eemaldada teelehtede j\u00e4\u00e4gid, tagades puhta maitse. \u00c4rge unustage ka liivakella, mis aitab silma peal hoida, millal on \u00f5ige aeg teed nautida.https:\/\/davincifood.ee\/teetarvikud\/ Miks on oluline kasutada erinevaid temperatuure ja imbumisaegu? Erinevad teesordid n\u00f5uavad individuaalset l\u00e4henemist, et t\u00e4iel m\u00e4\u00e4ral nautida nende ainulaadseid [&hellip;]\" \/>\n<meta property=\"og:url\" content=\"https:\/\/davinci.ee\/illy-ja-dammann\/teelahendused\/\" \/>\n<meta property=\"og:site_name\" content=\"Illy ja Dammann\" \/>\n<meta property=\"article:modified_time\" content=\"2024-02-12T09:24:31+00:00\" \/>\n<meta name=\"twitter:card\" content=\"summary_large_image\" \/>\n<meta name=\"twitter:label1\" content=\"Est. reading time\" \/>\n\t<meta name=\"twitter:data1\" content=\"1 minute\" \/>\n<script type=\"application\/ld+json\" class=\"yoast-schema-graph\">{\"@context\":\"https:\\\/\\\/schema.org\",\"@graph\":[{\"@type\":\"WebPage\",\"@id\":\"https:\\\/\\\/davinci.ee\\\/illy-ja-dammann\\\/teelahendused\\\/\",\"url\":\"https:\\\/\\\/davinci.ee\\\/illy-ja-dammann\\\/teelahendused\\\/\",\"name\":\"Teelahendused - Illy ja Dammann\",\"isPartOf\":{\"@id\":\"https:\\\/\\\/davinci.ee\\\/illy-ja-dammann\\\/#website\"},\"datePublished\":\"2024-02-12T07:30:37+00:00\",\"dateModified\":\"2024-02-12T09:24:31+00:00\",\"breadcrumb\":{\"@id\":\"https:\\\/\\\/davinci.ee\\\/illy-ja-dammann\\\/teelahendused\\\/#breadcrumb\"},\"inLanguage\":\"en-US\",\"potentialAction\":[{\"@type\":\"ReadAction\",\"target\":[\"https:\\\/\\\/davinci.ee\\\/illy-ja-dammann\\\/teelahendused\\\/\"]}]},{\"@type\":\"BreadcrumbList\",\"@id\":\"https:\\\/\\\/davinci.ee\\\/illy-ja-dammann\\\/teelahendused\\\/#breadcrumb\",\"itemListElement\":[{\"@type\":\"ListItem\",\"position\":1,\"name\":\"Home\",\"item\":\"https:\\\/\\\/davinci.ee\\\/illy-ja-dammann\\\/\"},{\"@type\":\"ListItem\",\"position\":2,\"name\":\"Teelahendused\"}]},{\"@type\":\"WebSite\",\"@id\":\"https:\\\/\\\/davinci.ee\\\/illy-ja-dammann\\\/#website\",\"url\":\"https:\\\/\\\/davinci.ee\\\/illy-ja-dammann\\\/\",\"name\":\"Illy ja Dammann\",\"description\":\"\",\"potentialAction\":[{\"@type\":\"SearchAction\",\"target\":{\"@type\":\"EntryPoint\",\"urlTemplate\":\"https:\\\/\\\/davinci.ee\\\/illy-ja-dammann\\\/?s={search_term_string}\"},\"query-input\":{\"@type\":\"PropertyValueSpecification\",\"valueRequired\":true,\"valueName\":\"search_term_string\"}}],\"inLanguage\":\"en-US\"}]}<\/script>\n<!-- \/ Yoast SEO plugin. -->","yoast_head_json":{"title":"Teelahendused - Illy ja Dammann","robots":{"index":"index","follow":"follow","max-snippet":"max-snippet:-1","max-image-preview":"max-image-preview:large","max-video-preview":"max-video-preview:-1"},"canonical":"https:\/\/davinci.ee\/illy-ja-dammann\/teelahendused\/","og_locale":"en_US","og_type":"article","og_title":"Teelahendused - Illy ja Dammann","og_description":"Tarvikud Soovitame kasutada tees\u00f5ela lahtise tee valmistamisel, et tagada selge ja nauditav jook. Tees\u00f5el aitab eemaldada teelehtede j\u00e4\u00e4gid, tagades puhta maitse. \u00c4rge unustage ka liivakella, mis aitab silma peal hoida, millal on \u00f5ige aeg teed nautida.https:\/\/davincifood.ee\/teetarvikud\/ Miks on oluline kasutada erinevaid temperatuure ja imbumisaegu? Erinevad teesordid n\u00f5uavad individuaalset l\u00e4henemist, et t\u00e4iel m\u00e4\u00e4ral nautida nende ainulaadseid [&hellip;]","og_url":"https:\/\/davinci.ee\/illy-ja-dammann\/teelahendused\/","og_site_name":"Illy ja Dammann","article_modified_time":"2024-02-12T09:24:31+00:00","twitter_card":"summary_large_image","twitter_misc":{"Est. reading time":"1 minute"},"schema":{"@context":"https:\/\/schema.org","@graph":[{"@type":"WebPage","@id":"https:\/\/davinci.ee\/illy-ja-dammann\/teelahendused\/","url":"https:\/\/davinci.ee\/illy-ja-dammann\/teelahendused\/","name":"Teelahendused - Illy ja Dammann","isPartOf":{"@id":"https:\/\/davinci.ee\/illy-ja-dammann\/#website"},"datePublished":"2024-02-12T07:30:37+00:00","dateModified":"2024-02-12T09:24:31+00:00","breadcrumb":{"@id":"https:\/\/davinci.ee\/illy-ja-dammann\/teelahendused\/#breadcrumb"},"inLanguage":"en-US","potentialAction":[{"@type":"ReadAction","target":["https:\/\/davinci.ee\/illy-ja-dammann\/teelahendused\/"]}]},{"@type":"BreadcrumbList","@id":"https:\/\/davinci.ee\/illy-ja-dammann\/teelahendused\/#breadcrumb","itemListElement":[{"@type":"ListItem","position":1,"name":"Home","item":"https:\/\/davinci.ee\/illy-ja-dammann\/"},{"@type":"ListItem","position":2,"name":"Teelahendused"}]},{"@type":"WebSite","@id":"https:\/\/davinci.ee\/illy-ja-dammann\/#website","url":"https:\/\/davinci.ee\/illy-ja-dammann\/","name":"Illy ja Dammann","description":"","potentialAction":[{"@type":"SearchAction","target":{"@type":"EntryPoint","urlTemplate":"https:\/\/davinci.ee\/illy-ja-dammann\/?s={search_term_string}"},"query-input":{"@type":"PropertyValueSpecification","valueRequired":true,"valueName":"search_term_string"}}],"inLanguage":"en-US"}]}},"_links":{"self":[{"href":"https:\/\/davinci.ee\/illy-ja-dammann\/wp-json\/wp\/v2\/pages\/697","targetHints":{"allow":["GET"]}}],"collection":[{"href":"https:\/\/davinci.ee\/illy-ja-dammann\/wp-json\/wp\/v2\/pages"}],"about":[{"href":"https:\/\/davinci.ee\/illy-ja-dammann\/wp-json\/wp\/v2\/types\/page"}],"author":[{"embeddable":true,"href":"https:\/\/davinci.ee\/illy-ja-dammann\/wp-json\/wp\/v2\/users\/2"}],"replies":[{"embeddable":true,"href":"https:\/\/davinci.ee\/illy-ja-dammann\/wp-json\/wp\/v2\/comments?post=697"}],"version-history":[{"count":7,"href":"https:\/\/davinci.ee\/illy-ja-dammann\/wp-json\/wp\/v2\/pages\/697\/revisions"}],"predecessor-version":[{"id":727,"href":"https:\/\/davinci.ee\/illy-ja-dammann\/wp-json\/wp\/v2\/pages\/697\/revisions\/727"}],"wp:attachment":[{"href":"https:\/\/davinci.ee\/illy-ja-dammann\/wp-json\/wp\/v2\/media?parent=697"}],"curies":[{"name":"wp","href":"https:\/\/api.w.org\/{rel}","templated":true}]}}