{"id":627,"date":"2023-10-26T15:26:10","date_gmt":"2023-10-26T12:26:10","guid":{"rendered":"https:\/\/davinci.ee\/illy-ja-dammann\/?page_id=627"},"modified":"2024-02-12T09:28:47","modified_gmt":"2024-02-12T07:28:47","slug":"dammann-freres","status":"publish","type":"page","link":"https:\/\/davinci.ee\/illy-ja-dammann\/dammann-freres\/","title":{"rendered":"Dammann Freres"},"content":{"rendered":"\n<div class=\"illy-wrapper bottom-sections\" style=\"background-color: #F4F4F4\">\n    <div class=\"left-side block\">\n        <img decoding=\"async\" src=\"https:\/\/davinci.ee\/illy-ja-dammann\/wp-content\/uploads\/sites\/4\/2023\/10\/dammann-freres.png\" alt=\"\">\n    <\/div>\n    <div class=\"right-side \">\n        <div class=\"content-wrap\" style='max-width: 646px'>\n            <h2 style='color: #313131' class=\"title block background-changed\">Dammann Freres<\/h2>\n            <div style='color: #313131' class=\"text block background-changed\"><p>Dammann Freres sai 1692. aastal Louis XIV poolt tee m\u00fc\u00fcgi\u00f5iguse Prantsusmaal. Dammann Freres loodi 1925. aastal kahe venna Robert ja Pierre Dammann\u2019i poolt. Peale II maailmas\u00f5da t\u00f5i muutusi kaasa Jean Jumeau-Lafond. Tema, kui suur teearmastaja tahtis jagada oma kirge Prantsuse rahvaga, kes olid tol ajal selles valdkonnas veel teadmatud. 1950. aastal k\u00e4ivitas ta lahtise tee jaem\u00fc\u00fcgi Prantsumaal. Hiljem v\u00f5tsid firma arendamise \u00fcle Jeani pojad Jacques ja Didier.<\/p>\n<p>1980. aastal leiutas firma siidisarnasest materjalist teepakikesed, et s\u00e4ilitada teelehti. Kerge ja l\u00e4bipaistev siidine teepakike koondab k\u00f5ik teelehe maitse ja esteetilised r\u00f5\u00f5mud \u00fchte, koos teepakikese praktilisusega. T\u00e4nap\u00e4eval toodab Dammann Freres 310 000 teepakki p\u00e4evas.<\/p>\n<p>Sri Lanka, India, Jaapani v\u00f5i Hiina p\u00e4ritolu, must, roheline v\u00f5i valge \u2013 iga tee on nagu seiklus, mida Dammann Freres soovitab sul avastada.<\/p>\n<p>HACCP t\u00f5end \u2013 tootmine, pakendamine, taimsed teed, metallist ja plastikust pakendid, Crystal teepakike jpm saavutasid 96% kvaliteeditaseme.<\/p>\n<p>\u00a0<\/p>\n<\/div>\n                    <\/div>\n    <\/div>\n<\/div>\n\n<section class=\"illy-product-category\">\n    <div class=\"illy-category two\">\n        <h2 class=\"illy-category-title\">Dammann Freres tooted<\/h2>\n        <ul class=\"illy-products\">\n                <li class=\"illy-product\">\n                <div class=\"illy-product-image\">\n                    <img loading=\"lazy\" decoding=\"async\" width=\"148\" height=\"300\" src=\"https:\/\/davinci.ee\/illy-ja-dammann\/wp-content\/uploads\/sites\/4\/2023\/10\/pakiteed-148x300.png\" class=\"attachment-medium size-medium\" alt=\"\" srcset=\"https:\/\/davinci.ee\/illy-ja-dammann\/wp-content\/uploads\/sites\/4\/2023\/10\/pakiteed-148x300.png 148w, https:\/\/davinci.ee\/illy-ja-dammann\/wp-content\/uploads\/sites\/4\/2023\/10\/pakiteed-108x219.png 108w, https:\/\/davinci.ee\/illy-ja-dammann\/wp-content\/uploads\/sites\/4\/2023\/10\/pakiteed.png 188w\" sizes=\"auto, (max-width: 148px) 100vw, 148px\" \/>                <\/div>\n                <h3 class=\"illy-product-title\">Pakiteed<\/h3>\n                <a href=\"https:\/\/davincifood.ee\/pakiteed\/\"\n                                        class=\"illy-product-link\">\n                    Vaata e-poodi                <\/a>\n            <\/li>\n                    <li class=\"illy-product\">\n                <div class=\"illy-product-image\">\n                    <img loading=\"lazy\" decoding=\"async\" width=\"300\" height=\"236\" src=\"https:\/\/davinci.ee\/illy-ja-dammann\/wp-content\/uploads\/sites\/4\/2023\/10\/lahtised-teed-1-300x236.jpg\" class=\"attachment-medium size-medium\" alt=\"\" srcset=\"https:\/\/davinci.ee\/illy-ja-dammann\/wp-content\/uploads\/sites\/4\/2023\/10\/lahtised-teed-1-300x236.jpg 300w, https:\/\/davinci.ee\/illy-ja-dammann\/wp-content\/uploads\/sites\/4\/2023\/10\/lahtised-teed-1-279x219.jpg 279w, https:\/\/davinci.ee\/illy-ja-dammann\/wp-content\/uploads\/sites\/4\/2023\/10\/lahtised-teed-1.jpg 477w\" sizes=\"auto, (max-width: 300px) 100vw, 300px\" \/>                <\/div>\n                <h3 class=\"illy-product-title\">Lahtised teed<\/h3>\n                <a href=\"https:\/\/davincifood.ee\/lahtised-teed\/\"\n                                        class=\"illy-product-link\">\n                    Vaata e-poodi                <\/a>\n            <\/li>\n                    <li class=\"illy-product\">\n                <div class=\"illy-product-image\">\n                    <img loading=\"lazy\" decoding=\"async\" width=\"300\" height=\"300\" src=\"https:\/\/davinci.ee\/illy-ja-dammann\/wp-content\/uploads\/sites\/4\/2023\/10\/lahtised-teed-topsis-300x300.png\" class=\"attachment-medium size-medium\" alt=\"\" srcset=\"https:\/\/davinci.ee\/illy-ja-dammann\/wp-content\/uploads\/sites\/4\/2023\/10\/lahtised-teed-topsis-300x300.png 300w, https:\/\/davinci.ee\/illy-ja-dammann\/wp-content\/uploads\/sites\/4\/2023\/10\/lahtised-teed-topsis-150x150.png 150w, https:\/\/davinci.ee\/illy-ja-dammann\/wp-content\/uploads\/sites\/4\/2023\/10\/lahtised-teed-topsis-230x230.png 230w, https:\/\/davinci.ee\/illy-ja-dammann\/wp-content\/uploads\/sites\/4\/2023\/10\/lahtised-teed-topsis-219x219.png 219w, https:\/\/davinci.ee\/illy-ja-dammann\/wp-content\/uploads\/sites\/4\/2023\/10\/lahtised-teed-topsis.png 528w\" sizes=\"auto, (max-width: 300px) 100vw, 300px\" \/>                <\/div>\n                <h3 class=\"illy-product-title\">Lahtised teed topsis<\/h3>\n                <a href=\"https:\/\/davincifood.ee\/lahtised-teed-topsis\/\"\n                                        class=\"illy-product-link\">\n                    Vaata e-poodi                <\/a>\n            <\/li>\n                    <li class=\"illy-product\">\n                <div class=\"illy-product-image\">\n                    <img loading=\"lazy\" decoding=\"async\" width=\"300\" height=\"259\" src=\"https:\/\/davinci.ee\/illy-ja-dammann\/wp-content\/uploads\/sites\/4\/2023\/10\/vaata-e-poodi-300x259.png\" class=\"attachment-medium size-medium\" alt=\"\" srcset=\"https:\/\/davinci.ee\/illy-ja-dammann\/wp-content\/uploads\/sites\/4\/2023\/10\/vaata-e-poodi-300x259.png 300w, https:\/\/davinci.ee\/illy-ja-dammann\/wp-content\/uploads\/sites\/4\/2023\/10\/vaata-e-poodi-254x219.png 254w, https:\/\/davinci.ee\/illy-ja-dammann\/wp-content\/uploads\/sites\/4\/2023\/10\/vaata-e-poodi.png 514w\" sizes=\"auto, (max-width: 300px) 100vw, 300px\" \/>                <\/div>\n                <h3 class=\"illy-product-title\">J\u00f5uluteed<\/h3>\n                <a href=\"https:\/\/davincifood.ee\/jouluteed\/\"\n                                        class=\"illy-product-link\">\n                    Vaata e-poodi                <\/a>\n            <\/li>\n                <\/ul>\n        <\/div>\n<\/section>\n","protected":false},"excerpt":{"rendered":"","protected":false},"author":2,"featured_media":0,"parent":0,"menu_order":0,"comment_status":"closed","ping_status":"closed","template":"page-templates\/main-template.php","meta":{"_acf_changed":false,"footnotes":""},"class_list":["post-627","page","type-page","status-publish","hentry"],"acf":[],"yoast_head":"<!-- This site is optimized with the Yoast SEO plugin v27.3 - https:\/\/yoast.com\/product\/yoast-seo-wordpress\/ -->\n<title>Dammann Freres - Illy ja Dammann<\/title>\n<meta name=\"robots\" content=\"index, follow, max-snippet:-1, max-image-preview:large, max-video-preview:-1\" \/>\n<link rel=\"canonical\" href=\"https:\/\/davinci.ee\/illy-ja-dammann\/dammann-freres\/\" \/>\n<meta property=\"og:locale\" content=\"en_US\" \/>\n<meta property=\"og:type\" content=\"article\" \/>\n<meta property=\"og:title\" content=\"Dammann Freres - Illy ja Dammann\" \/>\n<meta property=\"og:url\" content=\"https:\/\/davinci.ee\/illy-ja-dammann\/dammann-freres\/\" \/>\n<meta property=\"og:site_name\" content=\"Illy ja Dammann\" \/>\n<meta property=\"article:modified_time\" content=\"2024-02-12T07:28:47+00:00\" \/>\n<meta name=\"twitter:card\" content=\"summary_large_image\" \/>\n<script type=\"application\/ld+json\" class=\"yoast-schema-graph\">{\"@context\":\"https:\\\/\\\/schema.org\",\"@graph\":[{\"@type\":\"WebPage\",\"@id\":\"https:\\\/\\\/davinci.ee\\\/illy-ja-dammann\\\/dammann-freres\\\/\",\"url\":\"https:\\\/\\\/davinci.ee\\\/illy-ja-dammann\\\/dammann-freres\\\/\",\"name\":\"Dammann Freres - Illy ja Dammann\",\"isPartOf\":{\"@id\":\"https:\\\/\\\/davinci.ee\\\/illy-ja-dammann\\\/#website\"},\"datePublished\":\"2023-10-26T12:26:10+00:00\",\"dateModified\":\"2024-02-12T07:28:47+00:00\",\"breadcrumb\":{\"@id\":\"https:\\\/\\\/davinci.ee\\\/illy-ja-dammann\\\/dammann-freres\\\/#breadcrumb\"},\"inLanguage\":\"en-US\",\"potentialAction\":[{\"@type\":\"ReadAction\",\"target\":[\"https:\\\/\\\/davinci.ee\\\/illy-ja-dammann\\\/dammann-freres\\\/\"]}]},{\"@type\":\"BreadcrumbList\",\"@id\":\"https:\\\/\\\/davinci.ee\\\/illy-ja-dammann\\\/dammann-freres\\\/#breadcrumb\",\"itemListElement\":[{\"@type\":\"ListItem\",\"position\":1,\"name\":\"Home\",\"item\":\"https:\\\/\\\/davinci.ee\\\/illy-ja-dammann\\\/\"},{\"@type\":\"ListItem\",\"position\":2,\"name\":\"Dammann Freres\"}]},{\"@type\":\"WebSite\",\"@id\":\"https:\\\/\\\/davinci.ee\\\/illy-ja-dammann\\\/#website\",\"url\":\"https:\\\/\\\/davinci.ee\\\/illy-ja-dammann\\\/\",\"name\":\"Illy ja Dammann\",\"description\":\"\",\"potentialAction\":[{\"@type\":\"SearchAction\",\"target\":{\"@type\":\"EntryPoint\",\"urlTemplate\":\"https:\\\/\\\/davinci.ee\\\/illy-ja-dammann\\\/?s={search_term_string}\"},\"query-input\":{\"@type\":\"PropertyValueSpecification\",\"valueRequired\":true,\"valueName\":\"search_term_string\"}}],\"inLanguage\":\"en-US\"}]}<\/script>\n<!-- \/ Yoast SEO plugin. -->","yoast_head_json":{"title":"Dammann Freres - Illy ja Dammann","robots":{"index":"index","follow":"follow","max-snippet":"max-snippet:-1","max-image-preview":"max-image-preview:large","max-video-preview":"max-video-preview:-1"},"canonical":"https:\/\/davinci.ee\/illy-ja-dammann\/dammann-freres\/","og_locale":"en_US","og_type":"article","og_title":"Dammann Freres - Illy ja Dammann","og_url":"https:\/\/davinci.ee\/illy-ja-dammann\/dammann-freres\/","og_site_name":"Illy ja Dammann","article_modified_time":"2024-02-12T07:28:47+00:00","twitter_card":"summary_large_image","schema":{"@context":"https:\/\/schema.org","@graph":[{"@type":"WebPage","@id":"https:\/\/davinci.ee\/illy-ja-dammann\/dammann-freres\/","url":"https:\/\/davinci.ee\/illy-ja-dammann\/dammann-freres\/","name":"Dammann Freres - Illy ja Dammann","isPartOf":{"@id":"https:\/\/davinci.ee\/illy-ja-dammann\/#website"},"datePublished":"2023-10-26T12:26:10+00:00","dateModified":"2024-02-12T07:28:47+00:00","breadcrumb":{"@id":"https:\/\/davinci.ee\/illy-ja-dammann\/dammann-freres\/#breadcrumb"},"inLanguage":"en-US","potentialAction":[{"@type":"ReadAction","target":["https:\/\/davinci.ee\/illy-ja-dammann\/dammann-freres\/"]}]},{"@type":"BreadcrumbList","@id":"https:\/\/davinci.ee\/illy-ja-dammann\/dammann-freres\/#breadcrumb","itemListElement":[{"@type":"ListItem","position":1,"name":"Home","item":"https:\/\/davinci.ee\/illy-ja-dammann\/"},{"@type":"ListItem","position":2,"name":"Dammann Freres"}]},{"@type":"WebSite","@id":"https:\/\/davinci.ee\/illy-ja-dammann\/#website","url":"https:\/\/davinci.ee\/illy-ja-dammann\/","name":"Illy ja Dammann","description":"","potentialAction":[{"@type":"SearchAction","target":{"@type":"EntryPoint","urlTemplate":"https:\/\/davinci.ee\/illy-ja-dammann\/?s={search_term_string}"},"query-input":{"@type":"PropertyValueSpecification","valueRequired":true,"valueName":"search_term_string"}}],"inLanguage":"en-US"}]}},"_links":{"self":[{"href":"https:\/\/davinci.ee\/illy-ja-dammann\/wp-json\/wp\/v2\/pages\/627","targetHints":{"allow":["GET"]}}],"collection":[{"href":"https:\/\/davinci.ee\/illy-ja-dammann\/wp-json\/wp\/v2\/pages"}],"about":[{"href":"https:\/\/davinci.ee\/illy-ja-dammann\/wp-json\/wp\/v2\/types\/page"}],"author":[{"embeddable":true,"href":"https:\/\/davinci.ee\/illy-ja-dammann\/wp-json\/wp\/v2\/users\/2"}],"replies":[{"embeddable":true,"href":"https:\/\/davinci.ee\/illy-ja-dammann\/wp-json\/wp\/v2\/comments?post=627"}],"version-history":[{"count":14,"href":"https:\/\/davinci.ee\/illy-ja-dammann\/wp-json\/wp\/v2\/pages\/627\/revisions"}],"predecessor-version":[{"id":653,"href":"https:\/\/davinci.ee\/illy-ja-dammann\/wp-json\/wp\/v2\/pages\/627\/revisions\/653"}],"wp:attachment":[{"href":"https:\/\/davinci.ee\/illy-ja-dammann\/wp-json\/wp\/v2\/media?parent=627"}],"curies":[{"name":"wp","href":"https:\/\/api.w.org\/{rel}","templated":true}]}}