{"id":596,"date":"2023-10-26T13:02:38","date_gmt":"2023-10-26T10:02:38","guid":{"rendered":"https:\/\/davinci.ee\/illy-ja-dammann\/?page_id=596"},"modified":"2023-10-27T11:18:49","modified_gmt":"2023-10-27T08:18:49","slug":"illy","status":"publish","type":"page","link":"https:\/\/davinci.ee\/illy-ja-dammann\/illy\/","title":{"rendered":"Illy"},"content":{"rendered":"\n<div class=\"illy-wrapper even bottom-sections\" style=\"background-color: #DA2229\">\n    <div class=\"left-side block\">\n        <img decoding=\"async\" src=\"https:\/\/davinci.ee\/illy-ja-dammann\/wp-content\/uploads\/sites\/4\/2023\/10\/illy.png\" alt=\"\">\n    <\/div>\n    <div class=\"right-side \">\n        <div class=\"content-wrap\" style='max-width: 665px'>\n            <h2 class=\"title block background-changed\">Illy<\/h2>\n            <div class=\"text block background-changed\"><p>Francesco Illy l\u00f5i illy 1933. a Trieste linnas Itaalias. Francesco Illy idee oli lihtne: toota maailma parimat kohvi.Alates Francesco Illy unistusest kuni kohvini, mida inimesed saavad nautida iga p\u00e4ev ja igal pool \u00fcle terve maailma: see on lugu 80 aastat kestnud kirest, mis sai inspiratsiooniks nii ettev\u00f5ttele endale kui ka neile valikuile, mis on muutnud illycaff\u00e8 unikaalseks ja teisest nii selgelt eristatavaks.<\/p>\n<p>\u00dche tassi espresso valmistamiseks kulub 50 kohviuba, kuid piisab vaid \u00fchest halvast oast, et tassit\u00e4is kohvi \u00e4ra rikkuda. Just selle p\u00e4rast valib illy kohviubasid \u00fckshaaval.10% maailma parimast kohvisaagist peetakse esmaklassiliseks. illy valib oma ube \u00fcle maailma kasvatatava parima 1% araabika ubade seast. Mida see nende kohta \u00fctleb \u2013 oleme k\u00f5ige kohvi puudutava suhtes perfektsionistid.<\/p>\n<p>1933 a l\u00f5i Francesco Illy oma enda ettev\u00f5tte ja unistas maailma parima kohvi valmistamisest. Nii s\u00fcndiski perekondlik kirg. Illy pere kolme p\u00f5lvkonna jooksul oleme me taaskujundanud peagu iga kohvikultuuri osa: alates illetta \u2013 t\u00e4nap\u00e4evase espressomasina eelk\u00e4ija leiutamisest \u2013 kuni \u00fche tassi jaoks m\u00f5eldud E.S.E kohvipatjadeni, v\u00e4rskuse s\u00e4ilitamiseks m\u00f5eldud survestatud purkideni ja meie kaheastmelise Iperespresso kapslis\u00fcsteemini.T\u00e4naseks leidub Illy edasim\u00fc\u00fcjaid 140 riigis, kuid tootmine toimub siiani ainult Triestes.<\/p>\n<p>\u00a0<\/p>\n<\/div>\n                    <\/div>\n    <\/div>\n<\/div>\n\n<section class=\"illy-product-category\">\n    <div class=\"illy-category \">\n        <h2 class=\"illy-category-title\">Illy tooted<\/h2>\n        <ul class=\"illy-products\">\n                <li class=\"illy-product\">\n                <div class=\"illy-product-image\">\n                    <img loading=\"lazy\" decoding=\"async\" width=\"300\" height=\"300\" src=\"https:\/\/davinci.ee\/illy-ja-dammann\/wp-content\/uploads\/sites\/4\/2023\/10\/illy7095-removebg-preview-1-300x300.png\" class=\"attachment-medium size-medium\" alt=\"\" srcset=\"https:\/\/davinci.ee\/illy-ja-dammann\/wp-content\/uploads\/sites\/4\/2023\/10\/illy7095-removebg-preview-1-300x300.png 300w, https:\/\/davinci.ee\/illy-ja-dammann\/wp-content\/uploads\/sites\/4\/2023\/10\/illy7095-removebg-preview-1-150x150.png 150w, https:\/\/davinci.ee\/illy-ja-dammann\/wp-content\/uploads\/sites\/4\/2023\/10\/illy7095-removebg-preview-1-230x230.png 230w, https:\/\/davinci.ee\/illy-ja-dammann\/wp-content\/uploads\/sites\/4\/2023\/10\/illy7095-removebg-preview-1-219x219.png 219w, https:\/\/davinci.ee\/illy-ja-dammann\/wp-content\/uploads\/sites\/4\/2023\/10\/illy7095-removebg-preview-1.png 480w\" sizes=\"auto, (max-width: 300px) 100vw, 300px\" \/>                <\/div>\n                <h3 class=\"illy-product-title\">Kohvioad<\/h3>\n                <a href=\"https:\/\/davincifood.ee\/toode\/arabica-selection-kohvioad-brasiilia-brazil-illy-250-g\/\"\n                                        class=\"illy-product-link\">\n                    Vaata e-poodi                <\/a>\n            <\/li>\n                    <li class=\"illy-product\">\n                <div class=\"illy-product-image\">\n                    <img loading=\"lazy\" decoding=\"async\" width=\"300\" height=\"300\" src=\"https:\/\/davinci.ee\/illy-ja-dammann\/wp-content\/uploads\/sites\/4\/2023\/10\/illy8868-removebg-preview-1-300x300.png\" class=\"attachment-medium size-medium\" alt=\"\" srcset=\"https:\/\/davinci.ee\/illy-ja-dammann\/wp-content\/uploads\/sites\/4\/2023\/10\/illy8868-removebg-preview-1-300x300.png 300w, https:\/\/davinci.ee\/illy-ja-dammann\/wp-content\/uploads\/sites\/4\/2023\/10\/illy8868-removebg-preview-1-150x150.png 150w, https:\/\/davinci.ee\/illy-ja-dammann\/wp-content\/uploads\/sites\/4\/2023\/10\/illy8868-removebg-preview-1-230x230.png 230w, https:\/\/davinci.ee\/illy-ja-dammann\/wp-content\/uploads\/sites\/4\/2023\/10\/illy8868-removebg-preview-1-219x219.png 219w, https:\/\/davinci.ee\/illy-ja-dammann\/wp-content\/uploads\/sites\/4\/2023\/10\/illy8868-removebg-preview-1.png 446w\" sizes=\"auto, (max-width: 300px) 100vw, 300px\" \/>                <\/div>\n                <h3 class=\"illy-product-title\">Jahvatatud kohvioad<\/h3>\n                <a href=\"https:\/\/davincifood.ee\/toode\/jahvatatud-kohv-keskmine-rost-illy-250-g\/\"\n                                        class=\"illy-product-link\">\n                    Vaata e-poodi                <\/a>\n            <\/li>\n                    <li class=\"illy-product\">\n                <div class=\"illy-product-image\">\n                    <img loading=\"lazy\" decoding=\"async\" width=\"300\" height=\"300\" src=\"https:\/\/davinci.ee\/illy-ja-dammann\/wp-content\/uploads\/sites\/4\/2023\/10\/kodumasinate-kodukapslid-300x300.png\" class=\"attachment-medium size-medium\" alt=\"\" srcset=\"https:\/\/davinci.ee\/illy-ja-dammann\/wp-content\/uploads\/sites\/4\/2023\/10\/kodumasinate-kodukapslid-300x300.png 300w, https:\/\/davinci.ee\/illy-ja-dammann\/wp-content\/uploads\/sites\/4\/2023\/10\/kodumasinate-kodukapslid-150x150.png 150w, https:\/\/davinci.ee\/illy-ja-dammann\/wp-content\/uploads\/sites\/4\/2023\/10\/kodumasinate-kodukapslid-230x230.png 230w, https:\/\/davinci.ee\/illy-ja-dammann\/wp-content\/uploads\/sites\/4\/2023\/10\/kodumasinate-kodukapslid-219x219.png 219w, https:\/\/davinci.ee\/illy-ja-dammann\/wp-content\/uploads\/sites\/4\/2023\/10\/kodumasinate-kodukapslid.png 538w\" sizes=\"auto, (max-width: 300px) 100vw, 300px\" \/>                <\/div>\n                <h3 class=\"illy-product-title\">Kodumasinate kodukapslid<\/h3>\n                <a href=\"#\"\n                                        class=\"illy-product-link\">\n                    Vaata e-poodi                <\/a>\n            <\/li>\n                    <li class=\"illy-product\">\n                <div class=\"illy-product-image\">\n                    <img loading=\"lazy\" decoding=\"async\" width=\"300\" height=\"300\" src=\"https:\/\/davinci.ee\/illy-ja-dammann\/wp-content\/uploads\/sites\/4\/2023\/10\/professionaalsed-kapslid-300x300.png\" class=\"attachment-medium size-medium\" alt=\"\" srcset=\"https:\/\/davinci.ee\/illy-ja-dammann\/wp-content\/uploads\/sites\/4\/2023\/10\/professionaalsed-kapslid-300x300.png 300w, https:\/\/davinci.ee\/illy-ja-dammann\/wp-content\/uploads\/sites\/4\/2023\/10\/professionaalsed-kapslid-150x150.png 150w, https:\/\/davinci.ee\/illy-ja-dammann\/wp-content\/uploads\/sites\/4\/2023\/10\/professionaalsed-kapslid-230x230.png 230w, https:\/\/davinci.ee\/illy-ja-dammann\/wp-content\/uploads\/sites\/4\/2023\/10\/professionaalsed-kapslid-218x219.png 218w, https:\/\/davinci.ee\/illy-ja-dammann\/wp-content\/uploads\/sites\/4\/2023\/10\/professionaalsed-kapslid.png 480w\" sizes=\"auto, (max-width: 300px) 100vw, 300px\" \/>                <\/div>\n                <h3 class=\"illy-product-title\">Professionaalsed kapslid<\/h3>\n                <a href=\"https:\/\/davincifood.ee\/toode\/espresso-kapslid-keskmine-rost-lungo-mitaca-kohvimasinatele-15-tk\/\"\n                                        class=\"illy-product-link\">\n                    Vaata e-poodi                <\/a>\n            <\/li>\n                    <li class=\"illy-product\">\n                <div class=\"illy-product-image\">\n                    <img loading=\"lazy\" decoding=\"async\" width=\"300\" height=\"300\" src=\"https:\/\/davinci.ee\/illy-ja-dammann\/wp-content\/uploads\/sites\/4\/2023\/10\/e.s.e-kohvipadjad-300x300.png\" class=\"attachment-medium size-medium\" alt=\"\" srcset=\"https:\/\/davinci.ee\/illy-ja-dammann\/wp-content\/uploads\/sites\/4\/2023\/10\/e.s.e-kohvipadjad-300x300.png 300w, https:\/\/davinci.ee\/illy-ja-dammann\/wp-content\/uploads\/sites\/4\/2023\/10\/e.s.e-kohvipadjad-150x150.png 150w, https:\/\/davinci.ee\/illy-ja-dammann\/wp-content\/uploads\/sites\/4\/2023\/10\/e.s.e-kohvipadjad-230x230.png 230w, https:\/\/davinci.ee\/illy-ja-dammann\/wp-content\/uploads\/sites\/4\/2023\/10\/e.s.e-kohvipadjad-219x219.png 219w, https:\/\/davinci.ee\/illy-ja-dammann\/wp-content\/uploads\/sites\/4\/2023\/10\/e.s.e-kohvipadjad.png 356w\" sizes=\"auto, (max-width: 300px) 100vw, 300px\" \/>                <\/div>\n                <h3 class=\"illy-product-title\">E.S.E kohvipadjad<\/h3>\n                <a href=\"https:\/\/davincifood.ee\/toode\/illy-ese-kohvipadjad-keskmine-rost-lungo-pikk-kohv-illy-18-tk\/\"\n                                        class=\"illy-product-link\">\n                    Vaata e-poodi                <\/a>\n            <\/li>\n                <\/ul>\n        <\/div>\n<\/section>\n","protected":false},"excerpt":{"rendered":"","protected":false},"author":2,"featured_media":0,"parent":0,"menu_order":0,"comment_status":"closed","ping_status":"closed","template":"page-templates\/main-template.php","meta":{"_acf_changed":false,"footnotes":""},"class_list":["post-596","page","type-page","status-publish","hentry"],"acf":[],"yoast_head":"<!-- This site is optimized with the Yoast SEO plugin v27.3 - https:\/\/yoast.com\/product\/yoast-seo-wordpress\/ -->\n<title>Illy - Illy ja Dammann<\/title>\n<meta name=\"robots\" content=\"index, follow, max-snippet:-1, max-image-preview:large, max-video-preview:-1\" \/>\n<link rel=\"canonical\" href=\"https:\/\/davinci.ee\/illy-ja-dammann\/illy\/\" \/>\n<meta property=\"og:locale\" content=\"en_US\" \/>\n<meta property=\"og:type\" content=\"article\" \/>\n<meta property=\"og:title\" content=\"Illy - Illy ja Dammann\" \/>\n<meta property=\"og:url\" content=\"https:\/\/davinci.ee\/illy-ja-dammann\/illy\/\" \/>\n<meta property=\"og:site_name\" content=\"Illy ja Dammann\" \/>\n<meta property=\"article:modified_time\" content=\"2023-10-27T08:18:49+00:00\" \/>\n<meta name=\"twitter:card\" content=\"summary_large_image\" \/>\n<script type=\"application\/ld+json\" class=\"yoast-schema-graph\">{\"@context\":\"https:\\\/\\\/schema.org\",\"@graph\":[{\"@type\":\"WebPage\",\"@id\":\"https:\\\/\\\/davinci.ee\\\/illy-ja-dammann\\\/illy\\\/\",\"url\":\"https:\\\/\\\/davinci.ee\\\/illy-ja-dammann\\\/illy\\\/\",\"name\":\"Illy - Illy ja Dammann\",\"isPartOf\":{\"@id\":\"https:\\\/\\\/davinci.ee\\\/illy-ja-dammann\\\/#website\"},\"datePublished\":\"2023-10-26T10:02:38+00:00\",\"dateModified\":\"2023-10-27T08:18:49+00:00\",\"breadcrumb\":{\"@id\":\"https:\\\/\\\/davinci.ee\\\/illy-ja-dammann\\\/illy\\\/#breadcrumb\"},\"inLanguage\":\"en-US\",\"potentialAction\":[{\"@type\":\"ReadAction\",\"target\":[\"https:\\\/\\\/davinci.ee\\\/illy-ja-dammann\\\/illy\\\/\"]}]},{\"@type\":\"BreadcrumbList\",\"@id\":\"https:\\\/\\\/davinci.ee\\\/illy-ja-dammann\\\/illy\\\/#breadcrumb\",\"itemListElement\":[{\"@type\":\"ListItem\",\"position\":1,\"name\":\"Home\",\"item\":\"https:\\\/\\\/davinci.ee\\\/illy-ja-dammann\\\/\"},{\"@type\":\"ListItem\",\"position\":2,\"name\":\"Illy\"}]},{\"@type\":\"WebSite\",\"@id\":\"https:\\\/\\\/davinci.ee\\\/illy-ja-dammann\\\/#website\",\"url\":\"https:\\\/\\\/davinci.ee\\\/illy-ja-dammann\\\/\",\"name\":\"Illy ja Dammann\",\"description\":\"\",\"potentialAction\":[{\"@type\":\"SearchAction\",\"target\":{\"@type\":\"EntryPoint\",\"urlTemplate\":\"https:\\\/\\\/davinci.ee\\\/illy-ja-dammann\\\/?s={search_term_string}\"},\"query-input\":{\"@type\":\"PropertyValueSpecification\",\"valueRequired\":true,\"valueName\":\"search_term_string\"}}],\"inLanguage\":\"en-US\"}]}<\/script>\n<!-- \/ Yoast SEO plugin. -->","yoast_head_json":{"title":"Illy - Illy ja Dammann","robots":{"index":"index","follow":"follow","max-snippet":"max-snippet:-1","max-image-preview":"max-image-preview:large","max-video-preview":"max-video-preview:-1"},"canonical":"https:\/\/davinci.ee\/illy-ja-dammann\/illy\/","og_locale":"en_US","og_type":"article","og_title":"Illy - Illy ja Dammann","og_url":"https:\/\/davinci.ee\/illy-ja-dammann\/illy\/","og_site_name":"Illy ja Dammann","article_modified_time":"2023-10-27T08:18:49+00:00","twitter_card":"summary_large_image","schema":{"@context":"https:\/\/schema.org","@graph":[{"@type":"WebPage","@id":"https:\/\/davinci.ee\/illy-ja-dammann\/illy\/","url":"https:\/\/davinci.ee\/illy-ja-dammann\/illy\/","name":"Illy - Illy ja Dammann","isPartOf":{"@id":"https:\/\/davinci.ee\/illy-ja-dammann\/#website"},"datePublished":"2023-10-26T10:02:38+00:00","dateModified":"2023-10-27T08:18:49+00:00","breadcrumb":{"@id":"https:\/\/davinci.ee\/illy-ja-dammann\/illy\/#breadcrumb"},"inLanguage":"en-US","potentialAction":[{"@type":"ReadAction","target":["https:\/\/davinci.ee\/illy-ja-dammann\/illy\/"]}]},{"@type":"BreadcrumbList","@id":"https:\/\/davinci.ee\/illy-ja-dammann\/illy\/#breadcrumb","itemListElement":[{"@type":"ListItem","position":1,"name":"Home","item":"https:\/\/davinci.ee\/illy-ja-dammann\/"},{"@type":"ListItem","position":2,"name":"Illy"}]},{"@type":"WebSite","@id":"https:\/\/davinci.ee\/illy-ja-dammann\/#website","url":"https:\/\/davinci.ee\/illy-ja-dammann\/","name":"Illy ja Dammann","description":"","potentialAction":[{"@type":"SearchAction","target":{"@type":"EntryPoint","urlTemplate":"https:\/\/davinci.ee\/illy-ja-dammann\/?s={search_term_string}"},"query-input":{"@type":"PropertyValueSpecification","valueRequired":true,"valueName":"search_term_string"}}],"inLanguage":"en-US"}]}},"_links":{"self":[{"href":"https:\/\/davinci.ee\/illy-ja-dammann\/wp-json\/wp\/v2\/pages\/596","targetHints":{"allow":["GET"]}}],"collection":[{"href":"https:\/\/davinci.ee\/illy-ja-dammann\/wp-json\/wp\/v2\/pages"}],"about":[{"href":"https:\/\/davinci.ee\/illy-ja-dammann\/wp-json\/wp\/v2\/types\/page"}],"author":[{"embeddable":true,"href":"https:\/\/davinci.ee\/illy-ja-dammann\/wp-json\/wp\/v2\/users\/2"}],"replies":[{"embeddable":true,"href":"https:\/\/davinci.ee\/illy-ja-dammann\/wp-json\/wp\/v2\/comments?post=596"}],"version-history":[{"count":19,"href":"https:\/\/davinci.ee\/illy-ja-dammann\/wp-json\/wp\/v2\/pages\/596\/revisions"}],"predecessor-version":[{"id":655,"href":"https:\/\/davinci.ee\/illy-ja-dammann\/wp-json\/wp\/v2\/pages\/596\/revisions\/655"}],"wp:attachment":[{"href":"https:\/\/davinci.ee\/illy-ja-dammann\/wp-json\/wp\/v2\/media?parent=596"}],"curies":[{"name":"wp","href":"https:\/\/api.w.org\/{rel}","templated":true}]}}