{"id":551,"date":"2023-10-26T10:57:58","date_gmt":"2023-10-26T07:57:58","guid":{"rendered":"https:\/\/davinci.ee\/illy-ja-dammann\/?page_id=551"},"modified":"2023-12-21T12:29:07","modified_gmt":"2023-12-21T10:29:07","slug":"kohvilahendused","status":"publish","type":"page","link":"https:\/\/davinci.ee\/illy-ja-dammann\/kohvilahendused\/","title":{"rendered":"Kohvilahendused"},"content":{"rendered":"\n<div class=\"hero-section_wrap illy-dammann block\">\n            <div class=\"image-wrap\" style=\"background-image: url(https:\/\/davinci.ee\/illy-ja-dammann\/wp-content\/uploads\/sites\/4\/2023\/10\/kohvilahendused-scaled.jpg); background-size: cover;\">\n            <div class=\"title\"><p>Kohvilahendused<\/p>\n<\/div>                         <div class=\"overlay\" style=\"background-color: rgba(0, 0, 0, 0.0);\"><\/div>\n        <\/div>\n    <\/div>\n\n\n<section class=\"illy-categories\">\n    <div class=\"illy-category\">\n        <div class=\"illy-category-anchor\" id=\"kodu\"><\/div>\n        <h2 class=\"illy-category-title\">Kodu &#8211; kuni 30 kohvi p\u00e4evas<\/h2>\n        <div class=\"illy-category-description\"><p>Kapselkohvimasin muudab koduse kohvivalmistamise imelihtsaks ja maitsevaks. Elegantsus, kasutuslihtsus ja kvaliteetne kohv saavad teie igap\u00e4evaelu lahutamatuks osaks nende v\u00f5rratute kapselkohvimasinatega.<\/p>\n<\/div>\n                <ul class=\"illy-products\">\n                        <li class=\"illy-product\">\n                <div class=\"illy-product-image\">\n                    <img loading=\"lazy\" decoding=\"async\" width=\"300\" height=\"300\" src=\"https:\/\/davinci.ee\/illy-ja-dammann\/wp-content\/uploads\/sites\/4\/2023\/10\/image-7-300x300.png\" class=\"attachment-medium size-medium\" alt=\"\" srcset=\"https:\/\/davinci.ee\/illy-ja-dammann\/wp-content\/uploads\/sites\/4\/2023\/10\/image-7-300x300.png 300w, https:\/\/davinci.ee\/illy-ja-dammann\/wp-content\/uploads\/sites\/4\/2023\/10\/image-7-150x150.png 150w, https:\/\/davinci.ee\/illy-ja-dammann\/wp-content\/uploads\/sites\/4\/2023\/10\/image-7-230x230.png 230w, https:\/\/davinci.ee\/illy-ja-dammann\/wp-content\/uploads\/sites\/4\/2023\/10\/image-7-219x219.png 219w, https:\/\/davinci.ee\/illy-ja-dammann\/wp-content\/uploads\/sites\/4\/2023\/10\/image-7.png 388w\" sizes=\"auto, (max-width: 300px) 100vw, 300px\" \/>                <\/div>\n                <h3 class=\"illy-product-title\">illy X7.1<\/h3>\n                <a href=\"https:\/\/davincifood.ee\/toode\/illy-kohvimasin-bianco-x7-1-illy\/\"\n                                        class=\"illy-product-link\">\n                    Vaata e-poodi                <\/a>\n            <\/li>\n                            <li class=\"illy-product\">\n                <div class=\"illy-product-image\">\n                    <img loading=\"lazy\" decoding=\"async\" width=\"300\" height=\"300\" src=\"https:\/\/davinci.ee\/illy-ja-dammann\/wp-content\/uploads\/sites\/4\/2023\/10\/image-8-300x300.png\" class=\"attachment-medium size-medium\" alt=\"\" srcset=\"https:\/\/davinci.ee\/illy-ja-dammann\/wp-content\/uploads\/sites\/4\/2023\/10\/image-8-300x300.png 300w, https:\/\/davinci.ee\/illy-ja-dammann\/wp-content\/uploads\/sites\/4\/2023\/10\/image-8-150x150.png 150w, https:\/\/davinci.ee\/illy-ja-dammann\/wp-content\/uploads\/sites\/4\/2023\/10\/image-8-230x230.png 230w, https:\/\/davinci.ee\/illy-ja-dammann\/wp-content\/uploads\/sites\/4\/2023\/10\/image-8-219x219.png 219w, https:\/\/davinci.ee\/illy-ja-dammann\/wp-content\/uploads\/sites\/4\/2023\/10\/image-8.png 408w\" sizes=\"auto, (max-width: 300px) 100vw, 300px\" \/>                <\/div>\n                <h3 class=\"illy-product-title\">illy Y3.3<\/h3>\n                <a href=\"https:\/\/davincifood.ee\/toode\/kohvimasin-y3-3-illy-3\/\"\n                                        class=\"illy-product-link\">\n                    Vaata e-poodi                <\/a>\n            <\/li>\n                            <li class=\"illy-product\">\n                <div class=\"illy-product-image\">\n                    <img loading=\"lazy\" decoding=\"async\" width=\"244\" height=\"300\" src=\"https:\/\/davinci.ee\/illy-ja-dammann\/wp-content\/uploads\/sites\/4\/2023\/10\/mitacasmart-244x300.png\" class=\"attachment-medium size-medium\" alt=\"\" srcset=\"https:\/\/davinci.ee\/illy-ja-dammann\/wp-content\/uploads\/sites\/4\/2023\/10\/mitacasmart-244x300.png 244w, https:\/\/davinci.ee\/illy-ja-dammann\/wp-content\/uploads\/sites\/4\/2023\/10\/mitacasmart-178x219.png 178w, https:\/\/davinci.ee\/illy-ja-dammann\/wp-content\/uploads\/sites\/4\/2023\/10\/mitacasmart.png 314w\" sizes=\"auto, (max-width: 244px) 100vw, 244px\" \/>                <\/div>\n                <h3 class=\"illy-product-title\">Mitaca Smart 10_M<\/h3>\n                <a href=\"https:\/\/davincifood.ee\/toode\/kohvimasin-smart-10_m-mitaca\/\"\n                                        class=\"illy-product-link\">\n                    Vaata e-poodi                <\/a>\n            <\/li>\n                            <li class=\"illy-product\">\n                <div class=\"illy-product-image\">\n                    <img loading=\"lazy\" decoding=\"async\" width=\"300\" height=\"224\" src=\"https:\/\/davinci.ee\/illy-ja-dammann\/wp-content\/uploads\/sites\/4\/2023\/10\/kalerm-2601-300x224.png\" class=\"attachment-medium size-medium\" alt=\"\" srcset=\"https:\/\/davinci.ee\/illy-ja-dammann\/wp-content\/uploads\/sites\/4\/2023\/10\/kalerm-2601-300x224.png 300w, https:\/\/davinci.ee\/illy-ja-dammann\/wp-content\/uploads\/sites\/4\/2023\/10\/kalerm-2601-294x219.png 294w, https:\/\/davinci.ee\/illy-ja-dammann\/wp-content\/uploads\/sites\/4\/2023\/10\/kalerm-2601.png 400w\" sizes=\"auto, (max-width: 300px) 100vw, 300px\" \/>                <\/div>\n                <h3 class=\"illy-product-title\">Kalerm 2601<\/h3>\n                <a href=\"https:\/\/davincifood.ee\/toode\/taisautomaatne-kohvimasin-2601\/\"\n                                        class=\"illy-product-link\">\n                    Vaata e-poodi                <\/a>\n            <\/li>\n                            <li class=\"illy-product\">\n                <div class=\"illy-product-image\">\n                    <img loading=\"lazy\" decoding=\"async\" width=\"300\" height=\"300\" src=\"https:\/\/davinci.ee\/illy-ja-dammann\/wp-content\/uploads\/sites\/4\/2023\/12\/illy60351-1025x1025-1-300x300.jpg\" class=\"attachment-medium size-medium\" alt=\"\" srcset=\"https:\/\/davinci.ee\/illy-ja-dammann\/wp-content\/uploads\/sites\/4\/2023\/12\/illy60351-1025x1025-1-300x300.jpg 300w, https:\/\/davinci.ee\/illy-ja-dammann\/wp-content\/uploads\/sites\/4\/2023\/12\/illy60351-1025x1025-1-150x150.jpg 150w, https:\/\/davinci.ee\/illy-ja-dammann\/wp-content\/uploads\/sites\/4\/2023\/12\/illy60351-1025x1025-1-768x768.jpg 768w, https:\/\/davinci.ee\/illy-ja-dammann\/wp-content\/uploads\/sites\/4\/2023\/12\/illy60351-1025x1025-1-230x230.jpg 230w, https:\/\/davinci.ee\/illy-ja-dammann\/wp-content\/uploads\/sites\/4\/2023\/12\/illy60351-1025x1025-1-219x219.jpg 219w, https:\/\/davinci.ee\/illy-ja-dammann\/wp-content\/uploads\/sites\/4\/2023\/12\/illy60351-1025x1025-1.jpg 1025w\" sizes=\"auto, (max-width: 300px) 100vw, 300px\" \/>                <\/div>\n                <h3 class=\"illy-product-title\">ILLY kohvimasin X1 must, ESE patjade ja jahvatatud kohvile<\/h3>\n                <a href=\"https:\/\/davincifood.ee\/toode\/illy-kohvimasin-x1-must-ese-patjade-ja-jahvatatud-kohvile-illy\/\"\n                                        class=\"illy-product-link\">\n                    Vaata e-poodi                <\/a>\n            <\/li>\n                        <\/ul>\n                <\/div>\n            <div class=\"illy-category\">\n        <div class=\"illy-category-anchor\" id=\"kontor\"><\/div>\n        <h2 class=\"illy-category-title\">Kontor &#8211; 30-100 kohvip\u00e4evas<\/h2>\n        <div class=\"illy-category-description\"><p>T\u00e4isautomaatne kohvimasin on ideaalne lahendus, et muuta teie kontoris kohvihetked lihtsaks ja nauditavaks. Selle v\u00f5imekus valmistada 30-100 tassi kohvi p\u00e4evas muudab selle suurep\u00e4raseks valikuks keskmise ja suurema suurusega kontoritele.<\/p>\n<\/div>\n                <ul class=\"illy-products\">\n                        <li class=\"illy-product\">\n                <div class=\"illy-product-image\">\n                    <img loading=\"lazy\" decoding=\"async\" width=\"300\" height=\"300\" src=\"https:\/\/davinci.ee\/illy-ja-dammann\/wp-content\/uploads\/sites\/4\/2023\/10\/kalerm-k95lt-300x300.png\" class=\"attachment-medium size-medium\" alt=\"\" srcset=\"https:\/\/davinci.ee\/illy-ja-dammann\/wp-content\/uploads\/sites\/4\/2023\/10\/kalerm-k95lt-300x300.png 300w, https:\/\/davinci.ee\/illy-ja-dammann\/wp-content\/uploads\/sites\/4\/2023\/10\/kalerm-k95lt-150x150.png 150w, https:\/\/davinci.ee\/illy-ja-dammann\/wp-content\/uploads\/sites\/4\/2023\/10\/kalerm-k95lt-230x230.png 230w, https:\/\/davinci.ee\/illy-ja-dammann\/wp-content\/uploads\/sites\/4\/2023\/10\/kalerm-k95lt-219x219.png 219w, https:\/\/davinci.ee\/illy-ja-dammann\/wp-content\/uploads\/sites\/4\/2023\/10\/kalerm-k95lt.png 410w\" sizes=\"auto, (max-width: 300px) 100vw, 300px\" \/>                <\/div>\n                <h3 class=\"illy-product-title\">Kalerm K95LT<\/h3>\n                <a href=\"https:\/\/davincifood.ee\/toode\/taisautomaatne-kohvimasin-k95lt\/\"\n                                        class=\"illy-product-link\">\n                    Vaata e-poodi                <\/a>\n            <\/li>\n                            <li class=\"illy-product\">\n                <div class=\"illy-product-image\">\n                    <img loading=\"lazy\" decoding=\"async\" width=\"300\" height=\"300\" src=\"https:\/\/davinci.ee\/illy-ja-dammann\/wp-content\/uploads\/sites\/4\/2023\/10\/illy-royal-300x300.png\" class=\"attachment-medium size-medium\" alt=\"\" srcset=\"https:\/\/davinci.ee\/illy-ja-dammann\/wp-content\/uploads\/sites\/4\/2023\/10\/illy-royal-300x300.png 300w, https:\/\/davinci.ee\/illy-ja-dammann\/wp-content\/uploads\/sites\/4\/2023\/10\/illy-royal-150x150.png 150w, https:\/\/davinci.ee\/illy-ja-dammann\/wp-content\/uploads\/sites\/4\/2023\/10\/illy-royal-230x230.png 230w, https:\/\/davinci.ee\/illy-ja-dammann\/wp-content\/uploads\/sites\/4\/2023\/10\/illy-royal-219x219.png 219w, https:\/\/davinci.ee\/illy-ja-dammann\/wp-content\/uploads\/sites\/4\/2023\/10\/illy-royal.png 394w\" sizes=\"auto, (max-width: 300px) 100vw, 300px\" \/>                <\/div>\n                <h3 class=\"illy-product-title\">Illy Royal<\/h3>\n                <a href=\"https:\/\/davincifood.ee\/toode\/illy-espresso-kohvimasin-royal-mitaca\/\"\n                                        class=\"illy-product-link\">\n                    Vaata e-poodi                <\/a>\n            <\/li>\n                        <\/ul>\n                <\/div>\n            <div class=\"illy-category\">\n        <div class=\"illy-category-anchor\" id=\"kohvik\"><\/div>\n        <h2 class=\"illy-category-title\">Kohvik\/Restoran\/Hotell &#8211; 100+ kohvi p\u00e4evas<\/h2>\n        <div class=\"illy-category-description\"><p>Professionaalne kohvimasin restoranidele ja kohvikutele pakub suurep\u00e4rast kohvi igas tassis ning on ideaalne valik kui kohvimaht p\u00e4evas \u00fcletab 100 kohvi p\u00e4evas. La Spaziale masinad on t\u00f5husad ja j\u00f5ulised lahendused intensiivse teeninduse jaoks.<\/p>\n<\/div>\n                <ul class=\"illy-products\">\n                        <li class=\"illy-product\">\n                <div class=\"illy-product-image\">\n                    <img loading=\"lazy\" decoding=\"async\" width=\"300\" height=\"224\" src=\"https:\/\/davinci.ee\/illy-ja-dammann\/wp-content\/uploads\/sites\/4\/2023\/10\/s21-spazio-ek-300x224.png\" class=\"attachment-medium size-medium\" alt=\"\" srcset=\"https:\/\/davinci.ee\/illy-ja-dammann\/wp-content\/uploads\/sites\/4\/2023\/10\/s21-spazio-ek-300x224.png 300w, https:\/\/davinci.ee\/illy-ja-dammann\/wp-content\/uploads\/sites\/4\/2023\/10\/s21-spazio-ek-294x219.png 294w, https:\/\/davinci.ee\/illy-ja-dammann\/wp-content\/uploads\/sites\/4\/2023\/10\/s21-spazio-ek.png 400w\" sizes=\"auto, (max-width: 300px) 100vw, 300px\" \/>                <\/div>\n                <h3 class=\"illy-product-title\">S21 Spazio EK<\/h3>\n                <a href=\"https:\/\/davincifood.ee\/toode\/kohvimasin-s21-spazio-ek-must-la-spaziale\/\"\n                                        class=\"illy-product-link\">\n                    Vaata e-poodi                <\/a>\n            <\/li>\n                            <li class=\"illy-product\">\n                <div class=\"illy-product-image\">\n                    <img loading=\"lazy\" decoding=\"async\" width=\"300\" height=\"300\" src=\"https:\/\/davinci.ee\/illy-ja-dammann\/wp-content\/uploads\/sites\/4\/2023\/10\/illy-x7.1-300x300.png\" class=\"attachment-medium size-medium\" alt=\"\" srcset=\"https:\/\/davinci.ee\/illy-ja-dammann\/wp-content\/uploads\/sites\/4\/2023\/10\/illy-x7.1-300x300.png 300w, https:\/\/davinci.ee\/illy-ja-dammann\/wp-content\/uploads\/sites\/4\/2023\/10\/illy-x7.1-150x150.png 150w, https:\/\/davinci.ee\/illy-ja-dammann\/wp-content\/uploads\/sites\/4\/2023\/10\/illy-x7.1-230x230.png 230w, https:\/\/davinci.ee\/illy-ja-dammann\/wp-content\/uploads\/sites\/4\/2023\/10\/illy-x7.1-219x219.png 219w, https:\/\/davinci.ee\/illy-ja-dammann\/wp-content\/uploads\/sites\/4\/2023\/10\/illy-x7.1.png 410w\" sizes=\"auto, (max-width: 300px) 100vw, 300px\" \/>                <\/div>\n                <h3 class=\"illy-product-title\">S40 Suprema 2 LA SPAZIALE<\/h3>\n                <a href=\"https:\/\/davincifood.ee\/toode\/kohvimasin-s40-suprema-2-grupiline-punane-la-spaziale\/\"\n                                        class=\"illy-product-link\">\n                    Vaata e-poodi                <\/a>\n            <\/li>\n                            <li class=\"illy-product\">\n                <div class=\"illy-product-image\">\n                    <img loading=\"lazy\" decoding=\"async\" width=\"300\" height=\"300\" src=\"https:\/\/davinci.ee\/illy-ja-dammann\/wp-content\/uploads\/sites\/4\/2023\/12\/laspt3898-1025x1025-1-300x300.jpg\" class=\"attachment-medium size-medium\" alt=\"\" srcset=\"https:\/\/davinci.ee\/illy-ja-dammann\/wp-content\/uploads\/sites\/4\/2023\/12\/laspt3898-1025x1025-1-300x300.jpg 300w, https:\/\/davinci.ee\/illy-ja-dammann\/wp-content\/uploads\/sites\/4\/2023\/12\/laspt3898-1025x1025-1-150x150.jpg 150w, https:\/\/davinci.ee\/illy-ja-dammann\/wp-content\/uploads\/sites\/4\/2023\/12\/laspt3898-1025x1025-1-768x768.jpg 768w, https:\/\/davinci.ee\/illy-ja-dammann\/wp-content\/uploads\/sites\/4\/2023\/12\/laspt3898-1025x1025-1-230x230.jpg 230w, https:\/\/davinci.ee\/illy-ja-dammann\/wp-content\/uploads\/sites\/4\/2023\/12\/laspt3898-1025x1025-1-219x219.jpg 219w, https:\/\/davinci.ee\/illy-ja-dammann\/wp-content\/uploads\/sites\/4\/2023\/12\/laspt3898-1025x1025-1.jpg 1025w\" sizes=\"auto, (max-width: 300px) 100vw, 300px\" \/>                <\/div>\n                <h3 class=\"illy-product-title\">Kohvimasin S40 Suprema take away<\/h3>\n                <a href=\"https:\/\/davincifood.ee\/toode\/kohvimasin-s40-suprema-take-away-2-grupiline-valge-la-spaziale\/\"\n                                        class=\"illy-product-link\">\n                    Vaata e-poodi                <\/a>\n            <\/li>\n                            <li class=\"illy-product\">\n                <div class=\"illy-product-image\">\n                    <img loading=\"lazy\" decoding=\"async\" width=\"300\" height=\"300\" src=\"https:\/\/davinci.ee\/illy-ja-dammann\/wp-content\/uploads\/sites\/4\/2023\/10\/s5-ek-argento-300x300.png\" class=\"attachment-medium size-medium\" alt=\"\" srcset=\"https:\/\/davinci.ee\/illy-ja-dammann\/wp-content\/uploads\/sites\/4\/2023\/10\/s5-ek-argento-300x300.png 300w, https:\/\/davinci.ee\/illy-ja-dammann\/wp-content\/uploads\/sites\/4\/2023\/10\/s5-ek-argento-150x150.png 150w, https:\/\/davinci.ee\/illy-ja-dammann\/wp-content\/uploads\/sites\/4\/2023\/10\/s5-ek-argento-230x230.png 230w, https:\/\/davinci.ee\/illy-ja-dammann\/wp-content\/uploads\/sites\/4\/2023\/10\/s5-ek-argento-219x219.png 219w, https:\/\/davinci.ee\/illy-ja-dammann\/wp-content\/uploads\/sites\/4\/2023\/10\/s5-ek-argento.png 452w\" sizes=\"auto, (max-width: 300px) 100vw, 300px\" \/>                <\/div>\n                <h3 class=\"illy-product-title\">S5 EK Argento<\/h3>\n                <a href=\"https:\/\/davincifood.ee\/toode\/kohvimasin-s-5-ek-automatica-originaal-s5-ek-automatica-2-gruppi-la-spaziale\/\"\n                                        class=\"illy-product-link\">\n                    Vaata e-poodi                <\/a>\n            <\/li>\n                            <li class=\"illy-product\">\n                <div class=\"illy-product-image\">\n                    <img loading=\"lazy\" decoding=\"async\" width=\"300\" height=\"224\" src=\"https:\/\/davinci.ee\/illy-ja-dammann\/wp-content\/uploads\/sites\/4\/2023\/10\/s5-ek-compact-300x224.png\" class=\"attachment-medium size-medium\" alt=\"\" srcset=\"https:\/\/davinci.ee\/illy-ja-dammann\/wp-content\/uploads\/sites\/4\/2023\/10\/s5-ek-compact-300x224.png 300w, https:\/\/davinci.ee\/illy-ja-dammann\/wp-content\/uploads\/sites\/4\/2023\/10\/s5-ek-compact-294x219.png 294w, https:\/\/davinci.ee\/illy-ja-dammann\/wp-content\/uploads\/sites\/4\/2023\/10\/s5-ek-compact.png 400w\" sizes=\"auto, (max-width: 300px) 100vw, 300px\" \/>                <\/div>\n                <h3 class=\"illy-product-title\">S5 EK Compact<\/h3>\n                <a href=\"https:\/\/davincifood.ee\/toode\/kohvimasin-s-5-ek-compact-ek-argento-automatica-originaal-2-gruppi-la-spaziale\/\"\n                                        class=\"illy-product-link\">\n                    Vaata e-poodi                <\/a>\n            <\/li>\n                            <li class=\"illy-product\">\n                <div class=\"illy-product-image\">\n                    <img loading=\"lazy\" decoding=\"async\" width=\"300\" height=\"300\" src=\"https:\/\/davinci.ee\/illy-ja-dammann\/wp-content\/uploads\/sites\/4\/2023\/10\/s5-ek-automatica-300x300.png\" class=\"attachment-medium size-medium\" alt=\"\" srcset=\"https:\/\/davinci.ee\/illy-ja-dammann\/wp-content\/uploads\/sites\/4\/2023\/10\/s5-ek-automatica-300x300.png 300w, https:\/\/davinci.ee\/illy-ja-dammann\/wp-content\/uploads\/sites\/4\/2023\/10\/s5-ek-automatica-150x150.png 150w, https:\/\/davinci.ee\/illy-ja-dammann\/wp-content\/uploads\/sites\/4\/2023\/10\/s5-ek-automatica-230x230.png 230w, https:\/\/davinci.ee\/illy-ja-dammann\/wp-content\/uploads\/sites\/4\/2023\/10\/s5-ek-automatica-219x219.png 219w, https:\/\/davinci.ee\/illy-ja-dammann\/wp-content\/uploads\/sites\/4\/2023\/10\/s5-ek-automatica.png 410w\" sizes=\"auto, (max-width: 300px) 100vw, 300px\" \/>                <\/div>\n                <h3 class=\"illy-product-title\">S5 EK Automatica<\/h3>\n                <a href=\"https:\/\/davincifood.ee\/toode\/kohvimasin-s5-ek-automatica-2-gruppi-argento-la-spaziale\/\"\n                                        class=\"illy-product-link\">\n                    Vaata e-poodi                <\/a>\n            <\/li>\n                            <li class=\"illy-product\">\n                <div class=\"illy-product-image\">\n                    <img loading=\"lazy\" decoding=\"async\" width=\"300\" height=\"300\" src=\"https:\/\/davinci.ee\/illy-ja-dammann\/wp-content\/uploads\/sites\/4\/2023\/10\/illy-x2.2-300x300.png\" class=\"attachment-medium size-medium\" alt=\"\" srcset=\"https:\/\/davinci.ee\/illy-ja-dammann\/wp-content\/uploads\/sites\/4\/2023\/10\/illy-x2.2-300x300.png 300w, https:\/\/davinci.ee\/illy-ja-dammann\/wp-content\/uploads\/sites\/4\/2023\/10\/illy-x2.2-150x150.png 150w, https:\/\/davinci.ee\/illy-ja-dammann\/wp-content\/uploads\/sites\/4\/2023\/10\/illy-x2.2-230x230.png 230w, https:\/\/davinci.ee\/illy-ja-dammann\/wp-content\/uploads\/sites\/4\/2023\/10\/illy-x2.2-219x219.png 219w, https:\/\/davinci.ee\/illy-ja-dammann\/wp-content\/uploads\/sites\/4\/2023\/10\/illy-x2.2.png 394w\" sizes=\"auto, (max-width: 300px) 100vw, 300px\" \/>                <\/div>\n                <h3 class=\"illy-product-title\">Illy X2.2<\/h3>\n                <a href=\"https:\/\/davincifood.ee\/toode\/illy-kohvimasin-x2-2-la-spaziale\/\"\n                                        class=\"illy-product-link\">\n                    Vaata e-poodi                <\/a>\n            <\/li>\n                        <\/ul>\n                <\/div>\n        <\/section>\n","protected":false},"excerpt":{"rendered":"","protected":false},"author":2,"featured_media":0,"parent":0,"menu_order":0,"comment_status":"closed","ping_status":"closed","template":"page-templates\/main-template.php","meta":{"_acf_changed":false,"footnotes":""},"class_list":["post-551","page","type-page","status-publish","hentry"],"acf":[],"yoast_head":"<!-- This site is optimized with the Yoast SEO plugin v27.3 - https:\/\/yoast.com\/product\/yoast-seo-wordpress\/ -->\n<title>Kohvilahendused - Illy ja Dammann<\/title>\n<meta name=\"robots\" content=\"index, follow, max-snippet:-1, max-image-preview:large, max-video-preview:-1\" \/>\n<link rel=\"canonical\" href=\"https:\/\/davinci.ee\/illy-ja-dammann\/kohvilahendused\/\" \/>\n<meta property=\"og:locale\" content=\"en_US\" \/>\n<meta property=\"og:type\" content=\"article\" \/>\n<meta property=\"og:title\" content=\"Kohvilahendused - Illy ja Dammann\" \/>\n<meta property=\"og:url\" content=\"https:\/\/davinci.ee\/illy-ja-dammann\/kohvilahendused\/\" \/>\n<meta property=\"og:site_name\" content=\"Illy ja Dammann\" \/>\n<meta property=\"article:modified_time\" content=\"2023-12-21T10:29:07+00:00\" \/>\n<meta name=\"twitter:card\" content=\"summary_large_image\" \/>\n<script type=\"application\/ld+json\" class=\"yoast-schema-graph\">{\"@context\":\"https:\\\/\\\/schema.org\",\"@graph\":[{\"@type\":\"WebPage\",\"@id\":\"https:\\\/\\\/davinci.ee\\\/illy-ja-dammann\\\/kohvilahendused\\\/\",\"url\":\"https:\\\/\\\/davinci.ee\\\/illy-ja-dammann\\\/kohvilahendused\\\/\",\"name\":\"Kohvilahendused - Illy ja Dammann\",\"isPartOf\":{\"@id\":\"https:\\\/\\\/davinci.ee\\\/illy-ja-dammann\\\/#website\"},\"datePublished\":\"2023-10-26T07:57:58+00:00\",\"dateModified\":\"2023-12-21T10:29:07+00:00\",\"breadcrumb\":{\"@id\":\"https:\\\/\\\/davinci.ee\\\/illy-ja-dammann\\\/kohvilahendused\\\/#breadcrumb\"},\"inLanguage\":\"en-US\",\"potentialAction\":[{\"@type\":\"ReadAction\",\"target\":[\"https:\\\/\\\/davinci.ee\\\/illy-ja-dammann\\\/kohvilahendused\\\/\"]}]},{\"@type\":\"BreadcrumbList\",\"@id\":\"https:\\\/\\\/davinci.ee\\\/illy-ja-dammann\\\/kohvilahendused\\\/#breadcrumb\",\"itemListElement\":[{\"@type\":\"ListItem\",\"position\":1,\"name\":\"Home\",\"item\":\"https:\\\/\\\/davinci.ee\\\/illy-ja-dammann\\\/\"},{\"@type\":\"ListItem\",\"position\":2,\"name\":\"Kohvilahendused\"}]},{\"@type\":\"WebSite\",\"@id\":\"https:\\\/\\\/davinci.ee\\\/illy-ja-dammann\\\/#website\",\"url\":\"https:\\\/\\\/davinci.ee\\\/illy-ja-dammann\\\/\",\"name\":\"Illy ja Dammann\",\"description\":\"\",\"potentialAction\":[{\"@type\":\"SearchAction\",\"target\":{\"@type\":\"EntryPoint\",\"urlTemplate\":\"https:\\\/\\\/davinci.ee\\\/illy-ja-dammann\\\/?s={search_term_string}\"},\"query-input\":{\"@type\":\"PropertyValueSpecification\",\"valueRequired\":true,\"valueName\":\"search_term_string\"}}],\"inLanguage\":\"en-US\"}]}<\/script>\n<!-- \/ Yoast SEO plugin. -->","yoast_head_json":{"title":"Kohvilahendused - Illy ja Dammann","robots":{"index":"index","follow":"follow","max-snippet":"max-snippet:-1","max-image-preview":"max-image-preview:large","max-video-preview":"max-video-preview:-1"},"canonical":"https:\/\/davinci.ee\/illy-ja-dammann\/kohvilahendused\/","og_locale":"en_US","og_type":"article","og_title":"Kohvilahendused - Illy ja Dammann","og_url":"https:\/\/davinci.ee\/illy-ja-dammann\/kohvilahendused\/","og_site_name":"Illy ja Dammann","article_modified_time":"2023-12-21T10:29:07+00:00","twitter_card":"summary_large_image","schema":{"@context":"https:\/\/schema.org","@graph":[{"@type":"WebPage","@id":"https:\/\/davinci.ee\/illy-ja-dammann\/kohvilahendused\/","url":"https:\/\/davinci.ee\/illy-ja-dammann\/kohvilahendused\/","name":"Kohvilahendused - Illy ja Dammann","isPartOf":{"@id":"https:\/\/davinci.ee\/illy-ja-dammann\/#website"},"datePublished":"2023-10-26T07:57:58+00:00","dateModified":"2023-12-21T10:29:07+00:00","breadcrumb":{"@id":"https:\/\/davinci.ee\/illy-ja-dammann\/kohvilahendused\/#breadcrumb"},"inLanguage":"en-US","potentialAction":[{"@type":"ReadAction","target":["https:\/\/davinci.ee\/illy-ja-dammann\/kohvilahendused\/"]}]},{"@type":"BreadcrumbList","@id":"https:\/\/davinci.ee\/illy-ja-dammann\/kohvilahendused\/#breadcrumb","itemListElement":[{"@type":"ListItem","position":1,"name":"Home","item":"https:\/\/davinci.ee\/illy-ja-dammann\/"},{"@type":"ListItem","position":2,"name":"Kohvilahendused"}]},{"@type":"WebSite","@id":"https:\/\/davinci.ee\/illy-ja-dammann\/#website","url":"https:\/\/davinci.ee\/illy-ja-dammann\/","name":"Illy ja Dammann","description":"","potentialAction":[{"@type":"SearchAction","target":{"@type":"EntryPoint","urlTemplate":"https:\/\/davinci.ee\/illy-ja-dammann\/?s={search_term_string}"},"query-input":{"@type":"PropertyValueSpecification","valueRequired":true,"valueName":"search_term_string"}}],"inLanguage":"en-US"}]}},"_links":{"self":[{"href":"https:\/\/davinci.ee\/illy-ja-dammann\/wp-json\/wp\/v2\/pages\/551","targetHints":{"allow":["GET"]}}],"collection":[{"href":"https:\/\/davinci.ee\/illy-ja-dammann\/wp-json\/wp\/v2\/pages"}],"about":[{"href":"https:\/\/davinci.ee\/illy-ja-dammann\/wp-json\/wp\/v2\/types\/page"}],"author":[{"embeddable":true,"href":"https:\/\/davinci.ee\/illy-ja-dammann\/wp-json\/wp\/v2\/users\/2"}],"replies":[{"embeddable":true,"href":"https:\/\/davinci.ee\/illy-ja-dammann\/wp-json\/wp\/v2\/comments?post=551"}],"version-history":[{"count":33,"href":"https:\/\/davinci.ee\/illy-ja-dammann\/wp-json\/wp\/v2\/pages\/551\/revisions"}],"predecessor-version":[{"id":692,"href":"https:\/\/davinci.ee\/illy-ja-dammann\/wp-json\/wp\/v2\/pages\/551\/revisions\/692"}],"wp:attachment":[{"href":"https:\/\/davinci.ee\/illy-ja-dammann\/wp-json\/wp\/v2\/media?parent=551"}],"curies":[{"name":"wp","href":"https:\/\/api.w.org\/{rel}","templated":true}]}}