{"id":5228,"date":"2025-09-08T14:17:27","date_gmt":"2025-09-08T11:17:27","guid":{"rendered":"https:\/\/davinci.ee\/golfirestoran\/?page_id=5228"},"modified":"2025-09-08T14:17:50","modified_gmt":"2025-09-08T11:17:50","slug":"ole-davinci-pusiklient","status":"publish","type":"page","link":"https:\/\/davinci.ee\/golfirestoran\/ole-davinci-pusiklient\/","title":{"rendered":"P\u00fcsikliendiks"},"content":{"rendered":"<section class=\"block-pdf-menu container gutters orange\">\n\t<div class=\"row\">\n\t\t<div class=\"col-md-5\">\n            \t\t\t\t<h2 class=\"title\">Ole Da Vinci p\u00fcsiklient<\/h2>\n                        \t\t\t\t<div class=\"text\">\n\t\t\t\t\t<p><strong data-start=\"59\" data-end=\"81\">Kuidas see toimib?<\/strong><\/p>\n<ul>\n<li data-start=\"59\" data-end=\"334\">Liitu Da Vinci cashback programmiga \u2013 see on kiire, lihtne ja t\u00e4iesti tasuta!<\/li>\n<li data-start=\"59\" data-end=\"334\">Iga ostuga kogud virtuaalraha (cashbacki) \u2013 5% arve summast, mida saad kasutada j\u00e4rgmistel ostudel.<\/li>\n<\/ul>\n<p><strong data-start=\"336\" data-end=\"351\">Kus kehtib?<\/strong><\/p>\n<ul>\n<li data-start=\"336\" data-end=\"413\">Cashback programm toimib k\u00f5ikides Da Vinci restoranides.<\/li>\n<\/ul>\n<p><strong data-start=\"415\" data-end=\"434\">Kuidas liituda?<\/strong><\/p>\n<ul>\n<li data-start=\"415\" data-end=\"576\">Registreeri end Da Vinci kliendiks mugavalt siin v\u00f5i restoranis koha peal.<\/li>\n<li data-start=\"415\" data-end=\"576\">Oma kogutud virtuaalraha saad j\u00e4lgida telefonist v\u00f5i restorani t\u0161eki pealt.<\/li>\n<\/ul>\n<p>* Esmasel registreerimisel on vajalik ID-kaardi kasutamine nii uutel kui ka juba registreeritud klientidel.<br \/>\n* Praegused kliendikaardid l\u00e4hevad automaatselt \u00fcle boonuskaardiks ning ID-kaart j\u00e4\u00e4b kehtima kliendikaardina.<br \/>\n* Kogutud boonust saab kasutada jooksva aasta l\u00f5puni. Iga uus aasta toob kaasa uue boonusperioodi.<\/p>\n\t\t\t\t<\/div>\n            \t\t\t                                    <div class=\"button-wrap\">\n                                                                                                                        <a class=\"button\" href=\"https:\/\/davincirestoranid.compucash5.com\/\">Liitu<\/a>\n                                                                                                        <\/div>\n                            \t\t\t\t\t\t\t                    \t\t\t\t\t\t\t\t\t<\/div>\n\t\t<div class=\"col-md-7\">\n\t\t\t<div class=\"img-wrap\">\n\t\t\t\t                \t                    \t                        \t<img loading=\"lazy\" decoding=\"async\" width=\"2500\" height=\"1669\" src=\"https:\/\/davinci.ee\/golfirestoran\/wp-content\/uploads\/sites\/2\/2024\/05\/dsc_7575-1.jpg\" class=\"items__layer layer\" alt=\"\" srcset=\"https:\/\/davinci.ee\/golfirestoran\/wp-content\/uploads\/sites\/2\/2024\/05\/dsc_7575-1.jpg 2500w, https:\/\/davinci.ee\/golfirestoran\/wp-content\/uploads\/sites\/2\/2024\/05\/dsc_7575-1-300x200.jpg 300w, https:\/\/davinci.ee\/golfirestoran\/wp-content\/uploads\/sites\/2\/2024\/05\/dsc_7575-1-1024x684.jpg 1024w, https:\/\/davinci.ee\/golfirestoran\/wp-content\/uploads\/sites\/2\/2024\/05\/dsc_7575-1-768x513.jpg 768w, https:\/\/davinci.ee\/golfirestoran\/wp-content\/uploads\/sites\/2\/2024\/05\/dsc_7575-1-1536x1025.jpg 1536w, https:\/\/davinci.ee\/golfirestoran\/wp-content\/uploads\/sites\/2\/2024\/05\/dsc_7575-1-2048x1367.jpg 2048w, https:\/\/davinci.ee\/golfirestoran\/wp-content\/uploads\/sites\/2\/2024\/05\/dsc_7575-1-328x219.jpg 328w\" sizes=\"auto, (max-width: 2500px) 100vw, 2500px\" \/>\t                        \t                                \t                        \t<img loading=\"lazy\" decoding=\"async\" width=\"1707\" height=\"2560\" src=\"https:\/\/davinci.ee\/golfirestoran\/wp-content\/uploads\/sites\/2\/2024\/05\/imgl4753_fullsize_fotograaf.lauri_.laan_-scaled.jpg\" class=\"items__layer layer\" alt=\"\" srcset=\"https:\/\/davinci.ee\/golfirestoran\/wp-content\/uploads\/sites\/2\/2024\/05\/imgl4753_fullsize_fotograaf.lauri_.laan_-scaled.jpg 1707w, https:\/\/davinci.ee\/golfirestoran\/wp-content\/uploads\/sites\/2\/2024\/05\/imgl4753_fullsize_fotograaf.lauri_.laan_-200x300.jpg 200w, https:\/\/davinci.ee\/golfirestoran\/wp-content\/uploads\/sites\/2\/2024\/05\/imgl4753_fullsize_fotograaf.lauri_.laan_-683x1024.jpg 683w, https:\/\/davinci.ee\/golfirestoran\/wp-content\/uploads\/sites\/2\/2024\/05\/imgl4753_fullsize_fotograaf.lauri_.laan_-768x1152.jpg 768w, https:\/\/davinci.ee\/golfirestoran\/wp-content\/uploads\/sites\/2\/2024\/05\/imgl4753_fullsize_fotograaf.lauri_.laan_-1024x1536.jpg 1024w, https:\/\/davinci.ee\/golfirestoran\/wp-content\/uploads\/sites\/2\/2024\/05\/imgl4753_fullsize_fotograaf.lauri_.laan_-1366x2048.jpg 1366w, https:\/\/davinci.ee\/golfirestoran\/wp-content\/uploads\/sites\/2\/2024\/05\/imgl4753_fullsize_fotograaf.lauri_.laan_-146x219.jpg 146w\" sizes=\"auto, (max-width: 1707px) 100vw, 1707px\" \/>\t                        \t                                \t                        \t<img loading=\"lazy\" decoding=\"async\" width=\"2560\" height=\"1707\" src=\"https:\/\/davinci.ee\/golfirestoran\/wp-content\/uploads\/sites\/2\/2024\/05\/gerlijaivo-412-scaled.jpg\" class=\"items__layer layer\" alt=\"\" srcset=\"https:\/\/davinci.ee\/golfirestoran\/wp-content\/uploads\/sites\/2\/2024\/05\/gerlijaivo-412-scaled.jpg 2560w, https:\/\/davinci.ee\/golfirestoran\/wp-content\/uploads\/sites\/2\/2024\/05\/gerlijaivo-412-300x200.jpg 300w, https:\/\/davinci.ee\/golfirestoran\/wp-content\/uploads\/sites\/2\/2024\/05\/gerlijaivo-412-1024x683.jpg 1024w, https:\/\/davinci.ee\/golfirestoran\/wp-content\/uploads\/sites\/2\/2024\/05\/gerlijaivo-412-768x512.jpg 768w, https:\/\/davinci.ee\/golfirestoran\/wp-content\/uploads\/sites\/2\/2024\/05\/gerlijaivo-412-1536x1024.jpg 1536w, https:\/\/davinci.ee\/golfirestoran\/wp-content\/uploads\/sites\/2\/2024\/05\/gerlijaivo-412-2048x1365.jpg 2048w, https:\/\/davinci.ee\/golfirestoran\/wp-content\/uploads\/sites\/2\/2024\/05\/gerlijaivo-412-329x219.jpg 329w\" sizes=\"auto, (max-width: 2560px) 100vw, 2560px\" \/>\t                        \t                                \t                        \t<img loading=\"lazy\" decoding=\"async\" width=\"1310\" height=\"983\" src=\"https:\/\/davinci.ee\/golfirestoran\/wp-content\/uploads\/sites\/2\/2023\/08\/dji_0006-1-1310x983-1.jpg\" class=\"items__layer layer\" alt=\"\" srcset=\"https:\/\/davinci.ee\/golfirestoran\/wp-content\/uploads\/sites\/2\/2023\/08\/dji_0006-1-1310x983-1.jpg 1310w, https:\/\/davinci.ee\/golfirestoran\/wp-content\/uploads\/sites\/2\/2023\/08\/dji_0006-1-1310x983-1-300x225.jpg 300w, https:\/\/davinci.ee\/golfirestoran\/wp-content\/uploads\/sites\/2\/2023\/08\/dji_0006-1-1310x983-1-1024x768.jpg 1024w, https:\/\/davinci.ee\/golfirestoran\/wp-content\/uploads\/sites\/2\/2023\/08\/dji_0006-1-1310x983-1-768x576.jpg 768w, https:\/\/davinci.ee\/golfirestoran\/wp-content\/uploads\/sites\/2\/2023\/08\/dji_0006-1-1310x983-1-292x219.jpg 292w\" sizes=\"auto, (max-width: 1310px) 100vw, 1310px\" \/>\t                        \t                                \t                        \t<img loading=\"lazy\" decoding=\"async\" width=\"1310\" height=\"983\" src=\"https:\/\/davinci.ee\/golfirestoran\/wp-content\/uploads\/sites\/2\/2023\/08\/dji_0013-1310x983-1.jpg\" class=\"items__layer layer\" alt=\"\" srcset=\"https:\/\/davinci.ee\/golfirestoran\/wp-content\/uploads\/sites\/2\/2023\/08\/dji_0013-1310x983-1.jpg 1310w, https:\/\/davinci.ee\/golfirestoran\/wp-content\/uploads\/sites\/2\/2023\/08\/dji_0013-1310x983-1-300x225.jpg 300w, https:\/\/davinci.ee\/golfirestoran\/wp-content\/uploads\/sites\/2\/2023\/08\/dji_0013-1310x983-1-1024x768.jpg 1024w, https:\/\/davinci.ee\/golfirestoran\/wp-content\/uploads\/sites\/2\/2023\/08\/dji_0013-1310x983-1-768x576.jpg 768w, https:\/\/davinci.ee\/golfirestoran\/wp-content\/uploads\/sites\/2\/2023\/08\/dji_0013-1310x983-1-292x219.jpg 292w\" sizes=\"auto, (max-width: 1310px) 100vw, 1310px\" \/>\t                        \t                                \t                        \t<img loading=\"lazy\" decoding=\"async\" width=\"2560\" height=\"1707\" src=\"https:\/\/davinci.ee\/golfirestoran\/wp-content\/uploads\/sites\/2\/2024\/05\/gerlijaivo-367-1-scaled.jpg\" class=\"items__layer layer\" alt=\"\" srcset=\"https:\/\/davinci.ee\/golfirestoran\/wp-content\/uploads\/sites\/2\/2024\/05\/gerlijaivo-367-1-scaled.jpg 2560w, https:\/\/davinci.ee\/golfirestoran\/wp-content\/uploads\/sites\/2\/2024\/05\/gerlijaivo-367-1-300x200.jpg 300w, https:\/\/davinci.ee\/golfirestoran\/wp-content\/uploads\/sites\/2\/2024\/05\/gerlijaivo-367-1-1024x683.jpg 1024w, https:\/\/davinci.ee\/golfirestoran\/wp-content\/uploads\/sites\/2\/2024\/05\/gerlijaivo-367-1-768x512.jpg 768w, https:\/\/davinci.ee\/golfirestoran\/wp-content\/uploads\/sites\/2\/2024\/05\/gerlijaivo-367-1-1536x1024.jpg 1536w, https:\/\/davinci.ee\/golfirestoran\/wp-content\/uploads\/sites\/2\/2024\/05\/gerlijaivo-367-1-2048x1365.jpg 2048w, https:\/\/davinci.ee\/golfirestoran\/wp-content\/uploads\/sites\/2\/2024\/05\/gerlijaivo-367-1-329x219.jpg 329w\" sizes=\"auto, (max-width: 2560px) 100vw, 2560px\" \/>\t                        \t                                \t                        \t<img loading=\"lazy\" decoding=\"async\" width=\"2500\" height=\"1920\" src=\"https:\/\/davinci.ee\/golfirestoran\/wp-content\/uploads\/sites\/2\/2024\/05\/dji_0026.jpg\" class=\"items__layer layer\" alt=\"\" srcset=\"https:\/\/davinci.ee\/golfirestoran\/wp-content\/uploads\/sites\/2\/2024\/05\/dji_0026.jpg 2500w, https:\/\/davinci.ee\/golfirestoran\/wp-content\/uploads\/sites\/2\/2024\/05\/dji_0026-300x230.jpg 300w, https:\/\/davinci.ee\/golfirestoran\/wp-content\/uploads\/sites\/2\/2024\/05\/dji_0026-1024x786.jpg 1024w, https:\/\/davinci.ee\/golfirestoran\/wp-content\/uploads\/sites\/2\/2024\/05\/dji_0026-768x590.jpg 768w, https:\/\/davinci.ee\/golfirestoran\/wp-content\/uploads\/sites\/2\/2024\/05\/dji_0026-1536x1180.jpg 1536w, https:\/\/davinci.ee\/golfirestoran\/wp-content\/uploads\/sites\/2\/2024\/05\/dji_0026-2048x1573.jpg 2048w, https:\/\/davinci.ee\/golfirestoran\/wp-content\/uploads\/sites\/2\/2024\/05\/dji_0026-285x219.jpg 285w\" sizes=\"auto, (max-width: 2500px) 100vw, 2500px\" \/>\t                        \t                                        <\/div>\n\t\t<\/div>\n\t<\/div>\n<\/section>\n\n\n<div class=\"block block-paragraph gutters\">\n<p><\/p>\n<\/div>","protected":false},"excerpt":{"rendered":"","protected":false},"author":2,"featured_media":0,"parent":0,"menu_order":0,"comment_status":"closed","ping_status":"closed","template":"","meta":{"_acf_changed":false,"footnotes":""},"class_list":["post-5228","page","type-page","status-publish","hentry"],"acf":[],"yoast_head":"<!-- This site is optimized with the Yoast SEO plugin v27.4 - https:\/\/yoast.com\/product\/yoast-seo-wordpress\/ -->\n<title>P\u00fcsikliendiks - J\u00f5el\u00e4htme Da Vinci Golfirestoran<\/title>\n<meta name=\"robots\" content=\"index, follow, max-snippet:-1, max-image-preview:large, max-video-preview:-1\" \/>\n<link rel=\"canonical\" href=\"https:\/\/davinci.ee\/golfirestoran\/ole-davinci-pusiklient\/\" \/>\n<meta property=\"og:locale\" content=\"et_EE\" \/>\n<meta property=\"og:type\" content=\"article\" \/>\n<meta property=\"og:title\" content=\"P\u00fcsikliendiks - J\u00f5el\u00e4htme Da Vinci Golfirestoran\" \/>\n<meta property=\"og:url\" content=\"https:\/\/davinci.ee\/golfirestoran\/ole-davinci-pusiklient\/\" \/>\n<meta property=\"og:site_name\" content=\"J\u00f5el\u00e4htme Da Vinci Golfirestoran\" \/>\n<meta property=\"article:modified_time\" content=\"2025-09-08T11:17:50+00:00\" \/>\n<meta name=\"twitter:card\" content=\"summary_large_image\" \/>\n<script type=\"application\/ld+json\" class=\"yoast-schema-graph\">{\"@context\":\"https:\\\/\\\/schema.org\",\"@graph\":[{\"@type\":\"WebPage\",\"@id\":\"https:\\\/\\\/davinci.ee\\\/golfirestoran\\\/ole-davinci-pusiklient\\\/\",\"url\":\"https:\\\/\\\/davinci.ee\\\/golfirestoran\\\/ole-davinci-pusiklient\\\/\",\"name\":\"P\u00fcsikliendiks - J\u00f5el\u00e4htme Da Vinci Golfirestoran\",\"isPartOf\":{\"@id\":\"https:\\\/\\\/davinci.ee\\\/golfirestoran\\\/ru\\\/#website\"},\"datePublished\":\"2025-09-08T11:17:27+00:00\",\"dateModified\":\"2025-09-08T11:17:50+00:00\",\"breadcrumb\":{\"@id\":\"https:\\\/\\\/davinci.ee\\\/golfirestoran\\\/ole-davinci-pusiklient\\\/#breadcrumb\"},\"inLanguage\":\"et\",\"potentialAction\":[{\"@type\":\"ReadAction\",\"target\":[\"https:\\\/\\\/davinci.ee\\\/golfirestoran\\\/ole-davinci-pusiklient\\\/\"]}]},{\"@type\":\"BreadcrumbList\",\"@id\":\"https:\\\/\\\/davinci.ee\\\/golfirestoran\\\/ole-davinci-pusiklient\\\/#breadcrumb\",\"itemListElement\":[{\"@type\":\"ListItem\",\"position\":1,\"name\":\"Home\",\"item\":\"https:\\\/\\\/davinci.ee\\\/golfirestoran\\\/\"},{\"@type\":\"ListItem\",\"position\":2,\"name\":\"P\u00fcsikliendiks\"}]},{\"@type\":\"WebSite\",\"@id\":\"https:\\\/\\\/davinci.ee\\\/golfirestoran\\\/ru\\\/#website\",\"url\":\"https:\\\/\\\/davinci.ee\\\/golfirestoran\\\/ru\\\/\",\"name\":\"J\u00f5el\u00e4htme Da Vinci Golfirestoran\",\"description\":\"\",\"potentialAction\":[{\"@type\":\"SearchAction\",\"target\":{\"@type\":\"EntryPoint\",\"urlTemplate\":\"https:\\\/\\\/davinci.ee\\\/golfirestoran\\\/ru\\\/?s={search_term_string}\"},\"query-input\":{\"@type\":\"PropertyValueSpecification\",\"valueRequired\":true,\"valueName\":\"search_term_string\"}}],\"inLanguage\":\"et\"}]}<\/script>\n<!-- \/ Yoast SEO plugin. -->","yoast_head_json":{"title":"P\u00fcsikliendiks - J\u00f5el\u00e4htme Da Vinci Golfirestoran","robots":{"index":"index","follow":"follow","max-snippet":"max-snippet:-1","max-image-preview":"max-image-preview:large","max-video-preview":"max-video-preview:-1"},"canonical":"https:\/\/davinci.ee\/golfirestoran\/ole-davinci-pusiklient\/","og_locale":"et_EE","og_type":"article","og_title":"P\u00fcsikliendiks - J\u00f5el\u00e4htme Da Vinci Golfirestoran","og_url":"https:\/\/davinci.ee\/golfirestoran\/ole-davinci-pusiklient\/","og_site_name":"J\u00f5el\u00e4htme Da Vinci Golfirestoran","article_modified_time":"2025-09-08T11:17:50+00:00","twitter_card":"summary_large_image","schema":{"@context":"https:\/\/schema.org","@graph":[{"@type":"WebPage","@id":"https:\/\/davinci.ee\/golfirestoran\/ole-davinci-pusiklient\/","url":"https:\/\/davinci.ee\/golfirestoran\/ole-davinci-pusiklient\/","name":"P\u00fcsikliendiks - J\u00f5el\u00e4htme Da Vinci Golfirestoran","isPartOf":{"@id":"https:\/\/davinci.ee\/golfirestoran\/ru\/#website"},"datePublished":"2025-09-08T11:17:27+00:00","dateModified":"2025-09-08T11:17:50+00:00","breadcrumb":{"@id":"https:\/\/davinci.ee\/golfirestoran\/ole-davinci-pusiklient\/#breadcrumb"},"inLanguage":"et","potentialAction":[{"@type":"ReadAction","target":["https:\/\/davinci.ee\/golfirestoran\/ole-davinci-pusiklient\/"]}]},{"@type":"BreadcrumbList","@id":"https:\/\/davinci.ee\/golfirestoran\/ole-davinci-pusiklient\/#breadcrumb","itemListElement":[{"@type":"ListItem","position":1,"name":"Home","item":"https:\/\/davinci.ee\/golfirestoran\/"},{"@type":"ListItem","position":2,"name":"P\u00fcsikliendiks"}]},{"@type":"WebSite","@id":"https:\/\/davinci.ee\/golfirestoran\/ru\/#website","url":"https:\/\/davinci.ee\/golfirestoran\/ru\/","name":"J\u00f5el\u00e4htme Da Vinci Golfirestoran","description":"","potentialAction":[{"@type":"SearchAction","target":{"@type":"EntryPoint","urlTemplate":"https:\/\/davinci.ee\/golfirestoran\/ru\/?s={search_term_string}"},"query-input":{"@type":"PropertyValueSpecification","valueRequired":true,"valueName":"search_term_string"}}],"inLanguage":"et"}]}},"_links":{"self":[{"href":"https:\/\/davinci.ee\/golfirestoran\/wp-json\/wp\/v2\/pages\/5228","targetHints":{"allow":["GET"]}}],"collection":[{"href":"https:\/\/davinci.ee\/golfirestoran\/wp-json\/wp\/v2\/pages"}],"about":[{"href":"https:\/\/davinci.ee\/golfirestoran\/wp-json\/wp\/v2\/types\/page"}],"author":[{"embeddable":true,"href":"https:\/\/davinci.ee\/golfirestoran\/wp-json\/wp\/v2\/users\/2"}],"replies":[{"embeddable":true,"href":"https:\/\/davinci.ee\/golfirestoran\/wp-json\/wp\/v2\/comments?post=5228"}],"version-history":[{"count":3,"href":"https:\/\/davinci.ee\/golfirestoran\/wp-json\/wp\/v2\/pages\/5228\/revisions"}],"predecessor-version":[{"id":5232,"href":"https:\/\/davinci.ee\/golfirestoran\/wp-json\/wp\/v2\/pages\/5228\/revisions\/5232"}],"wp:attachment":[{"href":"https:\/\/davinci.ee\/golfirestoran\/wp-json\/wp\/v2\/media?parent=5228"}],"curies":[{"name":"wp","href":"https:\/\/api.w.org\/{rel}","templated":true}]}}