{"id":5194,"date":"2025-07-24T10:02:11","date_gmt":"2025-07-24T07:02:11","guid":{"rendered":"https:\/\/davinci.ee\/golfirestoran\/?page_id=5194"},"modified":"2026-03-03T19:54:44","modified_gmt":"2026-03-03T17:54:44","slug":"eriuritused","status":"publish","type":"page","link":"https:\/\/davinci.ee\/golfirestoran\/eriuritused\/","title":{"rendered":"Eri\u00fcritused"},"content":{"rendered":"<section class=\"block-pdf-menu container gutters orange\">\n\t<div class=\"row\">\n\t\t<div class=\"col-md-5\">\n            \t\t\t\t<h2 class=\"title\">Eri\u00fcritused Da Vinci Golfirestoranis<\/h2>\n                        \t\t\t\t<div class=\"text\">\n\t\t\t\t\t<p data-start=\"170\" data-end=\"467\">J\u00f5el\u00e4htme Da Vinci Golfirestoran on ideaalne paik <strong>eriliste s\u00fcndmuste t\u00e4histamiseks \u2013 olgu selleks pulm, s\u00fcnnip\u00e4ev, firmapidu v\u00f5i m\u00f5ni muu t\u00e4htp\u00e4ev<\/strong>. Meie hubane ja avar peosaal mahutab kuni 80 k\u00fclalist, lisaks pakume suvist terrassi ja kaunist vaadet, mis loob meeldej\u00e4\u00e4va \u00f5hkkonna igale \u00fcritusele.<\/p>\n<p data-start=\"469\" data-end=\"623\">Meie kogenud meeskond hoolitseb maitsva toidu, paindliku ruumilahenduse ja k\u00f5rgetasemelise teeninduse eest, et teie s\u00fcndmus kulgeks sujuvalt ja eriliselt.<\/p>\n<p data-start=\"625\" data-end=\"808\">Soovi korral saab s\u00fcndmusele lisada sportliku vahepausi \u2013 meie k\u00f5rval asuv Estonian Golf &amp; Country Club v\u00f5imaldab nautida maailmatasemel golfiv\u00e4ljaku elamust enne v\u00f5i p\u00e4rast pidu.<\/p>\n<p><em><strong>V\u00f5ta \u00fchendust meie s\u00fcndmuste juhiga, et luua \u00fcheskoos meeleolukaid m\u00e4lestusi:<\/strong><\/em><\/p>\n<p><strong>Ines Arna<\/strong><br \/>\nE-mail: <a href=\"mailto:ines@davincifood.ee\">ines@davincifood.ee<\/a><br \/>\nKontaktnumber: <a href=\"tel:+372 5624 3278\">+372 5624 3278<\/a><\/p>\n<p>&nbsp;<\/p>\n<p>&nbsp;<\/p>\n\t\t\t\t<\/div>\n            \t\t\t                                    <div class=\"button-wrap\">\n                                                                                                                        <a class=\"button\" href=\"#site-footer\">Broneeri \u00fcritus<\/a>\n                                                                                                        <\/div>\n                            \t\t\t\t\t\t\t                    \t\t\t\t\t\t\t\t\t<\/div>\n\t\t<div class=\"col-md-7\">\n\t\t\t<div class=\"img-wrap\">\n\t\t\t\t                \t                    \t                        \t<img loading=\"lazy\" decoding=\"async\" width=\"2500\" height=\"1669\" src=\"https:\/\/davinci.ee\/golfirestoran\/wp-content\/uploads\/sites\/2\/2024\/05\/dsc_7575-1.jpg\" class=\"items__layer layer\" alt=\"\" srcset=\"https:\/\/davinci.ee\/golfirestoran\/wp-content\/uploads\/sites\/2\/2024\/05\/dsc_7575-1.jpg 2500w, https:\/\/davinci.ee\/golfirestoran\/wp-content\/uploads\/sites\/2\/2024\/05\/dsc_7575-1-300x200.jpg 300w, https:\/\/davinci.ee\/golfirestoran\/wp-content\/uploads\/sites\/2\/2024\/05\/dsc_7575-1-1024x684.jpg 1024w, https:\/\/davinci.ee\/golfirestoran\/wp-content\/uploads\/sites\/2\/2024\/05\/dsc_7575-1-768x513.jpg 768w, https:\/\/davinci.ee\/golfirestoran\/wp-content\/uploads\/sites\/2\/2024\/05\/dsc_7575-1-1536x1025.jpg 1536w, https:\/\/davinci.ee\/golfirestoran\/wp-content\/uploads\/sites\/2\/2024\/05\/dsc_7575-1-2048x1367.jpg 2048w, https:\/\/davinci.ee\/golfirestoran\/wp-content\/uploads\/sites\/2\/2024\/05\/dsc_7575-1-328x219.jpg 328w\" sizes=\"auto, (max-width: 2500px) 100vw, 2500px\" \/>\t                        \t                                \t                        \t<img loading=\"lazy\" decoding=\"async\" width=\"1707\" height=\"2560\" src=\"https:\/\/davinci.ee\/golfirestoran\/wp-content\/uploads\/sites\/2\/2024\/05\/imgl4753_fullsize_fotograaf.lauri_.laan_-scaled.jpg\" class=\"items__layer layer\" alt=\"\" srcset=\"https:\/\/davinci.ee\/golfirestoran\/wp-content\/uploads\/sites\/2\/2024\/05\/imgl4753_fullsize_fotograaf.lauri_.laan_-scaled.jpg 1707w, https:\/\/davinci.ee\/golfirestoran\/wp-content\/uploads\/sites\/2\/2024\/05\/imgl4753_fullsize_fotograaf.lauri_.laan_-200x300.jpg 200w, https:\/\/davinci.ee\/golfirestoran\/wp-content\/uploads\/sites\/2\/2024\/05\/imgl4753_fullsize_fotograaf.lauri_.laan_-683x1024.jpg 683w, https:\/\/davinci.ee\/golfirestoran\/wp-content\/uploads\/sites\/2\/2024\/05\/imgl4753_fullsize_fotograaf.lauri_.laan_-768x1152.jpg 768w, https:\/\/davinci.ee\/golfirestoran\/wp-content\/uploads\/sites\/2\/2024\/05\/imgl4753_fullsize_fotograaf.lauri_.laan_-1024x1536.jpg 1024w, https:\/\/davinci.ee\/golfirestoran\/wp-content\/uploads\/sites\/2\/2024\/05\/imgl4753_fullsize_fotograaf.lauri_.laan_-1366x2048.jpg 1366w, https:\/\/davinci.ee\/golfirestoran\/wp-content\/uploads\/sites\/2\/2024\/05\/imgl4753_fullsize_fotograaf.lauri_.laan_-146x219.jpg 146w\" sizes=\"auto, (max-width: 1707px) 100vw, 1707px\" \/>\t                        \t                                \t                        \t<img loading=\"lazy\" decoding=\"async\" width=\"2560\" height=\"1707\" src=\"https:\/\/davinci.ee\/golfirestoran\/wp-content\/uploads\/sites\/2\/2024\/05\/gerlijaivo-412-scaled.jpg\" class=\"items__layer layer\" alt=\"\" srcset=\"https:\/\/davinci.ee\/golfirestoran\/wp-content\/uploads\/sites\/2\/2024\/05\/gerlijaivo-412-scaled.jpg 2560w, https:\/\/davinci.ee\/golfirestoran\/wp-content\/uploads\/sites\/2\/2024\/05\/gerlijaivo-412-300x200.jpg 300w, https:\/\/davinci.ee\/golfirestoran\/wp-content\/uploads\/sites\/2\/2024\/05\/gerlijaivo-412-1024x683.jpg 1024w, https:\/\/davinci.ee\/golfirestoran\/wp-content\/uploads\/sites\/2\/2024\/05\/gerlijaivo-412-768x512.jpg 768w, https:\/\/davinci.ee\/golfirestoran\/wp-content\/uploads\/sites\/2\/2024\/05\/gerlijaivo-412-1536x1024.jpg 1536w, https:\/\/davinci.ee\/golfirestoran\/wp-content\/uploads\/sites\/2\/2024\/05\/gerlijaivo-412-2048x1365.jpg 2048w, https:\/\/davinci.ee\/golfirestoran\/wp-content\/uploads\/sites\/2\/2024\/05\/gerlijaivo-412-329x219.jpg 329w\" sizes=\"auto, (max-width: 2560px) 100vw, 2560px\" \/>\t                        \t                                \t                        \t<img loading=\"lazy\" decoding=\"async\" width=\"1310\" height=\"983\" src=\"https:\/\/davinci.ee\/golfirestoran\/wp-content\/uploads\/sites\/2\/2023\/08\/dji_0006-1-1310x983-1.jpg\" class=\"items__layer layer\" alt=\"\" srcset=\"https:\/\/davinci.ee\/golfirestoran\/wp-content\/uploads\/sites\/2\/2023\/08\/dji_0006-1-1310x983-1.jpg 1310w, https:\/\/davinci.ee\/golfirestoran\/wp-content\/uploads\/sites\/2\/2023\/08\/dji_0006-1-1310x983-1-300x225.jpg 300w, https:\/\/davinci.ee\/golfirestoran\/wp-content\/uploads\/sites\/2\/2023\/08\/dji_0006-1-1310x983-1-1024x768.jpg 1024w, https:\/\/davinci.ee\/golfirestoran\/wp-content\/uploads\/sites\/2\/2023\/08\/dji_0006-1-1310x983-1-768x576.jpg 768w, https:\/\/davinci.ee\/golfirestoran\/wp-content\/uploads\/sites\/2\/2023\/08\/dji_0006-1-1310x983-1-292x219.jpg 292w\" sizes=\"auto, (max-width: 1310px) 100vw, 1310px\" \/>\t                        \t                                \t                        \t<img loading=\"lazy\" decoding=\"async\" width=\"1310\" height=\"983\" src=\"https:\/\/davinci.ee\/golfirestoran\/wp-content\/uploads\/sites\/2\/2023\/08\/dji_0013-1310x983-1.jpg\" class=\"items__layer layer\" alt=\"\" srcset=\"https:\/\/davinci.ee\/golfirestoran\/wp-content\/uploads\/sites\/2\/2023\/08\/dji_0013-1310x983-1.jpg 1310w, https:\/\/davinci.ee\/golfirestoran\/wp-content\/uploads\/sites\/2\/2023\/08\/dji_0013-1310x983-1-300x225.jpg 300w, https:\/\/davinci.ee\/golfirestoran\/wp-content\/uploads\/sites\/2\/2023\/08\/dji_0013-1310x983-1-1024x768.jpg 1024w, https:\/\/davinci.ee\/golfirestoran\/wp-content\/uploads\/sites\/2\/2023\/08\/dji_0013-1310x983-1-768x576.jpg 768w, https:\/\/davinci.ee\/golfirestoran\/wp-content\/uploads\/sites\/2\/2023\/08\/dji_0013-1310x983-1-292x219.jpg 292w\" sizes=\"auto, (max-width: 1310px) 100vw, 1310px\" \/>\t                        \t                                \t                        \t<img loading=\"lazy\" decoding=\"async\" width=\"2560\" height=\"1707\" src=\"https:\/\/davinci.ee\/golfirestoran\/wp-content\/uploads\/sites\/2\/2024\/05\/gerlijaivo-367-1-scaled.jpg\" class=\"items__layer layer\" alt=\"\" srcset=\"https:\/\/davinci.ee\/golfirestoran\/wp-content\/uploads\/sites\/2\/2024\/05\/gerlijaivo-367-1-scaled.jpg 2560w, https:\/\/davinci.ee\/golfirestoran\/wp-content\/uploads\/sites\/2\/2024\/05\/gerlijaivo-367-1-300x200.jpg 300w, https:\/\/davinci.ee\/golfirestoran\/wp-content\/uploads\/sites\/2\/2024\/05\/gerlijaivo-367-1-1024x683.jpg 1024w, https:\/\/davinci.ee\/golfirestoran\/wp-content\/uploads\/sites\/2\/2024\/05\/gerlijaivo-367-1-768x512.jpg 768w, https:\/\/davinci.ee\/golfirestoran\/wp-content\/uploads\/sites\/2\/2024\/05\/gerlijaivo-367-1-1536x1024.jpg 1536w, https:\/\/davinci.ee\/golfirestoran\/wp-content\/uploads\/sites\/2\/2024\/05\/gerlijaivo-367-1-2048x1365.jpg 2048w, https:\/\/davinci.ee\/golfirestoran\/wp-content\/uploads\/sites\/2\/2024\/05\/gerlijaivo-367-1-329x219.jpg 329w\" sizes=\"auto, (max-width: 2560px) 100vw, 2560px\" \/>\t                        \t                                \t                        \t<img loading=\"lazy\" decoding=\"async\" width=\"2500\" height=\"1920\" src=\"https:\/\/davinci.ee\/golfirestoran\/wp-content\/uploads\/sites\/2\/2024\/05\/dji_0026.jpg\" class=\"items__layer layer\" alt=\"\" srcset=\"https:\/\/davinci.ee\/golfirestoran\/wp-content\/uploads\/sites\/2\/2024\/05\/dji_0026.jpg 2500w, https:\/\/davinci.ee\/golfirestoran\/wp-content\/uploads\/sites\/2\/2024\/05\/dji_0026-300x230.jpg 300w, https:\/\/davinci.ee\/golfirestoran\/wp-content\/uploads\/sites\/2\/2024\/05\/dji_0026-1024x786.jpg 1024w, https:\/\/davinci.ee\/golfirestoran\/wp-content\/uploads\/sites\/2\/2024\/05\/dji_0026-768x590.jpg 768w, https:\/\/davinci.ee\/golfirestoran\/wp-content\/uploads\/sites\/2\/2024\/05\/dji_0026-1536x1180.jpg 1536w, https:\/\/davinci.ee\/golfirestoran\/wp-content\/uploads\/sites\/2\/2024\/05\/dji_0026-2048x1573.jpg 2048w, https:\/\/davinci.ee\/golfirestoran\/wp-content\/uploads\/sites\/2\/2024\/05\/dji_0026-285x219.jpg 285w\" sizes=\"auto, (max-width: 2500px) 100vw, 2500px\" \/>\t                        \t                                        <\/div>\n\t\t<\/div>\n\t<\/div>\n<\/section>\n\n\n<div class=\"block block-paragraph gutters\">\n<p><\/p>\n<\/div>","protected":false},"excerpt":{"rendered":"","protected":false},"author":2,"featured_media":0,"parent":0,"menu_order":0,"comment_status":"closed","ping_status":"closed","template":"","meta":{"_acf_changed":false,"footnotes":""},"class_list":["post-5194","page","type-page","status-publish","hentry"],"acf":[],"yoast_head":"<!-- This site is optimized with the Yoast SEO plugin v27.4 - https:\/\/yoast.com\/product\/yoast-seo-wordpress\/ -->\n<title>Eri\u00fcritused - J\u00f5el\u00e4htme Da Vinci Golfirestoran<\/title>\n<meta name=\"robots\" content=\"index, follow, max-snippet:-1, max-image-preview:large, max-video-preview:-1\" \/>\n<link rel=\"canonical\" href=\"https:\/\/davinci.ee\/golfirestoran\/eriuritused\/\" \/>\n<meta property=\"og:locale\" content=\"et_EE\" \/>\n<meta property=\"og:type\" content=\"article\" \/>\n<meta property=\"og:title\" content=\"Eri\u00fcritused - J\u00f5el\u00e4htme Da Vinci Golfirestoran\" \/>\n<meta property=\"og:url\" content=\"https:\/\/davinci.ee\/golfirestoran\/eriuritused\/\" \/>\n<meta property=\"og:site_name\" content=\"J\u00f5el\u00e4htme Da Vinci Golfirestoran\" \/>\n<meta property=\"article:modified_time\" content=\"2026-03-03T17:54:44+00:00\" \/>\n<meta name=\"twitter:card\" content=\"summary_large_image\" \/>\n<script type=\"application\/ld+json\" class=\"yoast-schema-graph\">{\"@context\":\"https:\\\/\\\/schema.org\",\"@graph\":[{\"@type\":\"WebPage\",\"@id\":\"https:\\\/\\\/davinci.ee\\\/golfirestoran\\\/eriuritused\\\/\",\"url\":\"https:\\\/\\\/davinci.ee\\\/golfirestoran\\\/eriuritused\\\/\",\"name\":\"Eri\u00fcritused - J\u00f5el\u00e4htme Da Vinci Golfirestoran\",\"isPartOf\":{\"@id\":\"https:\\\/\\\/davinci.ee\\\/golfirestoran\\\/ru\\\/#website\"},\"datePublished\":\"2025-07-24T07:02:11+00:00\",\"dateModified\":\"2026-03-03T17:54:44+00:00\",\"breadcrumb\":{\"@id\":\"https:\\\/\\\/davinci.ee\\\/golfirestoran\\\/eriuritused\\\/#breadcrumb\"},\"inLanguage\":\"et\",\"potentialAction\":[{\"@type\":\"ReadAction\",\"target\":[\"https:\\\/\\\/davinci.ee\\\/golfirestoran\\\/eriuritused\\\/\"]}]},{\"@type\":\"BreadcrumbList\",\"@id\":\"https:\\\/\\\/davinci.ee\\\/golfirestoran\\\/eriuritused\\\/#breadcrumb\",\"itemListElement\":[{\"@type\":\"ListItem\",\"position\":1,\"name\":\"Home\",\"item\":\"https:\\\/\\\/davinci.ee\\\/golfirestoran\\\/\"},{\"@type\":\"ListItem\",\"position\":2,\"name\":\"Eri\u00fcritused\"}]},{\"@type\":\"WebSite\",\"@id\":\"https:\\\/\\\/davinci.ee\\\/golfirestoran\\\/ru\\\/#website\",\"url\":\"https:\\\/\\\/davinci.ee\\\/golfirestoran\\\/ru\\\/\",\"name\":\"J\u00f5el\u00e4htme Da Vinci Golfirestoran\",\"description\":\"\",\"potentialAction\":[{\"@type\":\"SearchAction\",\"target\":{\"@type\":\"EntryPoint\",\"urlTemplate\":\"https:\\\/\\\/davinci.ee\\\/golfirestoran\\\/ru\\\/?s={search_term_string}\"},\"query-input\":{\"@type\":\"PropertyValueSpecification\",\"valueRequired\":true,\"valueName\":\"search_term_string\"}}],\"inLanguage\":\"et\"}]}<\/script>\n<!-- \/ Yoast SEO plugin. -->","yoast_head_json":{"title":"Eri\u00fcritused - J\u00f5el\u00e4htme Da Vinci Golfirestoran","robots":{"index":"index","follow":"follow","max-snippet":"max-snippet:-1","max-image-preview":"max-image-preview:large","max-video-preview":"max-video-preview:-1"},"canonical":"https:\/\/davinci.ee\/golfirestoran\/eriuritused\/","og_locale":"et_EE","og_type":"article","og_title":"Eri\u00fcritused - J\u00f5el\u00e4htme Da Vinci Golfirestoran","og_url":"https:\/\/davinci.ee\/golfirestoran\/eriuritused\/","og_site_name":"J\u00f5el\u00e4htme Da Vinci Golfirestoran","article_modified_time":"2026-03-03T17:54:44+00:00","twitter_card":"summary_large_image","schema":{"@context":"https:\/\/schema.org","@graph":[{"@type":"WebPage","@id":"https:\/\/davinci.ee\/golfirestoran\/eriuritused\/","url":"https:\/\/davinci.ee\/golfirestoran\/eriuritused\/","name":"Eri\u00fcritused - J\u00f5el\u00e4htme Da Vinci Golfirestoran","isPartOf":{"@id":"https:\/\/davinci.ee\/golfirestoran\/ru\/#website"},"datePublished":"2025-07-24T07:02:11+00:00","dateModified":"2026-03-03T17:54:44+00:00","breadcrumb":{"@id":"https:\/\/davinci.ee\/golfirestoran\/eriuritused\/#breadcrumb"},"inLanguage":"et","potentialAction":[{"@type":"ReadAction","target":["https:\/\/davinci.ee\/golfirestoran\/eriuritused\/"]}]},{"@type":"BreadcrumbList","@id":"https:\/\/davinci.ee\/golfirestoran\/eriuritused\/#breadcrumb","itemListElement":[{"@type":"ListItem","position":1,"name":"Home","item":"https:\/\/davinci.ee\/golfirestoran\/"},{"@type":"ListItem","position":2,"name":"Eri\u00fcritused"}]},{"@type":"WebSite","@id":"https:\/\/davinci.ee\/golfirestoran\/ru\/#website","url":"https:\/\/davinci.ee\/golfirestoran\/ru\/","name":"J\u00f5el\u00e4htme Da Vinci Golfirestoran","description":"","potentialAction":[{"@type":"SearchAction","target":{"@type":"EntryPoint","urlTemplate":"https:\/\/davinci.ee\/golfirestoran\/ru\/?s={search_term_string}"},"query-input":{"@type":"PropertyValueSpecification","valueRequired":true,"valueName":"search_term_string"}}],"inLanguage":"et"}]}},"_links":{"self":[{"href":"https:\/\/davinci.ee\/golfirestoran\/wp-json\/wp\/v2\/pages\/5194","targetHints":{"allow":["GET"]}}],"collection":[{"href":"https:\/\/davinci.ee\/golfirestoran\/wp-json\/wp\/v2\/pages"}],"about":[{"href":"https:\/\/davinci.ee\/golfirestoran\/wp-json\/wp\/v2\/types\/page"}],"author":[{"embeddable":true,"href":"https:\/\/davinci.ee\/golfirestoran\/wp-json\/wp\/v2\/users\/2"}],"replies":[{"embeddable":true,"href":"https:\/\/davinci.ee\/golfirestoran\/wp-json\/wp\/v2\/comments?post=5194"}],"version-history":[{"count":14,"href":"https:\/\/davinci.ee\/golfirestoran\/wp-json\/wp\/v2\/pages\/5194\/revisions"}],"predecessor-version":[{"id":5256,"href":"https:\/\/davinci.ee\/golfirestoran\/wp-json\/wp\/v2\/pages\/5194\/revisions\/5256"}],"wp:attachment":[{"href":"https:\/\/davinci.ee\/golfirestoran\/wp-json\/wp\/v2\/media?parent=5194"}],"curies":[{"name":"wp","href":"https:\/\/api.w.org\/{rel}","templated":true}]}}