{"id":345,"date":"2023-04-14T13:04:20","date_gmt":"2023-04-14T13:04:20","guid":{"rendered":"https:\/\/davinci.ee\/golfirestoran\/?page_id=345"},"modified":"2023-06-01T06:59:41","modified_gmt":"2023-06-01T06:59:41","slug":"voimalikud-saaliplaanid","status":"publish","type":"page","link":"https:\/\/davinci.ee\/golfirestoran\/sundmused\/voimalikud-saaliplaanid\/","title":{"rendered":"V\u00d5IMALIKUD SAALIPLAANID"},"content":{"rendered":"\n<div class=\"wp-block-cover desktop\" style=\"min-height:790px;aspect-ratio:unset;\"><span aria-hidden=\"true\" class=\"wp-block-cover__background has-background-dim-0 has-background-dim\"><\/span><img loading=\"lazy\" decoding=\"async\" width=\"1920\" height=\"790\" class=\"wp-block-cover__image-background wp-image-158\" alt=\"\" src=\"https:\/\/davinci.ee\/golfirestoran\/wp-content\/uploads\/sites\/2\/2023\/04\/image-95-3.jpg\" data-object-fit=\"cover\" srcset=\"https:\/\/davinci.ee\/golfirestoran\/wp-content\/uploads\/sites\/2\/2023\/04\/image-95-3.jpg 1920w, https:\/\/davinci.ee\/golfirestoran\/wp-content\/uploads\/sites\/2\/2023\/04\/image-95-3-300x123.jpg 300w, https:\/\/davinci.ee\/golfirestoran\/wp-content\/uploads\/sites\/2\/2023\/04\/image-95-3-1024x421.jpg 1024w, https:\/\/davinci.ee\/golfirestoran\/wp-content\/uploads\/sites\/2\/2023\/04\/image-95-3-768x316.jpg 768w, https:\/\/davinci.ee\/golfirestoran\/wp-content\/uploads\/sites\/2\/2023\/04\/image-95-3-1536x632.jpg 1536w, https:\/\/davinci.ee\/golfirestoran\/wp-content\/uploads\/sites\/2\/2023\/04\/image-95-3-390x160.jpg 390w\" sizes=\"auto, (max-width: 1920px) 100vw, 1920px\" \/><div class=\"wp-block-cover__inner-container is-layout-flow wp-block-cover-is-layout-flow\"><div class=\"block block-paragraph gutters\">\n<p class=\"has-text-align-center has-large-font-size\">V\u00f5imalikud saaliplaanid<\/p>\n<\/div>\n\n<div class=\"block block-paragraph gutters\">\n<p class=\"has-text-align-center\">Peasaalis on kuni 70 istumiskohta, kuid v\u00e4ga hea sisekliimaga ettev\u00f5tete jaoks leiab kreatiivse paigutamise tulemusena ruumi veel m\u00f5nele kohale nii, et ka tantsuruumi j\u00e4\u00e4ks. Allpool on viis erinevat saali paigutust, kliki pildile ja vaata suuremalt!<\/p>\n<\/div><\/div><\/div>\n\n\n\n<div class=\"wp-block-cover mobile\" style=\"min-height:589px;aspect-ratio:unset;\"><span aria-hidden=\"true\" class=\"wp-block-cover__background has-background-dim-0 has-background-dim\"><\/span><img loading=\"lazy\" decoding=\"async\" width=\"375\" height=\"589\" class=\"wp-block-cover__image-background wp-image-184\" alt=\"\" src=\"https:\/\/davinci.ee\/golfirestoran\/wp-content\/uploads\/sites\/2\/2023\/04\/image-96-2.jpg\" data-object-fit=\"cover\" srcset=\"https:\/\/davinci.ee\/golfirestoran\/wp-content\/uploads\/sites\/2\/2023\/04\/image-96-2.jpg 375w, https:\/\/davinci.ee\/golfirestoran\/wp-content\/uploads\/sites\/2\/2023\/04\/image-96-2-191x300.jpg 191w, https:\/\/davinci.ee\/golfirestoran\/wp-content\/uploads\/sites\/2\/2023\/04\/image-96-2-139x219.jpg 139w\" sizes=\"auto, (max-width: 375px) 100vw, 375px\" \/><div class=\"wp-block-cover__inner-container is-layout-flow wp-block-cover-is-layout-flow\"><div class=\"block block-paragraph gutters\">\n<p class=\"has-text-align-center has-large-font-size\">V\u00f5imalikud saaliplaanid<\/p>\n<\/div>\n\n<div class=\"block block-paragraph gutters\">\n<p class=\"has-text-align-center\">Peasaalis on kuni 70 istumiskohta, kuid v\u00e4ga hea sisekliimaga ettev\u00f5tete jaoks leiab kreatiivse paigutamise tulemusena ruumi veel m\u00f5nele kohale nii, et ka tantsuruumi jaaks.Allpool on viis erinevat saali paigutust, kliki pildile ja vaata suuremalt!<\/p>\n<\/div><\/div><\/div>\n\n\n<div class=\"wp-block-image\">\n<figure class=\"aligncenter size-large is-resized\"><img loading=\"lazy\" decoding=\"async\" src=\"https:\/\/davinci.ee\/golfirestoran\/wp-content\/uploads\/sites\/2\/2023\/04\/V5-page-001-1310x926-1-1024x724.jpeg\" alt=\"\" class=\"wp-image-346\" width=\"1024\" height=\"724\" srcset=\"https:\/\/davinci.ee\/golfirestoran\/wp-content\/uploads\/sites\/2\/2023\/04\/V5-page-001-1310x926-1-1024x724.jpeg 1024w, https:\/\/davinci.ee\/golfirestoran\/wp-content\/uploads\/sites\/2\/2023\/04\/V5-page-001-1310x926-1-300x212.jpeg 300w, https:\/\/davinci.ee\/golfirestoran\/wp-content\/uploads\/sites\/2\/2023\/04\/V5-page-001-1310x926-1-768x543.jpeg 768w, https:\/\/davinci.ee\/golfirestoran\/wp-content\/uploads\/sites\/2\/2023\/04\/V5-page-001-1310x926-1-310x219.jpeg 310w, https:\/\/davinci.ee\/golfirestoran\/wp-content\/uploads\/sites\/2\/2023\/04\/V5-page-001-1310x926-1.jpeg 1310w\" sizes=\"auto, (max-width: 1024px) 100vw, 1024px\" \/><\/figure><\/div>\n\n<div class=\"wp-block-image\">\n<figure class=\"aligncenter size-large is-resized\"><img loading=\"lazy\" decoding=\"async\" src=\"https:\/\/davinci.ee\/golfirestoran\/wp-content\/uploads\/sites\/2\/2023\/04\/V1-page-001-1-1310x926-1-1024x724.jpeg\" alt=\"\" class=\"wp-image-349\" width=\"1024\" height=\"724\" srcset=\"https:\/\/davinci.ee\/golfirestoran\/wp-content\/uploads\/sites\/2\/2023\/04\/V1-page-001-1-1310x926-1-1024x724.jpeg 1024w, https:\/\/davinci.ee\/golfirestoran\/wp-content\/uploads\/sites\/2\/2023\/04\/V1-page-001-1-1310x926-1-300x212.jpeg 300w, https:\/\/davinci.ee\/golfirestoran\/wp-content\/uploads\/sites\/2\/2023\/04\/V1-page-001-1-1310x926-1-768x543.jpeg 768w, https:\/\/davinci.ee\/golfirestoran\/wp-content\/uploads\/sites\/2\/2023\/04\/V1-page-001-1-1310x926-1-310x219.jpeg 310w, https:\/\/davinci.ee\/golfirestoran\/wp-content\/uploads\/sites\/2\/2023\/04\/V1-page-001-1-1310x926-1.jpeg 1310w\" sizes=\"auto, (max-width: 1024px) 100vw, 1024px\" \/><\/figure><\/div>\n\n<div class=\"wp-block-image\">\n<figure class=\"aligncenter size-large is-resized\"><img loading=\"lazy\" decoding=\"async\" src=\"https:\/\/davinci.ee\/golfirestoran\/wp-content\/uploads\/sites\/2\/2023\/04\/V2-page-001-1310x926-1-1024x724.jpeg\" alt=\"\" class=\"wp-image-350\" width=\"1024\" height=\"724\" srcset=\"https:\/\/davinci.ee\/golfirestoran\/wp-content\/uploads\/sites\/2\/2023\/04\/V2-page-001-1310x926-1-1024x724.jpeg 1024w, https:\/\/davinci.ee\/golfirestoran\/wp-content\/uploads\/sites\/2\/2023\/04\/V2-page-001-1310x926-1-300x212.jpeg 300w, https:\/\/davinci.ee\/golfirestoran\/wp-content\/uploads\/sites\/2\/2023\/04\/V2-page-001-1310x926-1-768x543.jpeg 768w, https:\/\/davinci.ee\/golfirestoran\/wp-content\/uploads\/sites\/2\/2023\/04\/V2-page-001-1310x926-1-310x219.jpeg 310w, https:\/\/davinci.ee\/golfirestoran\/wp-content\/uploads\/sites\/2\/2023\/04\/V2-page-001-1310x926-1.jpeg 1310w\" sizes=\"auto, (max-width: 1024px) 100vw, 1024px\" \/><\/figure><\/div>\n\n<div class=\"wp-block-image\">\n<figure class=\"aligncenter size-large is-resized\"><img loading=\"lazy\" decoding=\"async\" src=\"https:\/\/davinci.ee\/golfirestoran\/wp-content\/uploads\/sites\/2\/2023\/04\/V3-page-001-1310x926-1-1024x724.jpeg\" alt=\"\" class=\"wp-image-351\" width=\"1021\" height=\"722\" srcset=\"https:\/\/davinci.ee\/golfirestoran\/wp-content\/uploads\/sites\/2\/2023\/04\/V3-page-001-1310x926-1-1024x724.jpeg 1024w, https:\/\/davinci.ee\/golfirestoran\/wp-content\/uploads\/sites\/2\/2023\/04\/V3-page-001-1310x926-1-300x212.jpeg 300w, https:\/\/davinci.ee\/golfirestoran\/wp-content\/uploads\/sites\/2\/2023\/04\/V3-page-001-1310x926-1-768x543.jpeg 768w, https:\/\/davinci.ee\/golfirestoran\/wp-content\/uploads\/sites\/2\/2023\/04\/V3-page-001-1310x926-1-310x219.jpeg 310w, https:\/\/davinci.ee\/golfirestoran\/wp-content\/uploads\/sites\/2\/2023\/04\/V3-page-001-1310x926-1.jpeg 1310w\" sizes=\"auto, (max-width: 1021px) 100vw, 1021px\" \/><\/figure><\/div>\n\n<div class=\"wp-block-image\">\n<figure class=\"aligncenter size-large is-resized\"><img loading=\"lazy\" decoding=\"async\" src=\"https:\/\/davinci.ee\/golfirestoran\/wp-content\/uploads\/sites\/2\/2023\/04\/V4-page-001-1310x926-1-1024x724.jpeg\" alt=\"\" class=\"wp-image-354\" width=\"1024\" height=\"724\" srcset=\"https:\/\/davinci.ee\/golfirestoran\/wp-content\/uploads\/sites\/2\/2023\/04\/V4-page-001-1310x926-1-1024x724.jpeg 1024w, https:\/\/davinci.ee\/golfirestoran\/wp-content\/uploads\/sites\/2\/2023\/04\/V4-page-001-1310x926-1-300x212.jpeg 300w, https:\/\/davinci.ee\/golfirestoran\/wp-content\/uploads\/sites\/2\/2023\/04\/V4-page-001-1310x926-1-768x543.jpeg 768w, https:\/\/davinci.ee\/golfirestoran\/wp-content\/uploads\/sites\/2\/2023\/04\/V4-page-001-1310x926-1-310x219.jpeg 310w, https:\/\/davinci.ee\/golfirestoran\/wp-content\/uploads\/sites\/2\/2023\/04\/V4-page-001-1310x926-1.jpeg 1310w\" sizes=\"auto, (max-width: 1024px) 100vw, 1024px\" \/><\/figure><\/div>","protected":false},"excerpt":{"rendered":"","protected":false},"author":2,"featured_media":0,"parent":157,"menu_order":0,"comment_status":"closed","ping_status":"closed","template":"page-templates\/events.php","meta":{"_acf_changed":false,"footnotes":""},"class_list":["post-345","page","type-page","status-publish","hentry"],"acf":[],"yoast_head":"<!-- This site is optimized with the Yoast SEO plugin v27.4 - https:\/\/yoast.com\/product\/yoast-seo-wordpress\/ -->\n<title>V\u00d5IMALIKUD SAALIPLAANID - J\u00f5el\u00e4htme Da Vinci Golfirestoran<\/title>\n<meta name=\"robots\" content=\"index, follow, max-snippet:-1, max-image-preview:large, max-video-preview:-1\" \/>\n<link rel=\"canonical\" href=\"https:\/\/davinci.ee\/golfirestoran\/sundmused\/voimalikud-saaliplaanid\/\" \/>\n<meta property=\"og:locale\" content=\"et_EE\" \/>\n<meta property=\"og:type\" content=\"article\" \/>\n<meta property=\"og:title\" content=\"V\u00d5IMALIKUD SAALIPLAANID - J\u00f5el\u00e4htme Da Vinci Golfirestoran\" \/>\n<meta property=\"og:url\" content=\"https:\/\/davinci.ee\/golfirestoran\/sundmused\/voimalikud-saaliplaanid\/\" \/>\n<meta property=\"og:site_name\" content=\"J\u00f5el\u00e4htme Da Vinci Golfirestoran\" \/>\n<meta property=\"article:modified_time\" content=\"2023-06-01T06:59:41+00:00\" \/>\n<meta property=\"og:image\" content=\"https:\/\/davinci.ee\/golfirestoran\/wp-content\/uploads\/sites\/2\/2023\/04\/image-95-3.jpg\" \/>\n<meta name=\"twitter:card\" content=\"summary_large_image\" \/>\n<script type=\"application\/ld+json\" class=\"yoast-schema-graph\">{\"@context\":\"https:\\\/\\\/schema.org\",\"@graph\":[{\"@type\":\"WebPage\",\"@id\":\"https:\\\/\\\/davinci.ee\\\/golfirestoran\\\/sundmused\\\/voimalikud-saaliplaanid\\\/\",\"url\":\"https:\\\/\\\/davinci.ee\\\/golfirestoran\\\/sundmused\\\/voimalikud-saaliplaanid\\\/\",\"name\":\"V\u00d5IMALIKUD SAALIPLAANID - J\u00f5el\u00e4htme Da Vinci Golfirestoran\",\"isPartOf\":{\"@id\":\"https:\\\/\\\/davinci.ee\\\/golfirestoran\\\/ru\\\/#website\"},\"primaryImageOfPage\":{\"@id\":\"https:\\\/\\\/davinci.ee\\\/golfirestoran\\\/sundmused\\\/voimalikud-saaliplaanid\\\/#primaryimage\"},\"image\":{\"@id\":\"https:\\\/\\\/davinci.ee\\\/golfirestoran\\\/sundmused\\\/voimalikud-saaliplaanid\\\/#primaryimage\"},\"thumbnailUrl\":\"https:\\\/\\\/davinci.ee\\\/golfirestoran\\\/wp-content\\\/uploads\\\/sites\\\/2\\\/2023\\\/04\\\/image-95-3.jpg\",\"datePublished\":\"2023-04-14T13:04:20+00:00\",\"dateModified\":\"2023-06-01T06:59:41+00:00\",\"breadcrumb\":{\"@id\":\"https:\\\/\\\/davinci.ee\\\/golfirestoran\\\/sundmused\\\/voimalikud-saaliplaanid\\\/#breadcrumb\"},\"inLanguage\":\"et\",\"potentialAction\":[{\"@type\":\"ReadAction\",\"target\":[\"https:\\\/\\\/davinci.ee\\\/golfirestoran\\\/sundmused\\\/voimalikud-saaliplaanid\\\/\"]}]},{\"@type\":\"ImageObject\",\"inLanguage\":\"et\",\"@id\":\"https:\\\/\\\/davinci.ee\\\/golfirestoran\\\/sundmused\\\/voimalikud-saaliplaanid\\\/#primaryimage\",\"url\":\"https:\\\/\\\/davinci.ee\\\/golfirestoran\\\/wp-content\\\/uploads\\\/sites\\\/2\\\/2023\\\/04\\\/image-95-3.jpg\",\"contentUrl\":\"https:\\\/\\\/davinci.ee\\\/golfirestoran\\\/wp-content\\\/uploads\\\/sites\\\/2\\\/2023\\\/04\\\/image-95-3.jpg\",\"width\":1920,\"height\":790},{\"@type\":\"BreadcrumbList\",\"@id\":\"https:\\\/\\\/davinci.ee\\\/golfirestoran\\\/sundmused\\\/voimalikud-saaliplaanid\\\/#breadcrumb\",\"itemListElement\":[{\"@type\":\"ListItem\",\"position\":1,\"name\":\"Home\",\"item\":\"https:\\\/\\\/davinci.ee\\\/golfirestoran\\\/\"},{\"@type\":\"ListItem\",\"position\":2,\"name\":\"S\u00fcndmused\",\"item\":\"https:\\\/\\\/davinci.ee\\\/golfirestoran\\\/sundmused\\\/\"},{\"@type\":\"ListItem\",\"position\":3,\"name\":\"V\u00d5IMALIKUD SAALIPLAANID\"}]},{\"@type\":\"WebSite\",\"@id\":\"https:\\\/\\\/davinci.ee\\\/golfirestoran\\\/ru\\\/#website\",\"url\":\"https:\\\/\\\/davinci.ee\\\/golfirestoran\\\/ru\\\/\",\"name\":\"J\u00f5el\u00e4htme Da Vinci Golfirestoran\",\"description\":\"\",\"potentialAction\":[{\"@type\":\"SearchAction\",\"target\":{\"@type\":\"EntryPoint\",\"urlTemplate\":\"https:\\\/\\\/davinci.ee\\\/golfirestoran\\\/ru\\\/?s={search_term_string}\"},\"query-input\":{\"@type\":\"PropertyValueSpecification\",\"valueRequired\":true,\"valueName\":\"search_term_string\"}}],\"inLanguage\":\"et\"}]}<\/script>\n<!-- \/ Yoast SEO plugin. -->","yoast_head_json":{"title":"V\u00d5IMALIKUD SAALIPLAANID - J\u00f5el\u00e4htme Da Vinci Golfirestoran","robots":{"index":"index","follow":"follow","max-snippet":"max-snippet:-1","max-image-preview":"max-image-preview:large","max-video-preview":"max-video-preview:-1"},"canonical":"https:\/\/davinci.ee\/golfirestoran\/sundmused\/voimalikud-saaliplaanid\/","og_locale":"et_EE","og_type":"article","og_title":"V\u00d5IMALIKUD SAALIPLAANID - J\u00f5el\u00e4htme Da Vinci Golfirestoran","og_url":"https:\/\/davinci.ee\/golfirestoran\/sundmused\/voimalikud-saaliplaanid\/","og_site_name":"J\u00f5el\u00e4htme Da Vinci Golfirestoran","article_modified_time":"2023-06-01T06:59:41+00:00","og_image":[{"url":"https:\/\/davinci.ee\/golfirestoran\/wp-content\/uploads\/sites\/2\/2023\/04\/image-95-3.jpg","type":"","width":"","height":""}],"twitter_card":"summary_large_image","schema":{"@context":"https:\/\/schema.org","@graph":[{"@type":"WebPage","@id":"https:\/\/davinci.ee\/golfirestoran\/sundmused\/voimalikud-saaliplaanid\/","url":"https:\/\/davinci.ee\/golfirestoran\/sundmused\/voimalikud-saaliplaanid\/","name":"V\u00d5IMALIKUD SAALIPLAANID - J\u00f5el\u00e4htme Da Vinci Golfirestoran","isPartOf":{"@id":"https:\/\/davinci.ee\/golfirestoran\/ru\/#website"},"primaryImageOfPage":{"@id":"https:\/\/davinci.ee\/golfirestoran\/sundmused\/voimalikud-saaliplaanid\/#primaryimage"},"image":{"@id":"https:\/\/davinci.ee\/golfirestoran\/sundmused\/voimalikud-saaliplaanid\/#primaryimage"},"thumbnailUrl":"https:\/\/davinci.ee\/golfirestoran\/wp-content\/uploads\/sites\/2\/2023\/04\/image-95-3.jpg","datePublished":"2023-04-14T13:04:20+00:00","dateModified":"2023-06-01T06:59:41+00:00","breadcrumb":{"@id":"https:\/\/davinci.ee\/golfirestoran\/sundmused\/voimalikud-saaliplaanid\/#breadcrumb"},"inLanguage":"et","potentialAction":[{"@type":"ReadAction","target":["https:\/\/davinci.ee\/golfirestoran\/sundmused\/voimalikud-saaliplaanid\/"]}]},{"@type":"ImageObject","inLanguage":"et","@id":"https:\/\/davinci.ee\/golfirestoran\/sundmused\/voimalikud-saaliplaanid\/#primaryimage","url":"https:\/\/davinci.ee\/golfirestoran\/wp-content\/uploads\/sites\/2\/2023\/04\/image-95-3.jpg","contentUrl":"https:\/\/davinci.ee\/golfirestoran\/wp-content\/uploads\/sites\/2\/2023\/04\/image-95-3.jpg","width":1920,"height":790},{"@type":"BreadcrumbList","@id":"https:\/\/davinci.ee\/golfirestoran\/sundmused\/voimalikud-saaliplaanid\/#breadcrumb","itemListElement":[{"@type":"ListItem","position":1,"name":"Home","item":"https:\/\/davinci.ee\/golfirestoran\/"},{"@type":"ListItem","position":2,"name":"S\u00fcndmused","item":"https:\/\/davinci.ee\/golfirestoran\/sundmused\/"},{"@type":"ListItem","position":3,"name":"V\u00d5IMALIKUD SAALIPLAANID"}]},{"@type":"WebSite","@id":"https:\/\/davinci.ee\/golfirestoran\/ru\/#website","url":"https:\/\/davinci.ee\/golfirestoran\/ru\/","name":"J\u00f5el\u00e4htme Da Vinci Golfirestoran","description":"","potentialAction":[{"@type":"SearchAction","target":{"@type":"EntryPoint","urlTemplate":"https:\/\/davinci.ee\/golfirestoran\/ru\/?s={search_term_string}"},"query-input":{"@type":"PropertyValueSpecification","valueRequired":true,"valueName":"search_term_string"}}],"inLanguage":"et"}]}},"_links":{"self":[{"href":"https:\/\/davinci.ee\/golfirestoran\/wp-json\/wp\/v2\/pages\/345","targetHints":{"allow":["GET"]}}],"collection":[{"href":"https:\/\/davinci.ee\/golfirestoran\/wp-json\/wp\/v2\/pages"}],"about":[{"href":"https:\/\/davinci.ee\/golfirestoran\/wp-json\/wp\/v2\/types\/page"}],"author":[{"embeddable":true,"href":"https:\/\/davinci.ee\/golfirestoran\/wp-json\/wp\/v2\/users\/2"}],"replies":[{"embeddable":true,"href":"https:\/\/davinci.ee\/golfirestoran\/wp-json\/wp\/v2\/comments?post=345"}],"version-history":[{"count":7,"href":"https:\/\/davinci.ee\/golfirestoran\/wp-json\/wp\/v2\/pages\/345\/revisions"}],"predecessor-version":[{"id":2029,"href":"https:\/\/davinci.ee\/golfirestoran\/wp-json\/wp\/v2\/pages\/345\/revisions\/2029"}],"up":[{"embeddable":true,"href":"https:\/\/davinci.ee\/golfirestoran\/wp-json\/wp\/v2\/pages\/157"}],"wp:attachment":[{"href":"https:\/\/davinci.ee\/golfirestoran\/wp-json\/wp\/v2\/media?parent=345"}],"curies":[{"name":"wp","href":"https:\/\/api.w.org\/{rel}","templated":true}]}}