{"id":24,"date":"2023-04-11T06:50:41","date_gmt":"2023-04-11T06:50:41","guid":{"rendered":"https:\/\/davinci.ee\/golfirestoran\/?page_id=24"},"modified":"2025-06-13T09:44:47","modified_gmt":"2025-06-13T06:44:47","slug":"esileht","status":"publish","type":"page","link":"https:\/\/davinci.ee\/golfirestoran\/","title":{"rendered":"Esileht"},"content":{"rendered":"\n<div class=\"hero-section_wrap golfirestaurant block\">\n            <div class=\"image-wrap\" style=\"background-image: url(https:\/\/davinci.ee\/golfirestoran\/wp-content\/uploads\/sites\/2\/2023\/07\/clubhouse_hanno_edit-scaled.jpg); background-size: cover;\">\n            <div class=\"title\">J\u00f5el\u00e4htme Da Vinci Golfirestoran<\/div>                         <div class=\"overlay\" style=\"background-color: rgba(0, 0, 0, 0.2);\"><\/div>\n        <\/div>\n    <\/div>\n\n\n\n<div class=\"wp-block-columns is-not-stacked-on-mobile second-div is-layout-flex wp-container-core-columns-is-layout-9d6595d7 wp-block-columns-is-layout-flex\">\n<div class=\"wp-block-column is-vertically-aligned-center is-style-default is-layout-flow wp-block-column-is-layout-flow\"><div class=\"block block-heading gutters\">\n<h2 class=\"wp-block-heading has-text-align-center\">Meie lugu<\/h2>\n<\/div>\n\n\n<div class=\"wp-block-columns are-vertically-aligned-center is-layout-flex wp-container-core-columns-is-layout-9d6595d7 wp-block-columns-is-layout-flex\">\n<div class=\"wp-block-column is-vertically-aligned-center is-layout-flow wp-block-column-is-layout-flow\" style=\"flex-basis:800px\"><div class=\"block block-paragraph gutters\">\n<p class=\"has-text-align-center\">Da Vinci on 20a. kogemustepagasiga Itaalia restoranikett&nbsp;J\u00f5el\u00e4htmes, mis on&nbsp;Estonian Golf &amp; Country Clubi&nbsp;koondanud oma parima kogemuse &amp; armastuse Itaalia toidu vastu, andes sellele m\u00f4nusa grillirestorani touchi<\/p>\n<\/div><\/div>\n<\/div>\n\n\n\n<div class=\"wp-block-buttons is-content-justification-center is-layout-flex wp-container-core-buttons-is-layout-16018d1d wp-block-buttons-is-layout-flex\">\n<div class=\"wp-block-button is-style-outline is-style-outline--1\"><a class=\"wp-block-button__link has-text-color has-background wp-element-button\" href=\"https:\/\/davinci.ee\/golfirestoran\/meist\/\" style=\"border-radius:10px;color:#1c1c1c;background-color:#ffffff00\">Loe veel<\/a><\/div>\n<\/div>\n<\/div>\n<\/div>\n","protected":false},"excerpt":{"rendered":"<p>Meie lugu Da Vinci on 20a. kogemustepagasiga Itaalia restoranikett&nbsp;J\u00f5el\u00e4htmes, mis on&nbsp;Estonian Golf &amp; Country Clubi&nbsp;koondanud oma parima kogemuse &amp; armastuse Itaalia toidu vastu, andes sellele m\u00f4nusa grillirestorani touchi<\/p>\n","protected":false},"author":2,"featured_media":0,"parent":0,"menu_order":0,"comment_status":"closed","ping_status":"closed","template":"page-templates\/homepage.php","meta":{"_acf_changed":false,"footnotes":""},"class_list":["post-24","page","type-page","status-publish","hentry"],"acf":[],"yoast_head":"<!-- This site is optimized with the Yoast SEO plugin v27.3 - https:\/\/yoast.com\/product\/yoast-seo-wordpress\/ -->\n<title>Esileht - J\u00f5el\u00e4htme Da Vinci Golfirestoran<\/title>\n<meta name=\"robots\" content=\"index, follow, max-snippet:-1, max-image-preview:large, max-video-preview:-1\" \/>\n<link rel=\"canonical\" href=\"https:\/\/davinci.ee\/golfirestoran\/\" \/>\n<meta property=\"og:locale\" content=\"et_EE\" \/>\n<meta property=\"og:type\" content=\"article\" \/>\n<meta property=\"og:title\" content=\"Esileht - J\u00f5el\u00e4htme Da Vinci Golfirestoran\" \/>\n<meta property=\"og:description\" content=\"Meie lugu Da Vinci on 20a. kogemustepagasiga Itaalia restoranikett&nbsp;J\u00f5el\u00e4htmes, mis on&nbsp;Estonian Golf &amp; Country Clubi&nbsp;koondanud oma parima kogemuse &amp; armastuse Itaalia toidu vastu, andes sellele m\u00f4nusa grillirestorani touchi\" \/>\n<meta property=\"og:url\" content=\"https:\/\/davinci.ee\/golfirestoran\/\" \/>\n<meta property=\"og:site_name\" content=\"J\u00f5el\u00e4htme Da Vinci Golfirestoran\" \/>\n<meta property=\"article:modified_time\" content=\"2025-06-13T06:44:47+00:00\" \/>\n<meta name=\"twitter:card\" content=\"summary_large_image\" \/>\n<meta name=\"twitter:label1\" content=\"Est. reading time\" \/>\n\t<meta name=\"twitter:data1\" content=\"1 minut\" \/>\n<script type=\"application\/ld+json\" class=\"yoast-schema-graph\">{\"@context\":\"https:\\\/\\\/schema.org\",\"@graph\":[{\"@type\":\"WebPage\",\"@id\":\"https:\\\/\\\/davinci.ee\\\/golfirestoran\\\/\",\"url\":\"https:\\\/\\\/davinci.ee\\\/golfirestoran\\\/\",\"name\":\"Esileht - J\u00f5el\u00e4htme Da Vinci Golfirestoran\",\"isPartOf\":{\"@id\":\"https:\\\/\\\/davinci.ee\\\/golfirestoran\\\/ru\\\/#website\"},\"datePublished\":\"2023-04-11T06:50:41+00:00\",\"dateModified\":\"2025-06-13T06:44:47+00:00\",\"breadcrumb\":{\"@id\":\"https:\\\/\\\/davinci.ee\\\/golfirestoran\\\/#breadcrumb\"},\"inLanguage\":\"et\",\"potentialAction\":[{\"@type\":\"ReadAction\",\"target\":[\"https:\\\/\\\/davinci.ee\\\/golfirestoran\\\/\"]}]},{\"@type\":\"BreadcrumbList\",\"@id\":\"https:\\\/\\\/davinci.ee\\\/golfirestoran\\\/#breadcrumb\",\"itemListElement\":[{\"@type\":\"ListItem\",\"position\":1,\"name\":\"Home\",\"item\":\"https:\\\/\\\/davinci.ee\\\/golfirestoran\\\/\"},{\"@type\":\"ListItem\",\"position\":2,\"name\":\"Esileht\"}]},{\"@type\":\"WebSite\",\"@id\":\"https:\\\/\\\/davinci.ee\\\/golfirestoran\\\/ru\\\/#website\",\"url\":\"https:\\\/\\\/davinci.ee\\\/golfirestoran\\\/ru\\\/\",\"name\":\"J\u00f5el\u00e4htme Da Vinci Golfirestoran\",\"description\":\"\",\"potentialAction\":[{\"@type\":\"SearchAction\",\"target\":{\"@type\":\"EntryPoint\",\"urlTemplate\":\"https:\\\/\\\/davinci.ee\\\/golfirestoran\\\/ru\\\/?s={search_term_string}\"},\"query-input\":{\"@type\":\"PropertyValueSpecification\",\"valueRequired\":true,\"valueName\":\"search_term_string\"}}],\"inLanguage\":\"et\"}]}<\/script>\n<!-- \/ Yoast SEO plugin. -->","yoast_head_json":{"title":"Esileht - J\u00f5el\u00e4htme Da Vinci Golfirestoran","robots":{"index":"index","follow":"follow","max-snippet":"max-snippet:-1","max-image-preview":"max-image-preview:large","max-video-preview":"max-video-preview:-1"},"canonical":"https:\/\/davinci.ee\/golfirestoran\/","og_locale":"et_EE","og_type":"article","og_title":"Esileht - J\u00f5el\u00e4htme Da Vinci Golfirestoran","og_description":"Meie lugu Da Vinci on 20a. kogemustepagasiga Itaalia restoranikett&nbsp;J\u00f5el\u00e4htmes, mis on&nbsp;Estonian Golf &amp; Country Clubi&nbsp;koondanud oma parima kogemuse &amp; armastuse Itaalia toidu vastu, andes sellele m\u00f4nusa grillirestorani touchi","og_url":"https:\/\/davinci.ee\/golfirestoran\/","og_site_name":"J\u00f5el\u00e4htme Da Vinci Golfirestoran","article_modified_time":"2025-06-13T06:44:47+00:00","twitter_card":"summary_large_image","twitter_misc":{"Est. reading time":"1 minut"},"schema":{"@context":"https:\/\/schema.org","@graph":[{"@type":"WebPage","@id":"https:\/\/davinci.ee\/golfirestoran\/","url":"https:\/\/davinci.ee\/golfirestoran\/","name":"Esileht - J\u00f5el\u00e4htme Da Vinci Golfirestoran","isPartOf":{"@id":"https:\/\/davinci.ee\/golfirestoran\/ru\/#website"},"datePublished":"2023-04-11T06:50:41+00:00","dateModified":"2025-06-13T06:44:47+00:00","breadcrumb":{"@id":"https:\/\/davinci.ee\/golfirestoran\/#breadcrumb"},"inLanguage":"et","potentialAction":[{"@type":"ReadAction","target":["https:\/\/davinci.ee\/golfirestoran\/"]}]},{"@type":"BreadcrumbList","@id":"https:\/\/davinci.ee\/golfirestoran\/#breadcrumb","itemListElement":[{"@type":"ListItem","position":1,"name":"Home","item":"https:\/\/davinci.ee\/golfirestoran\/"},{"@type":"ListItem","position":2,"name":"Esileht"}]},{"@type":"WebSite","@id":"https:\/\/davinci.ee\/golfirestoran\/ru\/#website","url":"https:\/\/davinci.ee\/golfirestoran\/ru\/","name":"J\u00f5el\u00e4htme Da Vinci Golfirestoran","description":"","potentialAction":[{"@type":"SearchAction","target":{"@type":"EntryPoint","urlTemplate":"https:\/\/davinci.ee\/golfirestoran\/ru\/?s={search_term_string}"},"query-input":{"@type":"PropertyValueSpecification","valueRequired":true,"valueName":"search_term_string"}}],"inLanguage":"et"}]}},"_links":{"self":[{"href":"https:\/\/davinci.ee\/golfirestoran\/wp-json\/wp\/v2\/pages\/24","targetHints":{"allow":["GET"]}}],"collection":[{"href":"https:\/\/davinci.ee\/golfirestoran\/wp-json\/wp\/v2\/pages"}],"about":[{"href":"https:\/\/davinci.ee\/golfirestoran\/wp-json\/wp\/v2\/types\/page"}],"author":[{"embeddable":true,"href":"https:\/\/davinci.ee\/golfirestoran\/wp-json\/wp\/v2\/users\/2"}],"replies":[{"embeddable":true,"href":"https:\/\/davinci.ee\/golfirestoran\/wp-json\/wp\/v2\/comments?post=24"}],"version-history":[{"count":187,"href":"https:\/\/davinci.ee\/golfirestoran\/wp-json\/wp\/v2\/pages\/24\/revisions"}],"predecessor-version":[{"id":5181,"href":"https:\/\/davinci.ee\/golfirestoran\/wp-json\/wp\/v2\/pages\/24\/revisions\/5181"}],"wp:attachment":[{"href":"https:\/\/davinci.ee\/golfirestoran\/wp-json\/wp\/v2\/media?parent=24"}],"curies":[{"name":"wp","href":"https:\/\/api.w.org\/{rel}","templated":true}]}}