{"id":188,"date":"2023-04-13T06:02:19","date_gmt":"2023-04-13T06:02:19","guid":{"rendered":"https:\/\/davinci.ee\/golfirestoran\/?page_id=188"},"modified":"2026-04-22T10:18:02","modified_gmt":"2026-04-22T07:18:02","slug":"meist","status":"publish","type":"page","link":"https:\/\/davinci.ee\/golfirestoran\/meist\/","title":{"rendered":"Meist"},"content":{"rendered":"<section class=\"block-pdf-menu container gutters orange\">\n\t<div class=\"row\">\n\t\t<div class=\"col-md-5\">\n            \t\t\t\t<h2 class=\"title\">Meist<\/h2>\n                        \t\t\t\t<div class=\"text\">\n\t\t\t\t\t<p>20- aastane Itaalia k\u00f6\u00f6gi pakkumise kogemus. J\u00f5el\u00e4htme Da Vinci Golfirestoranis saab nautida Da Vinci parimaid hitt-roogasid ning s\u00f6eahjus elava tuleva peal valmivaid h\u00f5rgutisi.<\/p>\n\t\t\t\t<\/div>\n            \t\t\t\t\t\t\t\t<\/div>\n\t\t<div class=\"col-md-7\">\n\t\t\t<div class=\"img-wrap\">\n\t\t\t\t                \t                    \t                        \t<img loading=\"lazy\" decoding=\"async\" width=\"480\" height=\"480\" src=\"https:\/\/davinci.ee\/golfirestoran\/wp-content\/uploads\/sites\/2\/2024\/04\/1-1.png\" class=\"items__layer layer\" alt=\"\" srcset=\"https:\/\/davinci.ee\/golfirestoran\/wp-content\/uploads\/sites\/2\/2024\/04\/1-1.png 480w, https:\/\/davinci.ee\/golfirestoran\/wp-content\/uploads\/sites\/2\/2024\/04\/1-1-300x300.png 300w, https:\/\/davinci.ee\/golfirestoran\/wp-content\/uploads\/sites\/2\/2024\/04\/1-1-150x150.png 150w, https:\/\/davinci.ee\/golfirestoran\/wp-content\/uploads\/sites\/2\/2024\/04\/1-1-230x230.png 230w, https:\/\/davinci.ee\/golfirestoran\/wp-content\/uploads\/sites\/2\/2024\/04\/1-1-219x219.png 219w\" sizes=\"auto, (max-width: 480px) 100vw, 480px\" \/>\t                        \t                                \t                        \t<img loading=\"lazy\" decoding=\"async\" width=\"252\" height=\"252\" src=\"https:\/\/davinci.ee\/golfirestoran\/wp-content\/uploads\/sites\/2\/2024\/04\/2-1.png\" class=\"items__layer layer\" alt=\"\" srcset=\"https:\/\/davinci.ee\/golfirestoran\/wp-content\/uploads\/sites\/2\/2024\/04\/2-1.png 252w, https:\/\/davinci.ee\/golfirestoran\/wp-content\/uploads\/sites\/2\/2024\/04\/2-1-150x150.png 150w, https:\/\/davinci.ee\/golfirestoran\/wp-content\/uploads\/sites\/2\/2024\/04\/2-1-230x230.png 230w, https:\/\/davinci.ee\/golfirestoran\/wp-content\/uploads\/sites\/2\/2024\/04\/2-1-219x219.png 219w\" sizes=\"auto, (max-width: 252px) 100vw, 252px\" \/>\t                        \t                                \t                        \t<img loading=\"lazy\" decoding=\"async\" width=\"314\" height=\"314\" src=\"https:\/\/davinci.ee\/golfirestoran\/wp-content\/uploads\/sites\/2\/2024\/04\/3-1.png\" class=\"items__layer layer\" alt=\"\" srcset=\"https:\/\/davinci.ee\/golfirestoran\/wp-content\/uploads\/sites\/2\/2024\/04\/3-1.png 314w, https:\/\/davinci.ee\/golfirestoran\/wp-content\/uploads\/sites\/2\/2024\/04\/3-1-300x300.png 300w, https:\/\/davinci.ee\/golfirestoran\/wp-content\/uploads\/sites\/2\/2024\/04\/3-1-150x150.png 150w, https:\/\/davinci.ee\/golfirestoran\/wp-content\/uploads\/sites\/2\/2024\/04\/3-1-230x230.png 230w, https:\/\/davinci.ee\/golfirestoran\/wp-content\/uploads\/sites\/2\/2024\/04\/3-1-219x219.png 219w\" sizes=\"auto, (max-width: 314px) 100vw, 314px\" \/>\t                        \t                                \t                        \t<img loading=\"lazy\" decoding=\"async\" width=\"298\" height=\"298\" src=\"https:\/\/davinci.ee\/golfirestoran\/wp-content\/uploads\/sites\/2\/2024\/04\/4-1.png\" class=\"items__layer layer\" alt=\"\" srcset=\"https:\/\/davinci.ee\/golfirestoran\/wp-content\/uploads\/sites\/2\/2024\/04\/4-1.png 298w, https:\/\/davinci.ee\/golfirestoran\/wp-content\/uploads\/sites\/2\/2024\/04\/4-1-150x150.png 150w, https:\/\/davinci.ee\/golfirestoran\/wp-content\/uploads\/sites\/2\/2024\/04\/4-1-230x230.png 230w, https:\/\/davinci.ee\/golfirestoran\/wp-content\/uploads\/sites\/2\/2024\/04\/4-1-219x219.png 219w\" sizes=\"auto, (max-width: 298px) 100vw, 298px\" \/>\t                        \t                                \t                        \t<img loading=\"lazy\" decoding=\"async\" width=\"1536\" height=\"2048\" src=\"https:\/\/davinci.ee\/golfirestoran\/wp-content\/uploads\/sites\/2\/2024\/08\/whatsapp-image-2024-08-09-at-16.59.48.jpeg\" class=\"items__layer layer\" alt=\"\" srcset=\"https:\/\/davinci.ee\/golfirestoran\/wp-content\/uploads\/sites\/2\/2024\/08\/whatsapp-image-2024-08-09-at-16.59.48.jpeg 1536w, https:\/\/davinci.ee\/golfirestoran\/wp-content\/uploads\/sites\/2\/2024\/08\/whatsapp-image-2024-08-09-at-16.59.48-225x300.jpeg 225w, https:\/\/davinci.ee\/golfirestoran\/wp-content\/uploads\/sites\/2\/2024\/08\/whatsapp-image-2024-08-09-at-16.59.48-768x1024.jpeg 768w, https:\/\/davinci.ee\/golfirestoran\/wp-content\/uploads\/sites\/2\/2024\/08\/whatsapp-image-2024-08-09-at-16.59.48-1152x1536.jpeg 1152w, https:\/\/davinci.ee\/golfirestoran\/wp-content\/uploads\/sites\/2\/2024\/08\/whatsapp-image-2024-08-09-at-16.59.48-164x219.jpeg 164w\" sizes=\"auto, (max-width: 1536px) 100vw, 1536px\" \/>\t                        \t                                \t                        \t<img loading=\"lazy\" decoding=\"async\" width=\"614\" height=\"614\" src=\"https:\/\/davinci.ee\/golfirestoran\/wp-content\/uploads\/sites\/2\/2024\/04\/6-1.png\" class=\"items__layer layer\" alt=\"\" srcset=\"https:\/\/davinci.ee\/golfirestoran\/wp-content\/uploads\/sites\/2\/2024\/04\/6-1.png 614w, https:\/\/davinci.ee\/golfirestoran\/wp-content\/uploads\/sites\/2\/2024\/04\/6-1-300x300.png 300w, https:\/\/davinci.ee\/golfirestoran\/wp-content\/uploads\/sites\/2\/2024\/04\/6-1-150x150.png 150w, https:\/\/davinci.ee\/golfirestoran\/wp-content\/uploads\/sites\/2\/2024\/04\/6-1-230x230.png 230w, https:\/\/davinci.ee\/golfirestoran\/wp-content\/uploads\/sites\/2\/2024\/04\/6-1-219x219.png 219w\" sizes=\"auto, (max-width: 614px) 100vw, 614px\" \/>\t                        \t                                \t                        \t<img loading=\"lazy\" decoding=\"async\" width=\"504\" height=\"504\" src=\"https:\/\/davinci.ee\/golfirestoran\/wp-content\/uploads\/sites\/2\/2024\/04\/7-1.png\" class=\"items__layer layer\" alt=\"\" srcset=\"https:\/\/davinci.ee\/golfirestoran\/wp-content\/uploads\/sites\/2\/2024\/04\/7-1.png 504w, https:\/\/davinci.ee\/golfirestoran\/wp-content\/uploads\/sites\/2\/2024\/04\/7-1-300x300.png 300w, https:\/\/davinci.ee\/golfirestoran\/wp-content\/uploads\/sites\/2\/2024\/04\/7-1-150x150.png 150w, https:\/\/davinci.ee\/golfirestoran\/wp-content\/uploads\/sites\/2\/2024\/04\/7-1-230x230.png 230w, https:\/\/davinci.ee\/golfirestoran\/wp-content\/uploads\/sites\/2\/2024\/04\/7-1-219x219.png 219w\" sizes=\"auto, (max-width: 504px) 100vw, 504px\" \/>\t                        \t                                        <\/div>\n\t\t<\/div>\n\t<\/div>\n<\/section>\n","protected":false},"excerpt":{"rendered":"","protected":false},"author":2,"featured_media":0,"parent":0,"menu_order":0,"comment_status":"closed","ping_status":"closed","template":"","meta":{"_acf_changed":false,"footnotes":""},"class_list":["post-188","page","type-page","status-publish","hentry"],"acf":[],"yoast_head":"<!-- This site is optimized with the Yoast SEO plugin v27.4 - https:\/\/yoast.com\/product\/yoast-seo-wordpress\/ -->\n<title>Meist - J\u00f5el\u00e4htme Da Vinci Golfirestoran<\/title>\n<meta name=\"robots\" content=\"index, follow, max-snippet:-1, max-image-preview:large, max-video-preview:-1\" \/>\n<link rel=\"canonical\" href=\"https:\/\/davinci.ee\/golfirestoran\/meist\/\" \/>\n<meta property=\"og:locale\" content=\"et_EE\" \/>\n<meta property=\"og:type\" content=\"article\" \/>\n<meta property=\"og:title\" content=\"Meist - J\u00f5el\u00e4htme Da Vinci Golfirestoran\" \/>\n<meta property=\"og:url\" content=\"https:\/\/davinci.ee\/golfirestoran\/meist\/\" \/>\n<meta property=\"og:site_name\" content=\"J\u00f5el\u00e4htme Da Vinci Golfirestoran\" \/>\n<meta property=\"article:modified_time\" content=\"2026-04-22T07:18:02+00:00\" \/>\n<meta name=\"twitter:card\" content=\"summary_large_image\" \/>\n<script type=\"application\/ld+json\" class=\"yoast-schema-graph\">{\"@context\":\"https:\\\/\\\/schema.org\",\"@graph\":[{\"@type\":\"WebPage\",\"@id\":\"https:\\\/\\\/davinci.ee\\\/golfirestoran\\\/meist\\\/\",\"url\":\"https:\\\/\\\/davinci.ee\\\/golfirestoran\\\/meist\\\/\",\"name\":\"Meist - J\u00f5el\u00e4htme Da Vinci Golfirestoran\",\"isPartOf\":{\"@id\":\"https:\\\/\\\/davinci.ee\\\/golfirestoran\\\/ru\\\/#website\"},\"datePublished\":\"2023-04-13T06:02:19+00:00\",\"dateModified\":\"2026-04-22T07:18:02+00:00\",\"breadcrumb\":{\"@id\":\"https:\\\/\\\/davinci.ee\\\/golfirestoran\\\/meist\\\/#breadcrumb\"},\"inLanguage\":\"et\",\"potentialAction\":[{\"@type\":\"ReadAction\",\"target\":[\"https:\\\/\\\/davinci.ee\\\/golfirestoran\\\/meist\\\/\"]}]},{\"@type\":\"BreadcrumbList\",\"@id\":\"https:\\\/\\\/davinci.ee\\\/golfirestoran\\\/meist\\\/#breadcrumb\",\"itemListElement\":[{\"@type\":\"ListItem\",\"position\":1,\"name\":\"Home\",\"item\":\"https:\\\/\\\/davinci.ee\\\/golfirestoran\\\/\"},{\"@type\":\"ListItem\",\"position\":2,\"name\":\"Meist\"}]},{\"@type\":\"WebSite\",\"@id\":\"https:\\\/\\\/davinci.ee\\\/golfirestoran\\\/ru\\\/#website\",\"url\":\"https:\\\/\\\/davinci.ee\\\/golfirestoran\\\/ru\\\/\",\"name\":\"J\u00f5el\u00e4htme Da Vinci Golfirestoran\",\"description\":\"\",\"potentialAction\":[{\"@type\":\"SearchAction\",\"target\":{\"@type\":\"EntryPoint\",\"urlTemplate\":\"https:\\\/\\\/davinci.ee\\\/golfirestoran\\\/ru\\\/?s={search_term_string}\"},\"query-input\":{\"@type\":\"PropertyValueSpecification\",\"valueRequired\":true,\"valueName\":\"search_term_string\"}}],\"inLanguage\":\"et\"}]}<\/script>\n<!-- \/ Yoast SEO plugin. -->","yoast_head_json":{"title":"Meist - J\u00f5el\u00e4htme Da Vinci Golfirestoran","robots":{"index":"index","follow":"follow","max-snippet":"max-snippet:-1","max-image-preview":"max-image-preview:large","max-video-preview":"max-video-preview:-1"},"canonical":"https:\/\/davinci.ee\/golfirestoran\/meist\/","og_locale":"et_EE","og_type":"article","og_title":"Meist - J\u00f5el\u00e4htme Da Vinci Golfirestoran","og_url":"https:\/\/davinci.ee\/golfirestoran\/meist\/","og_site_name":"J\u00f5el\u00e4htme Da Vinci Golfirestoran","article_modified_time":"2026-04-22T07:18:02+00:00","twitter_card":"summary_large_image","schema":{"@context":"https:\/\/schema.org","@graph":[{"@type":"WebPage","@id":"https:\/\/davinci.ee\/golfirestoran\/meist\/","url":"https:\/\/davinci.ee\/golfirestoran\/meist\/","name":"Meist - J\u00f5el\u00e4htme Da Vinci Golfirestoran","isPartOf":{"@id":"https:\/\/davinci.ee\/golfirestoran\/ru\/#website"},"datePublished":"2023-04-13T06:02:19+00:00","dateModified":"2026-04-22T07:18:02+00:00","breadcrumb":{"@id":"https:\/\/davinci.ee\/golfirestoran\/meist\/#breadcrumb"},"inLanguage":"et","potentialAction":[{"@type":"ReadAction","target":["https:\/\/davinci.ee\/golfirestoran\/meist\/"]}]},{"@type":"BreadcrumbList","@id":"https:\/\/davinci.ee\/golfirestoran\/meist\/#breadcrumb","itemListElement":[{"@type":"ListItem","position":1,"name":"Home","item":"https:\/\/davinci.ee\/golfirestoran\/"},{"@type":"ListItem","position":2,"name":"Meist"}]},{"@type":"WebSite","@id":"https:\/\/davinci.ee\/golfirestoran\/ru\/#website","url":"https:\/\/davinci.ee\/golfirestoran\/ru\/","name":"J\u00f5el\u00e4htme Da Vinci Golfirestoran","description":"","potentialAction":[{"@type":"SearchAction","target":{"@type":"EntryPoint","urlTemplate":"https:\/\/davinci.ee\/golfirestoran\/ru\/?s={search_term_string}"},"query-input":{"@type":"PropertyValueSpecification","valueRequired":true,"valueName":"search_term_string"}}],"inLanguage":"et"}]}},"_links":{"self":[{"href":"https:\/\/davinci.ee\/golfirestoran\/wp-json\/wp\/v2\/pages\/188","targetHints":{"allow":["GET"]}}],"collection":[{"href":"https:\/\/davinci.ee\/golfirestoran\/wp-json\/wp\/v2\/pages"}],"about":[{"href":"https:\/\/davinci.ee\/golfirestoran\/wp-json\/wp\/v2\/types\/page"}],"author":[{"embeddable":true,"href":"https:\/\/davinci.ee\/golfirestoran\/wp-json\/wp\/v2\/users\/2"}],"replies":[{"embeddable":true,"href":"https:\/\/davinci.ee\/golfirestoran\/wp-json\/wp\/v2\/comments?post=188"}],"version-history":[{"count":194,"href":"https:\/\/davinci.ee\/golfirestoran\/wp-json\/wp\/v2\/pages\/188\/revisions"}],"predecessor-version":[{"id":5286,"href":"https:\/\/davinci.ee\/golfirestoran\/wp-json\/wp\/v2\/pages\/188\/revisions\/5286"}],"wp:attachment":[{"href":"https:\/\/davinci.ee\/golfirestoran\/wp-json\/wp\/v2\/media?parent=188"}],"curies":[{"name":"wp","href":"https:\/\/api.w.org\/{rel}","templated":true}]}}