{"id":157,"date":"2023-04-12T05:53:08","date_gmt":"2023-04-12T05:53:08","guid":{"rendered":"https:\/\/davinci.ee\/golfirestoran\/?page_id=157"},"modified":"2024-05-30T13:25:49","modified_gmt":"2024-05-30T10:25:49","slug":"sundmused","status":"publish","type":"page","link":"https:\/\/davinci.ee\/golfirestoran\/sundmused\/","title":{"rendered":"S\u00fcndmused"},"content":{"rendered":"\n<div class=\"wp-block-cover has-custom-content-position is-position-top-center has-small-font-size\" style=\"min-height:700px;aspect-ratio:unset;\"><span aria-hidden=\"true\" class=\"wp-block-cover__background has-background-dim-10 has-background-dim\" style=\"background-color:#514039\"><\/span><img loading=\"lazy\" decoding=\"async\" width=\"2560\" height=\"1707\" src=\"https:\/\/davinci.ee\/golfirestoran\/wp-content\/uploads\/sites\/2\/2024\/05\/syndmused-scaled.jpg\" class=\"wp-block-cover__image-background wp-post-image\" alt=\"\" data-object-fit=\"cover\" srcset=\"https:\/\/davinci.ee\/golfirestoran\/wp-content\/uploads\/sites\/2\/2024\/05\/syndmused-scaled.jpg 2560w, https:\/\/davinci.ee\/golfirestoran\/wp-content\/uploads\/sites\/2\/2024\/05\/syndmused-300x200.jpg 300w, https:\/\/davinci.ee\/golfirestoran\/wp-content\/uploads\/sites\/2\/2024\/05\/syndmused-1024x683.jpg 1024w, https:\/\/davinci.ee\/golfirestoran\/wp-content\/uploads\/sites\/2\/2024\/05\/syndmused-768x512.jpg 768w, https:\/\/davinci.ee\/golfirestoran\/wp-content\/uploads\/sites\/2\/2024\/05\/syndmused-1536x1024.jpg 1536w, https:\/\/davinci.ee\/golfirestoran\/wp-content\/uploads\/sites\/2\/2024\/05\/syndmused-2048x1366.jpg 2048w, https:\/\/davinci.ee\/golfirestoran\/wp-content\/uploads\/sites\/2\/2024\/05\/syndmused-328x219.jpg 328w\" sizes=\"auto, (max-width: 2560px) 100vw, 2560px\" \/><div class=\"wp-block-cover__inner-container is-layout-flow wp-block-cover-is-layout-flow\">\n<div class=\"wp-block-group is-vertical is-content-justification-center is-layout-flex wp-container-core-group-is-layout-4b2eccd6 wp-block-group-is-layout-flex\"><div class=\"block block-heading gutters\">\n<h1 class=\"wp-block-heading has-text-align-center\" style=\"font-size:72px\">S\u00fcndmused<\/h1>\n<\/div>\n\n<div class=\"block block-paragraph gutters\">\n<p class=\"has-text-align-center\" style=\"font-size:18px\">Tallinnast 30-minutilise autos\u00f5idu kaugusel (27km kui t\u00e4pne olla) on J\u00f5el\u00e4htme golfirestoran, mille unikaalne asukoht, kaunis loodus ning maastikuarhitektuur meenutab pigem m\u00f5nd Bernardo Bellotto Itaalia maastikumaali kui traditsioonilist v\u00e4ljas\u00f5itu maale.<\/p>\n<\/div><\/div>\n<\/div><\/div>\n\n\n\n<div class=\"illy-wrapper bottom-sections\" >\n    <div class=\"left-side block image_only_slider\">\n                                    <img decoding=\"async\" src=\"https:\/\/davinci.ee\/golfirestoran\/wp-content\/uploads\/sites\/2\/2024\/05\/dsc_7575-1.jpg\" alt=\"\">\n                            <img decoding=\"async\" src=\"https:\/\/davinci.ee\/golfirestoran\/wp-content\/uploads\/sites\/2\/2024\/05\/dsc_7628.jpg\" alt=\"\">\n                            <img decoding=\"async\" src=\"https:\/\/davinci.ee\/golfirestoran\/wp-content\/uploads\/sites\/2\/2024\/05\/dsc_7533-1.jpg\" alt=\"\">\n                            <img decoding=\"async\" src=\"https:\/\/davinci.ee\/golfirestoran\/wp-content\/uploads\/sites\/2\/2024\/05\/peasaal-scaled.jpg\" alt=\"\">\n                        <\/div>\n    <div class=\"right-side \">\n        <div class=\"content-wrap\">\n            <h2 class=\"title block \">Ruumid, terrazza ja mahutavus<\/h2>\n            <div class=\"text block \"><p>Peasaalis on kuni 80 istumiskohta, kuid v\u00e4ga hea sisekliimaga ettev\u00f5tete jaoks leiab kreatiivse paigutamise tulemusena ruumi veel m\u00f5nele kohale nii, et ka tantsuruumi jaaks. Lisaks muidugi suur ja avar terrazza!<\/p>\n<p>Lisaks on v\u00f5imalik kasutada V\u00e4ikest Saali kas m\u00f5ne \u00fcrituse aktiviteedi tarvis, esinejate puhkeruumina v\u00f5i lisa 12 inimese istekohana.<\/p>\n<\/div>\n            <div class=\"button-wrap \"><a href=\"https:\/\/davinci.ee\/golfirestoran\/events\/voimalikud-saaliplaanid\/\" class=\"buttons block\">Vaata v\u00f5imalikke saaliplaane<\/a><\/div>        <\/div>\n    <\/div>\n<\/div>\n\n\n\n\n\n\n\n\n<div class=\"illy-wrapper even bottom-sections\" >\n    <div class=\"left-side block image_only_slider\">\n                                    <img decoding=\"async\" src=\"https:\/\/davinci.ee\/golfirestoran\/wp-content\/uploads\/sites\/2\/2024\/05\/imgl4415_fullsize_fotograaf.lauri_.laan_-scaled.jpg\" alt=\"\">\n                            <img decoding=\"async\" src=\"https:\/\/davinci.ee\/golfirestoran\/wp-content\/uploads\/sites\/2\/2024\/05\/imgl4607_fullsize_fotograaf.lauri_.laan_-scaled.jpg\" alt=\"\">\n                            <img decoding=\"async\" src=\"https:\/\/davinci.ee\/golfirestoran\/wp-content\/uploads\/sites\/2\/2024\/05\/imgl4753_fullsize_fotograaf.lauri_.laan_-scaled.jpg\" alt=\"\">\n                        <\/div>\n    <div class=\"right-side \">\n        <div class=\"content-wrap\">\n            <h2 class=\"title block \">K\u00f6\u00f6k<\/h2>\n            <div class=\"text block \"><p>Meie kaheksa restorani \u00fcle Eesti annavad tunnustust sellest, et suudame klientidele pidevalt pakkuda nii p\u00f5nevaid ja uudseid maitseid kui p\u00fcsivat kvaliteeti. Seda renomeed kaitseme suure au ning kohusetundega ka eri\u00fcrituste ajal.<\/p>\n<p>Meie spetsialiteet on Itaalia k\u00f6\u00f6k, kuid meie chef ja kokad tulevad meelsasti kaasa ka spetsiifiliste v\u00e4ljakutsetega, mille raskuskese on Vahemerest kaugel.<\/p>\n<\/div>\n            <div class=\"button-wrap \"><a href=\"https:\/\/davinci.ee\/golfirestoran\/menuu\/\" class=\"buttons block\">Men\u00fc\u00fc<\/a><\/div>        <\/div>\n    <\/div>\n<\/div>\n\n\n\n\n\n\n\n\n<div class=\"illy-wrapper bottom-sections\" >\n    <div class=\"left-side block \">\n                                    <img decoding=\"async\" src=\"https:\/\/davinci.ee\/golfirestoran\/wp-content\/uploads\/sites\/2\/2024\/05\/gerlijaivo-412-scaled.jpg\" alt=\"\">\n                        <\/div>\n    <div class=\"right-side \">\n        <div class=\"content-wrap\">\n            <h2 class=\"title block \">Personal<\/h2>\n            <div class=\"text block \"><p>Oleme meeleldi \u00fcrituse ajal lisaks teenindusele abiks veel v\u00e4ikeste, kuid oluliste asjadega, n\u00e4iteks garderoobi mehitamisega ning k\u00fclaliste tervitamise, juhatamise ja instrueerimisega.<\/p>\n<p>\u00dchtlasi ei pea \u00fcrituse korraldaja muretsema laudade ja \u00fcmbruse pideva koristamise ning muidu t\u00e4helepaneliku teeninduse eest \u2014 teame h\u00e4sti, kui oluline see on.<\/p>\n<\/div>\n                    <\/div>\n    <\/div>\n<\/div>\n\n\n\n\n\n","protected":false},"excerpt":{"rendered":"","protected":false},"author":2,"featured_media":4888,"parent":0,"menu_order":0,"comment_status":"closed","ping_status":"closed","template":"page-templates\/events.php","meta":{"_acf_changed":false,"footnotes":""},"class_list":["post-157","page","type-page","status-publish","has-post-thumbnail","hentry"],"acf":[],"yoast_head":"<!-- This site is optimized with the Yoast SEO plugin v27.3 - https:\/\/yoast.com\/product\/yoast-seo-wordpress\/ -->\n<title>S\u00fcndmused - J\u00f5el\u00e4htme Da Vinci Golfirestoran<\/title>\n<meta name=\"robots\" content=\"index, follow, max-snippet:-1, max-image-preview:large, max-video-preview:-1\" \/>\n<link rel=\"canonical\" href=\"https:\/\/davinci.ee\/golfirestoran\/sundmused\/\" \/>\n<meta property=\"og:locale\" content=\"et_EE\" \/>\n<meta property=\"og:type\" content=\"article\" \/>\n<meta property=\"og:title\" content=\"S\u00fcndmused - J\u00f5el\u00e4htme Da Vinci Golfirestoran\" \/>\n<meta property=\"og:url\" content=\"https:\/\/davinci.ee\/golfirestoran\/sundmused\/\" \/>\n<meta property=\"og:site_name\" content=\"J\u00f5el\u00e4htme Da Vinci Golfirestoran\" \/>\n<meta property=\"article:modified_time\" content=\"2024-05-30T10:25:49+00:00\" \/>\n<meta property=\"og:image\" content=\"https:\/\/davinci.ee\/golfirestoran\/wp-content\/uploads\/sites\/2\/2024\/05\/syndmused-scaled.jpg\" \/>\n\t<meta property=\"og:image:width\" content=\"2560\" \/>\n\t<meta property=\"og:image:height\" content=\"1707\" \/>\n\t<meta property=\"og:image:type\" content=\"image\/jpeg\" \/>\n<meta name=\"twitter:card\" content=\"summary_large_image\" \/>\n<meta name=\"twitter:label1\" content=\"Est. reading time\" \/>\n\t<meta name=\"twitter:data1\" content=\"1 minut\" \/>\n<script type=\"application\/ld+json\" class=\"yoast-schema-graph\">{\"@context\":\"https:\\\/\\\/schema.org\",\"@graph\":[{\"@type\":\"WebPage\",\"@id\":\"https:\\\/\\\/davinci.ee\\\/golfirestoran\\\/sundmused\\\/\",\"url\":\"https:\\\/\\\/davinci.ee\\\/golfirestoran\\\/sundmused\\\/\",\"name\":\"S\u00fcndmused - J\u00f5el\u00e4htme Da Vinci Golfirestoran\",\"isPartOf\":{\"@id\":\"https:\\\/\\\/davinci.ee\\\/golfirestoran\\\/ru\\\/#website\"},\"primaryImageOfPage\":{\"@id\":\"https:\\\/\\\/davinci.ee\\\/golfirestoran\\\/sundmused\\\/#primaryimage\"},\"image\":{\"@id\":\"https:\\\/\\\/davinci.ee\\\/golfirestoran\\\/sundmused\\\/#primaryimage\"},\"thumbnailUrl\":\"https:\\\/\\\/davinci.ee\\\/golfirestoran\\\/wp-content\\\/uploads\\\/sites\\\/2\\\/2024\\\/05\\\/syndmused-scaled.jpg\",\"datePublished\":\"2023-04-12T05:53:08+00:00\",\"dateModified\":\"2024-05-30T10:25:49+00:00\",\"breadcrumb\":{\"@id\":\"https:\\\/\\\/davinci.ee\\\/golfirestoran\\\/sundmused\\\/#breadcrumb\"},\"inLanguage\":\"et\",\"potentialAction\":[{\"@type\":\"ReadAction\",\"target\":[\"https:\\\/\\\/davinci.ee\\\/golfirestoran\\\/sundmused\\\/\"]}]},{\"@type\":\"ImageObject\",\"inLanguage\":\"et\",\"@id\":\"https:\\\/\\\/davinci.ee\\\/golfirestoran\\\/sundmused\\\/#primaryimage\",\"url\":\"https:\\\/\\\/davinci.ee\\\/golfirestoran\\\/wp-content\\\/uploads\\\/sites\\\/2\\\/2024\\\/05\\\/syndmused-scaled.jpg\",\"contentUrl\":\"https:\\\/\\\/davinci.ee\\\/golfirestoran\\\/wp-content\\\/uploads\\\/sites\\\/2\\\/2024\\\/05\\\/syndmused-scaled.jpg\",\"width\":2560,\"height\":1707},{\"@type\":\"BreadcrumbList\",\"@id\":\"https:\\\/\\\/davinci.ee\\\/golfirestoran\\\/sundmused\\\/#breadcrumb\",\"itemListElement\":[{\"@type\":\"ListItem\",\"position\":1,\"name\":\"Home\",\"item\":\"https:\\\/\\\/davinci.ee\\\/golfirestoran\\\/\"},{\"@type\":\"ListItem\",\"position\":2,\"name\":\"S\u00fcndmused\"}]},{\"@type\":\"WebSite\",\"@id\":\"https:\\\/\\\/davinci.ee\\\/golfirestoran\\\/ru\\\/#website\",\"url\":\"https:\\\/\\\/davinci.ee\\\/golfirestoran\\\/ru\\\/\",\"name\":\"J\u00f5el\u00e4htme Da Vinci Golfirestoran\",\"description\":\"\",\"potentialAction\":[{\"@type\":\"SearchAction\",\"target\":{\"@type\":\"EntryPoint\",\"urlTemplate\":\"https:\\\/\\\/davinci.ee\\\/golfirestoran\\\/ru\\\/?s={search_term_string}\"},\"query-input\":{\"@type\":\"PropertyValueSpecification\",\"valueRequired\":true,\"valueName\":\"search_term_string\"}}],\"inLanguage\":\"et\"}]}<\/script>\n<!-- \/ Yoast SEO plugin. -->","yoast_head_json":{"title":"S\u00fcndmused - J\u00f5el\u00e4htme Da Vinci Golfirestoran","robots":{"index":"index","follow":"follow","max-snippet":"max-snippet:-1","max-image-preview":"max-image-preview:large","max-video-preview":"max-video-preview:-1"},"canonical":"https:\/\/davinci.ee\/golfirestoran\/sundmused\/","og_locale":"et_EE","og_type":"article","og_title":"S\u00fcndmused - J\u00f5el\u00e4htme Da Vinci Golfirestoran","og_url":"https:\/\/davinci.ee\/golfirestoran\/sundmused\/","og_site_name":"J\u00f5el\u00e4htme Da Vinci Golfirestoran","article_modified_time":"2024-05-30T10:25:49+00:00","og_image":[{"width":2560,"height":1707,"url":"https:\/\/davinci.ee\/golfirestoran\/wp-content\/uploads\/sites\/2\/2024\/05\/syndmused-scaled.jpg","type":"image\/jpeg"}],"twitter_card":"summary_large_image","twitter_misc":{"Est. reading time":"1 minut"},"schema":{"@context":"https:\/\/schema.org","@graph":[{"@type":"WebPage","@id":"https:\/\/davinci.ee\/golfirestoran\/sundmused\/","url":"https:\/\/davinci.ee\/golfirestoran\/sundmused\/","name":"S\u00fcndmused - J\u00f5el\u00e4htme Da Vinci Golfirestoran","isPartOf":{"@id":"https:\/\/davinci.ee\/golfirestoran\/ru\/#website"},"primaryImageOfPage":{"@id":"https:\/\/davinci.ee\/golfirestoran\/sundmused\/#primaryimage"},"image":{"@id":"https:\/\/davinci.ee\/golfirestoran\/sundmused\/#primaryimage"},"thumbnailUrl":"https:\/\/davinci.ee\/golfirestoran\/wp-content\/uploads\/sites\/2\/2024\/05\/syndmused-scaled.jpg","datePublished":"2023-04-12T05:53:08+00:00","dateModified":"2024-05-30T10:25:49+00:00","breadcrumb":{"@id":"https:\/\/davinci.ee\/golfirestoran\/sundmused\/#breadcrumb"},"inLanguage":"et","potentialAction":[{"@type":"ReadAction","target":["https:\/\/davinci.ee\/golfirestoran\/sundmused\/"]}]},{"@type":"ImageObject","inLanguage":"et","@id":"https:\/\/davinci.ee\/golfirestoran\/sundmused\/#primaryimage","url":"https:\/\/davinci.ee\/golfirestoran\/wp-content\/uploads\/sites\/2\/2024\/05\/syndmused-scaled.jpg","contentUrl":"https:\/\/davinci.ee\/golfirestoran\/wp-content\/uploads\/sites\/2\/2024\/05\/syndmused-scaled.jpg","width":2560,"height":1707},{"@type":"BreadcrumbList","@id":"https:\/\/davinci.ee\/golfirestoran\/sundmused\/#breadcrumb","itemListElement":[{"@type":"ListItem","position":1,"name":"Home","item":"https:\/\/davinci.ee\/golfirestoran\/"},{"@type":"ListItem","position":2,"name":"S\u00fcndmused"}]},{"@type":"WebSite","@id":"https:\/\/davinci.ee\/golfirestoran\/ru\/#website","url":"https:\/\/davinci.ee\/golfirestoran\/ru\/","name":"J\u00f5el\u00e4htme Da Vinci Golfirestoran","description":"","potentialAction":[{"@type":"SearchAction","target":{"@type":"EntryPoint","urlTemplate":"https:\/\/davinci.ee\/golfirestoran\/ru\/?s={search_term_string}"},"query-input":{"@type":"PropertyValueSpecification","valueRequired":true,"valueName":"search_term_string"}}],"inLanguage":"et"}]}},"_links":{"self":[{"href":"https:\/\/davinci.ee\/golfirestoran\/wp-json\/wp\/v2\/pages\/157","targetHints":{"allow":["GET"]}}],"collection":[{"href":"https:\/\/davinci.ee\/golfirestoran\/wp-json\/wp\/v2\/pages"}],"about":[{"href":"https:\/\/davinci.ee\/golfirestoran\/wp-json\/wp\/v2\/types\/page"}],"author":[{"embeddable":true,"href":"https:\/\/davinci.ee\/golfirestoran\/wp-json\/wp\/v2\/users\/2"}],"replies":[{"embeddable":true,"href":"https:\/\/davinci.ee\/golfirestoran\/wp-json\/wp\/v2\/comments?post=157"}],"version-history":[{"count":87,"href":"https:\/\/davinci.ee\/golfirestoran\/wp-json\/wp\/v2\/pages\/157\/revisions"}],"predecessor-version":[{"id":4985,"href":"https:\/\/davinci.ee\/golfirestoran\/wp-json\/wp\/v2\/pages\/157\/revisions\/4985"}],"wp:featuredmedia":[{"embeddable":true,"href":"https:\/\/davinci.ee\/golfirestoran\/wp-json\/wp\/v2\/media\/4888"}],"wp:attachment":[{"href":"https:\/\/davinci.ee\/golfirestoran\/wp-json\/wp\/v2\/media?parent=157"}],"curies":[{"name":"wp","href":"https:\/\/api.w.org\/{rel}","templated":true}]}}