{"id":337,"date":"2024-04-26T12:00:50","date_gmt":"2024-04-26T12:00:50","guid":{"rendered":"https:\/\/davinci.ee\/cafeteria\/?page_id=337"},"modified":"2025-09-13T10:32:23","modified_gmt":"2025-09-13T10:32:23","slug":"pagar-kondiiter","status":"publish","type":"page","link":"https:\/\/davinci.ee\/cafeteria\/pagar-kondiiter\/","title":{"rendered":"KONDIITER\u00a0"},"content":{"rendered":"\n<div class=\"text-and-floating-images-wrap block gutters\">\n    <div class=\"text-and-floating-images-inner  top-side\">\n        <div class=\"left-side\">\n                            <div class=\"title\">\n                    Kondiiter                                    <\/div>\n                                                    <div class=\"text\"><p>Parimad pagari- ja kondiitritooted Tallinnas &#8211; nautige v\u00e4rskeid saiakesi, torte ja muid h\u00f5rgutisi meie meisterlike pagarite ja kondiitrite k\u00e4sit\u00f6\u00f6na.<\/p>\n<p><strong>Telli l\u00e4bi e-poe <a href=\"https:\/\/bakery.davinci.ee\/\">https:\/\/bakery.davinci.ee\/<\/a>\u00a0<\/strong><\/p>\n<\/div>\n                        \n                                <\/div>\n        <div class=\"right-side images\">\n                            <div class=\"img-wrap\">\n                                                                        <img loading=\"lazy\" decoding=\"async\" width=\"2560\" height=\"1707\" src=\"https:\/\/davinci.ee\/cafeteria\/wp-content\/uploads\/sites\/6\/2024\/05\/img_0034-scaled.jpg\" class=\"items__layer layer\" alt=\"\" srcset=\"https:\/\/davinci.ee\/cafeteria\/wp-content\/uploads\/sites\/6\/2024\/05\/img_0034-scaled.jpg 2560w, https:\/\/davinci.ee\/cafeteria\/wp-content\/uploads\/sites\/6\/2024\/05\/img_0034-300x200.jpg 300w, https:\/\/davinci.ee\/cafeteria\/wp-content\/uploads\/sites\/6\/2024\/05\/img_0034-1024x683.jpg 1024w, https:\/\/davinci.ee\/cafeteria\/wp-content\/uploads\/sites\/6\/2024\/05\/img_0034-768x512.jpg 768w, https:\/\/davinci.ee\/cafeteria\/wp-content\/uploads\/sites\/6\/2024\/05\/img_0034-1536x1024.jpg 1536w, https:\/\/davinci.ee\/cafeteria\/wp-content\/uploads\/sites\/6\/2024\/05\/img_0034-2048x1366.jpg 2048w, https:\/\/davinci.ee\/cafeteria\/wp-content\/uploads\/sites\/6\/2024\/05\/img_0034-328x219.jpg 328w\" sizes=\"auto, (max-width: 2560px) 100vw, 2560px\" \/>                                                                                                <img loading=\"lazy\" decoding=\"async\" width=\"1707\" height=\"2560\" src=\"https:\/\/davinci.ee\/cafeteria\/wp-content\/uploads\/sites\/6\/2024\/05\/img_0033-scaled.jpg\" class=\"items__layer layer\" alt=\"\" srcset=\"https:\/\/davinci.ee\/cafeteria\/wp-content\/uploads\/sites\/6\/2024\/05\/img_0033-scaled.jpg 1707w, https:\/\/davinci.ee\/cafeteria\/wp-content\/uploads\/sites\/6\/2024\/05\/img_0033-200x300.jpg 200w, https:\/\/davinci.ee\/cafeteria\/wp-content\/uploads\/sites\/6\/2024\/05\/img_0033-683x1024.jpg 683w, https:\/\/davinci.ee\/cafeteria\/wp-content\/uploads\/sites\/6\/2024\/05\/img_0033-768x1152.jpg 768w, https:\/\/davinci.ee\/cafeteria\/wp-content\/uploads\/sites\/6\/2024\/05\/img_0033-1024x1536.jpg 1024w, https:\/\/davinci.ee\/cafeteria\/wp-content\/uploads\/sites\/6\/2024\/05\/img_0033-1366x2048.jpg 1366w, https:\/\/davinci.ee\/cafeteria\/wp-content\/uploads\/sites\/6\/2024\/05\/img_0033-146x219.jpg 146w\" sizes=\"auto, (max-width: 1707px) 100vw, 1707px\" \/>                                                                                                <img loading=\"lazy\" decoding=\"async\" width=\"2560\" height=\"1707\" src=\"https:\/\/davinci.ee\/cafeteria\/wp-content\/uploads\/sites\/6\/2024\/02\/suus-sulav-scaled.jpg\" class=\"items__layer layer\" alt=\"\" srcset=\"https:\/\/davinci.ee\/cafeteria\/wp-content\/uploads\/sites\/6\/2024\/02\/suus-sulav-scaled.jpg 2560w, https:\/\/davinci.ee\/cafeteria\/wp-content\/uploads\/sites\/6\/2024\/02\/suus-sulav-300x200.jpg 300w, https:\/\/davinci.ee\/cafeteria\/wp-content\/uploads\/sites\/6\/2024\/02\/suus-sulav-1024x683.jpg 1024w, https:\/\/davinci.ee\/cafeteria\/wp-content\/uploads\/sites\/6\/2024\/02\/suus-sulav-768x512.jpg 768w, https:\/\/davinci.ee\/cafeteria\/wp-content\/uploads\/sites\/6\/2024\/02\/suus-sulav-1536x1024.jpg 1536w, https:\/\/davinci.ee\/cafeteria\/wp-content\/uploads\/sites\/6\/2024\/02\/suus-sulav-2048x1366.jpg 2048w, https:\/\/davinci.ee\/cafeteria\/wp-content\/uploads\/sites\/6\/2024\/02\/suus-sulav-328x219.jpg 328w\" sizes=\"auto, (max-width: 2560px) 100vw, 2560px\" \/>                                                                                                <img loading=\"lazy\" decoding=\"async\" width=\"2560\" height=\"1707\" src=\"https:\/\/davinci.ee\/cafeteria\/wp-content\/uploads\/sites\/6\/2024\/02\/passionitort5-scaled.jpg\" class=\"items__layer layer\" alt=\"\" srcset=\"https:\/\/davinci.ee\/cafeteria\/wp-content\/uploads\/sites\/6\/2024\/02\/passionitort5-scaled.jpg 2560w, https:\/\/davinci.ee\/cafeteria\/wp-content\/uploads\/sites\/6\/2024\/02\/passionitort5-300x200.jpg 300w, https:\/\/davinci.ee\/cafeteria\/wp-content\/uploads\/sites\/6\/2024\/02\/passionitort5-1024x683.jpg 1024w, https:\/\/davinci.ee\/cafeteria\/wp-content\/uploads\/sites\/6\/2024\/02\/passionitort5-768x512.jpg 768w, https:\/\/davinci.ee\/cafeteria\/wp-content\/uploads\/sites\/6\/2024\/02\/passionitort5-1536x1024.jpg 1536w, https:\/\/davinci.ee\/cafeteria\/wp-content\/uploads\/sites\/6\/2024\/02\/passionitort5-2048x1366.jpg 2048w, https:\/\/davinci.ee\/cafeteria\/wp-content\/uploads\/sites\/6\/2024\/02\/passionitort5-328x219.jpg 328w\" sizes=\"auto, (max-width: 2560px) 100vw, 2560px\" \/>                                                                                                <img loading=\"lazy\" decoding=\"async\" width=\"386\" height=\"386\" src=\"https:\/\/davinci.ee\/cafeteria\/wp-content\/uploads\/sites\/6\/2024\/05\/joogikaart-5.png\" class=\"items__layer layer\" alt=\"\" srcset=\"https:\/\/davinci.ee\/cafeteria\/wp-content\/uploads\/sites\/6\/2024\/05\/joogikaart-5.png 386w, https:\/\/davinci.ee\/cafeteria\/wp-content\/uploads\/sites\/6\/2024\/05\/joogikaart-5-300x300.png 300w, https:\/\/davinci.ee\/cafeteria\/wp-content\/uploads\/sites\/6\/2024\/05\/joogikaart-5-150x150.png 150w, https:\/\/davinci.ee\/cafeteria\/wp-content\/uploads\/sites\/6\/2024\/05\/joogikaart-5-230x230.png 230w, https:\/\/davinci.ee\/cafeteria\/wp-content\/uploads\/sites\/6\/2024\/05\/joogikaart-5-219x219.png 219w\" sizes=\"auto, (max-width: 386px) 100vw, 386px\" \/>                                                                                                <img loading=\"lazy\" decoding=\"async\" width=\"1174\" height=\"1072\" src=\"https:\/\/davinci.ee\/cafeteria\/wp-content\/uploads\/sites\/6\/2024\/04\/pagar-ja-kondiiter.png\" class=\"items__layer layer\" alt=\"\" srcset=\"https:\/\/davinci.ee\/cafeteria\/wp-content\/uploads\/sites\/6\/2024\/04\/pagar-ja-kondiiter.png 1174w, https:\/\/davinci.ee\/cafeteria\/wp-content\/uploads\/sites\/6\/2024\/04\/pagar-ja-kondiiter-300x274.png 300w, https:\/\/davinci.ee\/cafeteria\/wp-content\/uploads\/sites\/6\/2024\/04\/pagar-ja-kondiiter-1024x935.png 1024w, https:\/\/davinci.ee\/cafeteria\/wp-content\/uploads\/sites\/6\/2024\/04\/pagar-ja-kondiiter-768x701.png 768w, https:\/\/davinci.ee\/cafeteria\/wp-content\/uploads\/sites\/6\/2024\/04\/pagar-ja-kondiiter-240x219.png 240w\" sizes=\"auto, (max-width: 1174px) 100vw, 1174px\" \/>                                                                                                <img loading=\"lazy\" decoding=\"async\" width=\"480\" height=\"480\" src=\"https:\/\/davinci.ee\/cafeteria\/wp-content\/uploads\/sites\/6\/2024\/05\/menu-1.png\" class=\"items__layer layer\" alt=\"\" srcset=\"https:\/\/davinci.ee\/cafeteria\/wp-content\/uploads\/sites\/6\/2024\/05\/menu-1.png 480w, https:\/\/davinci.ee\/cafeteria\/wp-content\/uploads\/sites\/6\/2024\/05\/menu-1-300x300.png 300w, https:\/\/davinci.ee\/cafeteria\/wp-content\/uploads\/sites\/6\/2024\/05\/menu-1-150x150.png 150w, https:\/\/davinci.ee\/cafeteria\/wp-content\/uploads\/sites\/6\/2024\/05\/menu-1-230x230.png 230w, https:\/\/davinci.ee\/cafeteria\/wp-content\/uploads\/sites\/6\/2024\/05\/menu-1-219x219.png 219w\" sizes=\"auto, (max-width: 480px) 100vw, 480px\" \/>                                                            <\/div>\n                    <\/div>\n    <\/div>\n<\/div>\n","protected":false},"excerpt":{"rendered":"","protected":false},"author":2,"featured_media":0,"parent":0,"menu_order":0,"comment_status":"closed","ping_status":"closed","template":"","meta":{"_acf_changed":false,"footnotes":""},"class_list":["post-337","page","type-page","status-publish","hentry"],"acf":[],"yoast_head":"<!-- This site is optimized with the Yoast SEO plugin v27.3 - https:\/\/yoast.com\/product\/yoast-seo-wordpress\/ -->\n<title>KONDIITER\u00a0 - Da Vinci ristorante &amp; cafeteria Solaris Keskus<\/title>\n<meta name=\"robots\" content=\"index, follow, max-snippet:-1, max-image-preview:large, max-video-preview:-1\" \/>\n<link rel=\"canonical\" href=\"https:\/\/davinci.ee\/cafeteria\/pagar-kondiiter\/\" \/>\n<meta property=\"og:locale\" content=\"en_US\" \/>\n<meta property=\"og:type\" content=\"article\" \/>\n<meta property=\"og:title\" content=\"KONDIITER\u00a0 - Da Vinci ristorante &amp; cafeteria Solaris Keskus\" \/>\n<meta property=\"og:url\" content=\"https:\/\/davinci.ee\/cafeteria\/pagar-kondiiter\/\" \/>\n<meta property=\"og:site_name\" content=\"Da Vinci ristorante &amp; cafeteria Solaris Keskus\" \/>\n<meta property=\"article:modified_time\" content=\"2025-09-13T10:32:23+00:00\" \/>\n<meta name=\"twitter:card\" content=\"summary_large_image\" \/>\n<script type=\"application\/ld+json\" class=\"yoast-schema-graph\">{\"@context\":\"https:\\\/\\\/schema.org\",\"@graph\":[{\"@type\":\"WebPage\",\"@id\":\"https:\\\/\\\/davinci.ee\\\/cafeteria\\\/pagar-kondiiter\\\/\",\"url\":\"https:\\\/\\\/davinci.ee\\\/cafeteria\\\/pagar-kondiiter\\\/\",\"name\":\"KONDIITER\u00a0 - Da Vinci ristorante &amp; cafeteria Solaris Keskus\",\"isPartOf\":{\"@id\":\"https:\\\/\\\/davinci.ee\\\/cafeteria\\\/#website\"},\"datePublished\":\"2024-04-26T12:00:50+00:00\",\"dateModified\":\"2025-09-13T10:32:23+00:00\",\"breadcrumb\":{\"@id\":\"https:\\\/\\\/davinci.ee\\\/cafeteria\\\/pagar-kondiiter\\\/#breadcrumb\"},\"inLanguage\":\"en-US\",\"potentialAction\":[{\"@type\":\"ReadAction\",\"target\":[\"https:\\\/\\\/davinci.ee\\\/cafeteria\\\/pagar-kondiiter\\\/\"]}]},{\"@type\":\"BreadcrumbList\",\"@id\":\"https:\\\/\\\/davinci.ee\\\/cafeteria\\\/pagar-kondiiter\\\/#breadcrumb\",\"itemListElement\":[{\"@type\":\"ListItem\",\"position\":1,\"name\":\"Home\",\"item\":\"https:\\\/\\\/davinci.ee\\\/cafeteria\\\/\"},{\"@type\":\"ListItem\",\"position\":2,\"name\":\"KONDIITER\u00a0\"}]},{\"@type\":\"WebSite\",\"@id\":\"https:\\\/\\\/davinci.ee\\\/cafeteria\\\/#website\",\"url\":\"https:\\\/\\\/davinci.ee\\\/cafeteria\\\/\",\"name\":\"Da Vinci ristorante &amp; cafeteria Solaris Keskus\",\"description\":\"\",\"publisher\":{\"@id\":\"https:\\\/\\\/davinci.ee\\\/cafeteria\\\/#organization\"},\"potentialAction\":[{\"@type\":\"SearchAction\",\"target\":{\"@type\":\"EntryPoint\",\"urlTemplate\":\"https:\\\/\\\/davinci.ee\\\/cafeteria\\\/?s={search_term_string}\"},\"query-input\":{\"@type\":\"PropertyValueSpecification\",\"valueRequired\":true,\"valueName\":\"search_term_string\"}}],\"inLanguage\":\"en-US\"},{\"@type\":\"Organization\",\"@id\":\"https:\\\/\\\/davinci.ee\\\/cafeteria\\\/#organization\",\"name\":\"Da Vinci ristorante &amp; cafeteria Solaris Keskus\",\"url\":\"https:\\\/\\\/davinci.ee\\\/cafeteria\\\/\",\"logo\":{\"@type\":\"ImageObject\",\"inLanguage\":\"en-US\",\"@id\":\"https:\\\/\\\/davinci.ee\\\/cafeteria\\\/#\\\/schema\\\/logo\\\/image\\\/\",\"url\":\"https:\\\/\\\/davinci.ee\\\/cafeteria\\\/wp-content\\\/uploads\\\/sites\\\/6\\\/2024\\\/01\\\/logo-cafeteria.svg\",\"contentUrl\":\"https:\\\/\\\/davinci.ee\\\/cafeteria\\\/wp-content\\\/uploads\\\/sites\\\/6\\\/2024\\\/01\\\/logo-cafeteria.svg\",\"width\":96,\"height\":68,\"caption\":\"Da Vinci ristorante &amp; cafeteria Solaris Keskus\"},\"image\":{\"@id\":\"https:\\\/\\\/davinci.ee\\\/cafeteria\\\/#\\\/schema\\\/logo\\\/image\\\/\"}}]}<\/script>\n<!-- \/ Yoast SEO plugin. -->","yoast_head_json":{"title":"KONDIITER\u00a0 - Da Vinci ristorante &amp; cafeteria Solaris Keskus","robots":{"index":"index","follow":"follow","max-snippet":"max-snippet:-1","max-image-preview":"max-image-preview:large","max-video-preview":"max-video-preview:-1"},"canonical":"https:\/\/davinci.ee\/cafeteria\/pagar-kondiiter\/","og_locale":"en_US","og_type":"article","og_title":"KONDIITER\u00a0 - Da Vinci ristorante &amp; cafeteria Solaris Keskus","og_url":"https:\/\/davinci.ee\/cafeteria\/pagar-kondiiter\/","og_site_name":"Da Vinci ristorante &amp; cafeteria Solaris Keskus","article_modified_time":"2025-09-13T10:32:23+00:00","twitter_card":"summary_large_image","schema":{"@context":"https:\/\/schema.org","@graph":[{"@type":"WebPage","@id":"https:\/\/davinci.ee\/cafeteria\/pagar-kondiiter\/","url":"https:\/\/davinci.ee\/cafeteria\/pagar-kondiiter\/","name":"KONDIITER\u00a0 - Da Vinci ristorante &amp; cafeteria Solaris Keskus","isPartOf":{"@id":"https:\/\/davinci.ee\/cafeteria\/#website"},"datePublished":"2024-04-26T12:00:50+00:00","dateModified":"2025-09-13T10:32:23+00:00","breadcrumb":{"@id":"https:\/\/davinci.ee\/cafeteria\/pagar-kondiiter\/#breadcrumb"},"inLanguage":"en-US","potentialAction":[{"@type":"ReadAction","target":["https:\/\/davinci.ee\/cafeteria\/pagar-kondiiter\/"]}]},{"@type":"BreadcrumbList","@id":"https:\/\/davinci.ee\/cafeteria\/pagar-kondiiter\/#breadcrumb","itemListElement":[{"@type":"ListItem","position":1,"name":"Home","item":"https:\/\/davinci.ee\/cafeteria\/"},{"@type":"ListItem","position":2,"name":"KONDIITER\u00a0"}]},{"@type":"WebSite","@id":"https:\/\/davinci.ee\/cafeteria\/#website","url":"https:\/\/davinci.ee\/cafeteria\/","name":"Da Vinci ristorante &amp; cafeteria Solaris Keskus","description":"","publisher":{"@id":"https:\/\/davinci.ee\/cafeteria\/#organization"},"potentialAction":[{"@type":"SearchAction","target":{"@type":"EntryPoint","urlTemplate":"https:\/\/davinci.ee\/cafeteria\/?s={search_term_string}"},"query-input":{"@type":"PropertyValueSpecification","valueRequired":true,"valueName":"search_term_string"}}],"inLanguage":"en-US"},{"@type":"Organization","@id":"https:\/\/davinci.ee\/cafeteria\/#organization","name":"Da Vinci ristorante &amp; cafeteria Solaris Keskus","url":"https:\/\/davinci.ee\/cafeteria\/","logo":{"@type":"ImageObject","inLanguage":"en-US","@id":"https:\/\/davinci.ee\/cafeteria\/#\/schema\/logo\/image\/","url":"https:\/\/davinci.ee\/cafeteria\/wp-content\/uploads\/sites\/6\/2024\/01\/logo-cafeteria.svg","contentUrl":"https:\/\/davinci.ee\/cafeteria\/wp-content\/uploads\/sites\/6\/2024\/01\/logo-cafeteria.svg","width":96,"height":68,"caption":"Da Vinci ristorante &amp; cafeteria Solaris Keskus"},"image":{"@id":"https:\/\/davinci.ee\/cafeteria\/#\/schema\/logo\/image\/"}}]}},"_links":{"self":[{"href":"https:\/\/davinci.ee\/cafeteria\/wp-json\/wp\/v2\/pages\/337","targetHints":{"allow":["GET"]}}],"collection":[{"href":"https:\/\/davinci.ee\/cafeteria\/wp-json\/wp\/v2\/pages"}],"about":[{"href":"https:\/\/davinci.ee\/cafeteria\/wp-json\/wp\/v2\/types\/page"}],"author":[{"embeddable":true,"href":"https:\/\/davinci.ee\/cafeteria\/wp-json\/wp\/v2\/users\/2"}],"replies":[{"embeddable":true,"href":"https:\/\/davinci.ee\/cafeteria\/wp-json\/wp\/v2\/comments?post=337"}],"version-history":[{"count":21,"href":"https:\/\/davinci.ee\/cafeteria\/wp-json\/wp\/v2\/pages\/337\/revisions"}],"predecessor-version":[{"id":684,"href":"https:\/\/davinci.ee\/cafeteria\/wp-json\/wp\/v2\/pages\/337\/revisions\/684"}],"wp:attachment":[{"href":"https:\/\/davinci.ee\/cafeteria\/wp-json\/wp\/v2\/media?parent=337"}],"curies":[{"name":"wp","href":"https:\/\/api.w.org\/{rel}","templated":true}]}}